{"id":409637,"date":"2023-03-02T18:40:02","date_gmt":"2023-03-02T17:40:02","guid":{"rendered":"https:\/\/www.claret.cat\/llibre\/una-sortida-honorable-9788429780918\/"},"modified":"2024-01-31T19:52:49","modified_gmt":"2024-01-31T18:52:49","slug":"una-sortida-honorable-9788429780918","status":"publish","type":"product","link":"https:\/\/www.claret.cat\/es\/libro\/una-sortida-honorable-9788429780918\/","title":{"rendered":"UNA SORTIDA HONORABLE"},"content":{"rendered":"<p>Si la literatura t\u00e9 una vocaci\u00f3 universal, calia explicar com, en un tomb prodigi\u00f3s de la hist\u00f2ria, un pa\u00eds tan petit com el Vietnam va poder v\u00e8ncer dues de les primeres pot\u00e8ncies mundials.<br \/> La guerra d&#8217;Indoxina (1946-1954) \u00e9s una de les guerres modernes m\u00e9s llargues i terribles, amb tres milions de morts. I gaireb\u00e9 no se&#8217;n parla. Una sortida honorable ens submergeix de ple en l&#8217;envitricoll d&#8217;interessos que va conduir a la desfeta i ens descriu una inquietant com\u00e8dia humana.<br \/> De qu\u00e8 discutien els pol\u00edtics durant la guerra? Voleu saber com un secretari d&#8217;Estat nord-americ\u00e0 va proposar seriosament al ministre d&#8217;afers estrangers franc\u00e8s donar-li dues bombes at\u00f2miques per resoldre el conflicte, o com el Banc d&#8217;Indoxina va determinar en secret el curs de la guerra?<\/p>\n","protected":false},"excerpt":{"rendered":"<p>VUILLARD, \u00c9RIC<\/p>\n","protected":false},"featured_media":843239,"template":"","meta":{"_acf_changed":false,"om_disable_all_campaigns":false,"rs_blank_template":"","rs_page_bg_color":"","slide_template_v7":"","inline_featured_image":false,"_monsterinsights_skip_tracking":false,"_monsterinsights_sitenote_active":false,"_monsterinsights_sitenote_note":"","_monsterinsights_sitenote_category":0},"product_brand":[],"product_cat":[368,151],"product_tag":[],"class_list":{"0":"post-409637","1":"product","2":"type-product","3":"status-publish","4":"has-post-thumbnail","6":"product_cat-contemporanea","7":"product_cat-contemporania","9":"first","10":"instock","11":"taxable","12":"shipping-taxable","13":"purchasable","14":"product-type-simple"},"acf":{"autor":"VUILLARD, \u00c9RIC","codart":"842978091","libros-coleccion":"El Balanc\u00ed","ediciones":"1","encuadernacion":"R\u00fastica","fecha_de_publicacion":"01\/03\/2023","novedad":"1","paginas":"180","subtitulo":"","orden":"0","portada":"0","idioma":"cat","editorial":[{"ID":6210,"post_author":"3","post_date":"2022-07-28 17:47:13","post_date_gmt":"2022-07-28 15:47:13","post_content":"","post_title":"Edicions 62","post_excerpt":"","post_status":"publish","comment_status":"closed","ping_status":"closed","post_password":"","post_name":"edicions-62","to_ping":"","pinged":"","post_modified":"2022-07-28 17:47:13","post_modified_gmt":"2022-07-28 15:47:13","post_content_filtered":"","post_parent":0,"guid":"http:\/\/dev.claret.cat\/editorial\/edicions-62\/","menu_order":0,"post_type":"editorial","post_mime_type":"","comment_count":"0","filter":"raw"}],"autores-libros":[{"ID":155270,"post_author":"3","post_date":"2022-10-14 15:11:30","post_date_gmt":"2022-10-14 13:11:30","post_content":"","post_title":"\u00c9RIC VUILLARD","post_excerpt":"","post_status":"publish","comment_status":"closed","ping_status":"closed","post_password":"","post_name":"eric-vuillard","to_ping":"","pinged":"","post_modified":"2022-10-14 15:11:30","post_modified_gmt":"2022-10-14 13:11:30","post_content_filtered":"","post_parent":0,"guid":"http:\/\/dev.claret.cat\/autor\/eric-vuillard\/","menu_order":0,"post_type":"autor","post_mime_type":"","comment_count":"0","filter":"raw"}]},"aioseo_notices":[],"_links":{"self":[{"href":"https:\/\/www.claret.cat\/es\/wp-json\/wp\/v2\/product\/409637","targetHints":{"allow":["GET"]}}],"collection":[{"href":"https:\/\/www.claret.cat\/es\/wp-json\/wp\/v2\/product"}],"about":[{"href":"https:\/\/www.claret.cat\/es\/wp-json\/wp\/v2\/types\/product"}],"wp:featuredmedia":[{"embeddable":true,"href":"https:\/\/www.claret.cat\/es\/wp-json\/wp\/v2\/media\/843239"}],"wp:attachment":[{"href":"https:\/\/www.claret.cat\/es\/wp-json\/wp\/v2\/media?parent=409637"}],"wp:term":[{"taxonomy":"product_brand","embeddable":true,"href":"https:\/\/www.claret.cat\/es\/wp-json\/wp\/v2\/product_brand?post=409637"},{"taxonomy":"product_cat","embeddable":true,"href":"https:\/\/www.claret.cat\/es\/wp-json\/wp\/v2\/product_cat?post=409637"},{"taxonomy":"product_tag","embeddable":true,"href":"https:\/\/www.claret.cat\/es\/wp-json\/wp\/v2\/product_tag?post=409637"}],"curies":[{"name":"wp","href":"https:\/\/api.w.org\/{rel}","templated":true}]}}