{"id":409652,"date":"2023-03-02T18:45:01","date_gmt":"2023-03-02T17:45:01","guid":{"rendered":"https:\/\/www.claret.cat\/llibre\/el-meu-primer-barca-femeni-9788419430069\/"},"modified":"2024-04-23T17:25:46","modified_gmt":"2024-04-23T15:25:46","slug":"el-meu-primer-barca-femeni-9788419430069","status":"publish","type":"product","link":"https:\/\/www.claret.cat\/es\/libro\/el-meu-primer-barca-femeni-9788419430069\/","title":{"rendered":"EL MEU PRIMER BAR\u00c7A FEMEN\u00cd"},"content":{"rendered":"<p>Una obra per descobrir passat i present de l&#8217;equip de futbol femen\u00ed del Bar\u00e7a.<br \/> A trav\u00e9s dels ulls d&#8217;un nen i una nena repassarem els or\u00edgens, els valors i els \u00e8xits de l&#8217;equip de futbol femen\u00ed del FC Barcelona. Les talentoses jugadores, que es troben entre les millors del m\u00f3n, ens acompanyen en aquest cam\u00ed apassionant en el qual destaquen el treball conjunt, l&#8217;afany de millora, l&#8217;esfor\u00e7, la humilitat i el respecte. A m\u00e9s, tamb\u00e9 coneixerem altres dones rellevants de la hist\u00f2ria del club, com ara Edelmira Calvet\u00f3, la primera s\u00f2cia, i la Sagi, la primera directiva.<\/p>\n","protected":false},"excerpt":{"rendered":"<p>FERN\u00c1NDEZ SELVA, NOEM\u00cd \/ P\u00c9REZ, MONI<\/p>\n","protected":false},"featured_media":409653,"template":"","meta":{"_acf_changed":false,"om_disable_all_campaigns":false,"rs_blank_template":"","rs_page_bg_color":"","slide_template_v7":"","inline_featured_image":false,"_monsterinsights_skip_tracking":false,"_monsterinsights_sitenote_active":false,"_monsterinsights_sitenote_note":"","_monsterinsights_sitenote_category":0},"product_brand":[],"product_cat":[132,362],"product_tag":[],"class_list":{"0":"post-409652","1":"product","2":"type-product","3":"status-publish","4":"has-post-thumbnail","6":"product_cat-lectures-per-preadolescents-6-12-anys","7":"product_cat-libros-preadolescentes-6-12-anos","9":"first","10":"instock","11":"taxable","12":"shipping-taxable","13":"purchasable","14":"product-type-simple"},"acf":{"autor":"FERN\u00c1NDEZ SELVA, NOEM\u00cd \/ P\u00c9REZ, MONI","codart":"841943006","libros-coleccion":"FORA DE COL.LECCI\u00d3","ediciones":"1","encuadernacion":"Carton\u00e9","fecha_de_publicacion":"01\/03\/2023","novedad":"1","paginas":"36","subtitulo":"","orden":"0","portada":"0","idioma":"cat","editorial":[{"ID":147899,"post_author":"3","post_date":"2022-10-14 11:54:05","post_date_gmt":"2022-10-14 09:54:05","post_content":"","post_title":"Edicions62-Bar\u00e7a Books","post_excerpt":"","post_status":"publish","comment_status":"closed","ping_status":"closed","post_password":"","post_name":"edicions62-barca-books","to_ping":"","pinged":"","post_modified":"2022-10-14 11:54:05","post_modified_gmt":"2022-10-14 09:54:05","post_content_filtered":"","post_parent":0,"guid":"http:\/\/dev.claret.cat\/editorial\/edicions62-barca-books\/","menu_order":0,"post_type":"editorial","post_mime_type":"","comment_count":"0","filter":"raw"}],"autores-libros":[{"ID":165303,"post_author":"3","post_date":"2022-10-14 17:54:06","post_date_gmt":"2022-10-14 15:54:06","post_content":"","post_title":"MONI PEREZ","post_excerpt":"","post_status":"publish","comment_status":"closed","ping_status":"closed","post_password":"","post_name":"moni-perez","to_ping":"","pinged":"","post_modified":"2022-10-14 17:54:06","post_modified_gmt":"2022-10-14 15:54:06","post_content_filtered":"","post_parent":0,"guid":"http:\/\/dev.claret.cat\/autor\/moni-perez\/","menu_order":0,"post_type":"autor","post_mime_type":"","comment_count":"0","filter":"raw"},{"ID":165942,"post_author":"3","post_date":"2022-10-14 17:59:10","post_date_gmt":"2022-10-14 15:59:10","post_content":"","post_title":"NOEM\u00cd FERN\u00c1NDEZ SELVA","post_excerpt":"","post_status":"publish","comment_status":"closed","ping_status":"closed","post_password":"","post_name":"noemi-fernandez-selva","to_ping":"","pinged":"","post_modified":"2022-10-14 17:59:10","post_modified_gmt":"2022-10-14 15:59:10","post_content_filtered":"","post_parent":0,"guid":"http:\/\/dev.claret.cat\/autor\/noemi-fernandez-selva\/","menu_order":0,"post_type":"autor","post_mime_type":"","comment_count":"0","filter":"raw"}]},"aioseo_notices":[],"_links":{"self":[{"href":"https:\/\/www.claret.cat\/es\/wp-json\/wp\/v2\/product\/409652","targetHints":{"allow":["GET"]}}],"collection":[{"href":"https:\/\/www.claret.cat\/es\/wp-json\/wp\/v2\/product"}],"about":[{"href":"https:\/\/www.claret.cat\/es\/wp-json\/wp\/v2\/types\/product"}],"wp:featuredmedia":[{"embeddable":true,"href":"https:\/\/www.claret.cat\/es\/wp-json\/wp\/v2\/media\/409653"}],"wp:attachment":[{"href":"https:\/\/www.claret.cat\/es\/wp-json\/wp\/v2\/media?parent=409652"}],"wp:term":[{"taxonomy":"product_brand","embeddable":true,"href":"https:\/\/www.claret.cat\/es\/wp-json\/wp\/v2\/product_brand?post=409652"},{"taxonomy":"product_cat","embeddable":true,"href":"https:\/\/www.claret.cat\/es\/wp-json\/wp\/v2\/product_cat?post=409652"},{"taxonomy":"product_tag","embeddable":true,"href":"https:\/\/www.claret.cat\/es\/wp-json\/wp\/v2\/product_tag?post=409652"}],"curies":[{"name":"wp","href":"https:\/\/api.w.org\/{rel}","templated":true}]}}