{"id":409655,"date":"2023-03-02T18:45:12","date_gmt":"2023-03-02T17:45:12","guid":{"rendered":"https:\/\/www.claret.cat\/llibre\/immobiliaria-talp-s-a-9788413894836\/"},"modified":"2025-10-20T20:29:02","modified_gmt":"2025-10-20T18:29:02","slug":"immobiliaria-talp-s-a-9788413894836","status":"publish","type":"product","link":"https:\/\/www.claret.cat\/es\/libro\/immobiliaria-talp-s-a-9788413894836\/","title":{"rendered":"IMMOBILI\u00c0RIA TALP S. A."},"content":{"rendered":"<p>La tardor ha comen\u00e7at i el Blai Ratol\u00ed torna a casa d&#8217;un dels seus llargs viatges d&#8217;exploraci\u00f3. Ha arribat el moment de preparar-se per a l&#8217;arribada del fred i haur\u00e0 de trobar la manera d&#8217;estalviar algunes glans per sobreviure a l&#8217;hivern. Durant la recerca, ajudar\u00e0 els ve\u00efns a trobar el seu lloc al Gran Bosc i trobar\u00e0 una feina inesperada.<br \/> Acompanya el Blai en aquesta divertida hist\u00f2ria plena de detalls amagats i de personatges entranyables que et faran descobrir alguna cosa nova en cada lectura. Potser tu tamb\u00e9 trobar\u00e0s el teu lloc al bosc.<\/p>\n","protected":false},"excerpt":{"rendered":"<p>CAMBLOR, GEMMA \/ GILI, ESTHER<\/p>\n","protected":false},"featured_media":409656,"template":"","meta":{"_acf_changed":false,"om_disable_all_campaigns":false,"rs_blank_template":"","rs_page_bg_color":"","slide_template_v7":"","inline_featured_image":false,"_monsterinsights_skip_tracking":false,"_monsterinsights_sitenote_active":false,"_monsterinsights_sitenote_note":"","_monsterinsights_sitenote_category":0},"product_brand":[],"product_cat":[132,362],"product_tag":[],"class_list":{"0":"post-409655","1":"product","2":"type-product","3":"status-publish","4":"has-post-thumbnail","6":"product_cat-lectures-per-preadolescents-6-12-anys","7":"product_cat-libros-preadolescentes-6-12-anos","9":"first","10":"instock","11":"taxable","12":"shipping-taxable","13":"purchasable","14":"product-type-simple"},"acf":{"autor":"CAMBLOR, GEMMA \/ GILI, ESTHER","codart":"841389483","libros-coleccion":"Baobab","ediciones":"1","encuadernacion":"Carton\u00e9","fecha_de_publicacion":"01\/03\/2023","novedad":"1","paginas":"40","subtitulo":"","orden":"0","portada":"0","idioma":"cat","editorial":[{"ID":6249,"post_author":"3","post_date":"2022-07-28 17:48:09","post_date_gmt":"2022-07-28 15:48:09","post_content":"","post_title":"Estrella Polar","post_excerpt":"","post_status":"publish","comment_status":"closed","ping_status":"closed","post_password":"","post_name":"estrella-polar","to_ping":"","pinged":"","post_modified":"2022-07-28 17:48:09","post_modified_gmt":"2022-07-28 15:48:09","post_content_filtered":"","post_parent":0,"guid":"http:\/\/dev.claret.cat\/editorial\/estrella-polar\/","menu_order":0,"post_type":"editorial","post_mime_type":"","comment_count":"0","filter":"raw"}],"autores-libros":[{"ID":155436,"post_author":"3","post_date":"2022-10-14 15:12:49","post_date_gmt":"2022-10-14 13:12:49","post_content":"","post_title":"ESTHER GILI","post_excerpt":"","post_status":"publish","comment_status":"closed","ping_status":"closed","post_password":"","post_name":"esther-gili","to_ping":"","pinged":"","post_modified":"2022-10-14 15:12:49","post_modified_gmt":"2022-10-14 13:12:49","post_content_filtered":"","post_parent":0,"guid":"http:\/\/dev.claret.cat\/autor\/esther-gili\/","menu_order":0,"post_type":"autor","post_mime_type":"","comment_count":"0","filter":"raw"},{"ID":156664,"post_author":"3","post_date":"2022-10-14 15:22:36","post_date_gmt":"2022-10-14 13:22:36","post_content":"","post_title":"GEMMA CAMBLOR","post_excerpt":"","post_status":"publish","comment_status":"closed","ping_status":"closed","post_password":"","post_name":"gemma-camblor","to_ping":"","pinged":"","post_modified":"2022-10-14 15:22:36","post_modified_gmt":"2022-10-14 13:22:36","post_content_filtered":"","post_parent":0,"guid":"http:\/\/dev.claret.cat\/autor\/gemma-camblor\/","menu_order":0,"post_type":"autor","post_mime_type":"","comment_count":"0","filter":"raw"}],"booktrailer":"","resenas":""},"aioseo_notices":[],"_links":{"self":[{"href":"https:\/\/www.claret.cat\/es\/wp-json\/wp\/v2\/product\/409655","targetHints":{"allow":["GET"]}}],"collection":[{"href":"https:\/\/www.claret.cat\/es\/wp-json\/wp\/v2\/product"}],"about":[{"href":"https:\/\/www.claret.cat\/es\/wp-json\/wp\/v2\/types\/product"}],"wp:featuredmedia":[{"embeddable":true,"href":"https:\/\/www.claret.cat\/es\/wp-json\/wp\/v2\/media\/409656"}],"wp:attachment":[{"href":"https:\/\/www.claret.cat\/es\/wp-json\/wp\/v2\/media?parent=409655"}],"wp:term":[{"taxonomy":"product_brand","embeddable":true,"href":"https:\/\/www.claret.cat\/es\/wp-json\/wp\/v2\/product_brand?post=409655"},{"taxonomy":"product_cat","embeddable":true,"href":"https:\/\/www.claret.cat\/es\/wp-json\/wp\/v2\/product_cat?post=409655"},{"taxonomy":"product_tag","embeddable":true,"href":"https:\/\/www.claret.cat\/es\/wp-json\/wp\/v2\/product_tag?post=409655"}],"curies":[{"name":"wp","href":"https:\/\/api.w.org\/{rel}","templated":true}]}}