{"id":409720,"date":"2023-03-03T17:45:15","date_gmt":"2023-03-03T16:45:15","guid":{"rendered":"https:\/\/www.claret.cat\/llibre\/labadia-de-northanger-9788418908897\/"},"modified":"2025-11-28T18:15:24","modified_gmt":"2025-11-28T17:15:24","slug":"labadia-de-northanger-9788418908897","status":"publish","type":"product","link":"https:\/\/www.claret.cat\/es\/libro\/labadia-de-northanger-9788418908897\/","title":{"rendered":"L&#8217;ABADIA DE NORTHANGER"},"content":{"rendered":"<p>La novel\u00b7la m\u00e9s trapella de Jane Austen, que amb el seu humor fin\u00edssim critica l&#8217;efecte que tenia la literatura g\u00f2tica sobre les ments joves.<\/p>\n<p> La Catherine Morland \u00e9s una jove de disset anys que dedica totes les seves hores de lleure a la lectura de novel\u00b7la g\u00f2tica, i de fet s&#8217;imagina sempre protagonitzant aventures emocionants. Els senyors Allen, amics de la fam\u00edlia, la conviden a Bath, on coneixer\u00e0 a la Isabella Thorpe, una noia molt espavilada, potser massa. Juntes gaudiran de la vida social de la ciutat i assistiran a balls, una circumst\u00e0ncia que els permetr\u00e0 de con\u00e8ixer en Henry Tilney, un jove clergue molt interessant. <br \/> Despr\u00e9s d&#8221;uns quants dies sense veure en Henry Tinley, el jove finalment reapareix de bracet amb una dama jove i bonica, que resulta que \u00e9s la seva germana Eleonor, que es fa molt amiga de la Catherine. Com que els Tinley es veuen obligats a abandonar Bath, conviden la noia a visitar la finca del seu pare, Northanger Abbey. Sedu\u00efda per les novel\u00b7les g\u00f2tiques, ella se la imagina fosca, antiga i plena de misteris fant\u00e0stics, i s&#8217;hi encamina desitjosa de viure aventures dram\u00e0tiques, mentre al seu entorn tothom est\u00e0 capficat pensant que hauria d&#8217;aprofitar l&#8217;avinentesa per trobar un marit ric.<\/p>\n","protected":false},"excerpt":{"rendered":"<p>AUSTEN, JANE<\/p>\n","protected":false},"featured_media":409721,"template":"","meta":{"_acf_changed":false,"om_disable_all_campaigns":false,"rs_blank_template":"","rs_page_bg_color":"","slide_template_v7":"","inline_featured_image":false,"_monsterinsights_skip_tracking":false,"_monsterinsights_sitenote_active":false,"_monsterinsights_sitenote_note":"","_monsterinsights_sitenote_category":0},"product_brand":[],"product_cat":[354,123],"product_tag":[],"class_list":{"0":"post-409720","1":"product","2":"type-product","3":"status-publish","4":"has-post-thumbnail","6":"product_cat-clasica","7":"product_cat-classica","9":"first","10":"instock","11":"taxable","12":"shipping-taxable","13":"purchasable","14":"product-type-simple"},"acf":{"autor":"AUSTEN, JANE","codart":"841890889","libros-coleccion":"FORA DE COL.LECCI\u00d3","ediciones":"1","encuadernacion":"Carton\u00e9","fecha_de_publicacion":"01\/01\/2023","novedad":"1","paginas":"304","subtitulo":"","orden":"0","portada":"0","idioma":"cat","editorial":[{"ID":6392,"post_author":"3","post_date":"2022-07-28 17:51:10","post_date_gmt":"2022-07-28 15:51:10","post_content":"","post_title":"Viena","post_excerpt":"","post_status":"publish","comment_status":"closed","ping_status":"closed","post_password":"","post_name":"viena","to_ping":"","pinged":"","post_modified":"2022-07-28 17:51:10","post_modified_gmt":"2022-07-28 15:51:10","post_content_filtered":"","post_parent":0,"guid":"http:\/\/dev.claret.cat\/editorial\/viena\/","menu_order":0,"post_type":"editorial","post_mime_type":"","comment_count":"0","filter":"raw"}],"autores-libros":[{"ID":158486,"post_author":"3","post_date":"2022-10-14 15:37:14","post_date_gmt":"2022-10-14 13:37:14","post_content":"","post_title":"JANE AUSTEN","post_excerpt":"","post_status":"publish","comment_status":"closed","ping_status":"closed","post_password":"","post_name":"jane-austen","to_ping":"","pinged":"","post_modified":"2022-10-14 15:37:14","post_modified_gmt":"2022-10-14 13:37:14","post_content_filtered":"","post_parent":0,"guid":"http:\/\/dev.claret.cat\/autor\/jane-austen\/","menu_order":0,"post_type":"autor","post_mime_type":"","comment_count":"0","filter":"raw"}],"booktrailer":"","resenas":""},"aioseo_notices":[],"_links":{"self":[{"href":"https:\/\/www.claret.cat\/es\/wp-json\/wp\/v2\/product\/409720","targetHints":{"allow":["GET"]}}],"collection":[{"href":"https:\/\/www.claret.cat\/es\/wp-json\/wp\/v2\/product"}],"about":[{"href":"https:\/\/www.claret.cat\/es\/wp-json\/wp\/v2\/types\/product"}],"wp:featuredmedia":[{"embeddable":true,"href":"https:\/\/www.claret.cat\/es\/wp-json\/wp\/v2\/media\/409721"}],"wp:attachment":[{"href":"https:\/\/www.claret.cat\/es\/wp-json\/wp\/v2\/media?parent=409720"}],"wp:term":[{"taxonomy":"product_brand","embeddable":true,"href":"https:\/\/www.claret.cat\/es\/wp-json\/wp\/v2\/product_brand?post=409720"},{"taxonomy":"product_cat","embeddable":true,"href":"https:\/\/www.claret.cat\/es\/wp-json\/wp\/v2\/product_cat?post=409720"},{"taxonomy":"product_tag","embeddable":true,"href":"https:\/\/www.claret.cat\/es\/wp-json\/wp\/v2\/product_tag?post=409720"}],"curies":[{"name":"wp","href":"https:\/\/api.w.org\/{rel}","templated":true}]}}