{"id":40974,"date":"2022-10-02T19:33:35","date_gmt":"2022-10-02T17:33:35","guid":{"rendered":"http:\/\/dev.claret.cat\/producte\/autonomos\/"},"modified":"2023-10-06T10:14:22","modified_gmt":"2023-10-06T08:14:22","slug":"autonomos-9788418253133","status":"publish","type":"product","link":"https:\/\/www.claret.cat\/es\/libro\/autonomos-9788418253133\/","title":{"rendered":"AUT\u00d3NOMOS"},"content":{"rendered":"<p>\u00bfEs posible ser aut\u00f3nomo y pagar la hipoteca?<\/p>\n<p>\u00bfOdias los excels pero quieres tener proyectos propios?<\/p>\n<p>\u00bfEste libro desgrava?<\/p>\n<p>Tanto si eres aut\u00f3nomo como si est\u00e1 en tus planes, esta recopilaci\u00f3n de aprendizajes y vi\u00f1etas te inspirar\u00e1n para evitar que te metas las hostias que se ha metido su autor.<\/p>\n<p>&#8216;\u00c0lex Mart\u00ednez ha recopilado todas las miserias de la deplorable vida aut\u00f3noma y las ha transformado en un libro \u00fatil, divertido e inteligente.&#8217; Kike Garc\u00eda, <\/p>\n<p>El Mundo Today<\/p>\n","protected":false},"excerpt":{"rendered":"<p>MART\u00cdNEZ VIDAL, \u00c1LEX<\/p>\n","protected":false},"featured_media":57381,"template":"","meta":{"_acf_changed":false,"om_disable_all_campaigns":false,"rs_blank_template":"","rs_page_bg_color":"","slide_template_v7":"","inline_featured_image":false,"_monsterinsights_skip_tracking":false,"_monsterinsights_sitenote_active":false,"_monsterinsights_sitenote_note":"","_monsterinsights_sitenote_category":0},"product_brand":[],"product_cat":[563],"product_tag":[],"class_list":{"0":"post-40974","1":"product","2":"type-product","3":"status-publish","4":"has-post-thumbnail","6":"product_cat-humor-grafico","8":"first","9":"instock","10":"taxable","11":"shipping-taxable","12":"purchasable","13":"product-type-simple"},"acf":{"autor":"MART\u00cdNEZ VIDAL, \u00c1LEX","codart":"841825313","libros-coleccion":"Bridge","ediciones":"1","encuadernacion":"Carton\u00e9","fecha_de_publicacion":"01\/03\/2022","novedad":"1","paginas":"145","subtitulo":"GU\u00cdA ILUSTRADA PARA SER TU PROPIO ESCLAVO","orden":"0","portada":"0","idioma":"spa","editorial":[{"ID":147566,"post_author":"3","post_date":"2022-10-14 11:51:33","post_date_gmt":"2022-10-14 09:51:33","post_content":"","post_title":"Bridge","post_excerpt":"","post_status":"publish","comment_status":"closed","ping_status":"closed","post_password":"","post_name":"bridge","to_ping":"","pinged":"","post_modified":"2022-10-14 11:51:33","post_modified_gmt":"2022-10-14 09:51:33","post_content_filtered":"","post_parent":0,"guid":"http:\/\/dev.claret.cat\/editorial\/bridge\/","menu_order":0,"post_type":"editorial","post_mime_type":"","comment_count":"0","filter":"raw"}],"autores-libros":[{"ID":149651,"post_author":"3","post_date":"2022-10-14 14:26:36","post_date_gmt":"2022-10-14 12:26:36","post_content":"","post_title":"\u00c1LEX MART\u00cdNEZ VIDAL","post_excerpt":"","post_status":"publish","comment_status":"closed","ping_status":"closed","post_password":"","post_name":"alex-martinez-vidal","to_ping":"","pinged":"","post_modified":"2022-10-14 14:26:36","post_modified_gmt":"2022-10-14 12:26:36","post_content_filtered":"","post_parent":0,"guid":"http:\/\/dev.claret.cat\/autor\/alex-martinez-vidal\/","menu_order":0,"post_type":"autor","post_mime_type":"","comment_count":"0","filter":"raw"}]},"aioseo_notices":[],"_links":{"self":[{"href":"https:\/\/www.claret.cat\/es\/wp-json\/wp\/v2\/product\/40974","targetHints":{"allow":["GET"]}}],"collection":[{"href":"https:\/\/www.claret.cat\/es\/wp-json\/wp\/v2\/product"}],"about":[{"href":"https:\/\/www.claret.cat\/es\/wp-json\/wp\/v2\/types\/product"}],"wp:featuredmedia":[{"embeddable":true,"href":"https:\/\/www.claret.cat\/es\/wp-json\/wp\/v2\/media\/57381"}],"wp:attachment":[{"href":"https:\/\/www.claret.cat\/es\/wp-json\/wp\/v2\/media?parent=40974"}],"wp:term":[{"taxonomy":"product_brand","embeddable":true,"href":"https:\/\/www.claret.cat\/es\/wp-json\/wp\/v2\/product_brand?post=40974"},{"taxonomy":"product_cat","embeddable":true,"href":"https:\/\/www.claret.cat\/es\/wp-json\/wp\/v2\/product_cat?post=40974"},{"taxonomy":"product_tag","embeddable":true,"href":"https:\/\/www.claret.cat\/es\/wp-json\/wp\/v2\/product_tag?post=40974"}],"curies":[{"name":"wp","href":"https:\/\/api.w.org\/{rel}","templated":true}]}}