{"id":409818,"date":"2023-03-03T18:55:30","date_gmt":"2023-03-03T17:55:30","guid":{"rendered":"https:\/\/www.claret.cat\/llibre\/paisajes-literarios-9788419532633\/"},"modified":"2023-10-11T04:05:55","modified_gmt":"2023-10-11T02:05:55","slug":"paisajes-literarios-9788419532633","status":"publish","type":"product","link":"https:\/\/www.claret.cat\/es\/libro\/paisajes-literarios-9788419532633\/","title":{"rendered":"PAISAJES LITERARIOS"},"content":{"rendered":"<p>La mayor\u00eda de las historias que suceden en las novelas no podr\u00edan ocurrir en cualquier lugar. <br \/> En toda gran obra, el escenario y el paisaje est\u00e1n tan ligados al relato como cualquiera de sus protagonistas.<br \/> Paisajes literarios re\u00fane veinticinco obras maestras de la literatura juvenil y universal en un viaje inici\u00e1tico por los lugares en los que un d\u00eda vivieron o so\u00f1aron sus autores.<\/p>\n","protected":false},"excerpt":{"rendered":"<p>SOLSONA, N\u00daRIA<\/p>\n","protected":false},"featured_media":409819,"template":"","meta":{"_acf_changed":false,"om_disable_all_campaigns":false,"rs_blank_template":"","rs_page_bg_color":"","slide_template_v7":"","inline_featured_image":false,"_monsterinsights_skip_tracking":false,"_monsterinsights_sitenote_active":false,"_monsterinsights_sitenote_note":"","_monsterinsights_sitenote_category":0},"product_brand":[],"product_cat":[133,566,117,363],"product_tag":[],"class_list":{"0":"post-409818","1":"product","2":"type-product","3":"status-publish","4":"has-post-thumbnail","6":"product_cat-lectures-per-adolescents-12-18-anys","7":"product_cat-juvenil-3_infantil-juvenil-spa-spa","8":"product_cat-juvenil","9":"product_cat-lecturas-por-adolescentes-12-18-anos","11":"first","12":"instock","13":"taxable","14":"shipping-taxable","15":"purchasable","16":"product-type-simple"},"acf":{"autor":"SOLSONA, N\u00daRIA","codart":"841953263","libros-coleccion":"","ediciones":"1","encuadernacion":"Carton\u00e9","fecha_de_publicacion":"01\/03\/2023","novedad":"1","paginas":"64","subtitulo":"","orden":"0","portada":"0","idioma":"spa","editorial":[{"ID":148985,"post_author":"3","post_date":"2022-10-14 12:02:33","post_date_gmt":"2022-10-14 10:02:33","post_content":"","post_title":"Zahori de ideas","post_excerpt":"","post_status":"publish","comment_status":"closed","ping_status":"closed","post_password":"","post_name":"zahori-de-ideas","to_ping":"","pinged":"","post_modified":"2022-10-14 12:02:33","post_modified_gmt":"2022-10-14 10:02:33","post_content_filtered":"","post_parent":0,"guid":"http:\/\/dev.claret.cat\/editorial\/zahori-de-ideas\/","menu_order":0,"post_type":"editorial","post_mime_type":"","comment_count":"0","filter":"raw"}],"autores-libros":[{"ID":409808,"post_author":"3","post_date":"2023-03-03 18:50:10","post_date_gmt":"2023-03-03 17:50:10","post_content":"","post_title":"N\u00daRIA SOLSONA","post_excerpt":"","post_status":"publish","comment_status":"closed","ping_status":"closed","post_password":"","post_name":"nuria-solsona","to_ping":"","pinged":"","post_modified":"2023-03-03 18:50:10","post_modified_gmt":"2023-03-03 17:50:10","post_content_filtered":"","post_parent":0,"guid":"https:\/\/www.claret.cat\/autor\/nuria-solsona\/","menu_order":0,"post_type":"autor","post_mime_type":"","comment_count":"0","filter":"raw"}]},"aioseo_notices":[],"_links":{"self":[{"href":"https:\/\/www.claret.cat\/es\/wp-json\/wp\/v2\/product\/409818","targetHints":{"allow":["GET"]}}],"collection":[{"href":"https:\/\/www.claret.cat\/es\/wp-json\/wp\/v2\/product"}],"about":[{"href":"https:\/\/www.claret.cat\/es\/wp-json\/wp\/v2\/types\/product"}],"wp:featuredmedia":[{"embeddable":true,"href":"https:\/\/www.claret.cat\/es\/wp-json\/wp\/v2\/media\/409819"}],"wp:attachment":[{"href":"https:\/\/www.claret.cat\/es\/wp-json\/wp\/v2\/media?parent=409818"}],"wp:term":[{"taxonomy":"product_brand","embeddable":true,"href":"https:\/\/www.claret.cat\/es\/wp-json\/wp\/v2\/product_brand?post=409818"},{"taxonomy":"product_cat","embeddable":true,"href":"https:\/\/www.claret.cat\/es\/wp-json\/wp\/v2\/product_cat?post=409818"},{"taxonomy":"product_tag","embeddable":true,"href":"https:\/\/www.claret.cat\/es\/wp-json\/wp\/v2\/product_tag?post=409818"}],"curies":[{"name":"wp","href":"https:\/\/api.w.org\/{rel}","templated":true}]}}