{"id":409872,"date":"2023-03-04T11:35:01","date_gmt":"2023-03-04T10:35:01","guid":{"rendered":"https:\/\/www.claret.cat\/llibre\/la-bible-tob-9782853006798\/"},"modified":"2023-12-20T19:40:26","modified_gmt":"2023-12-20T18:40:26","slug":"la-bible-tob-9782853006798","status":"publish","type":"product","link":"https:\/\/www.claret.cat\/es\/libro\/la-bible-tob-9782853006798\/","title":{"rendered":"LA BIBLE TOB"},"content":{"rendered":"<p>B\/ TOB FRANC\u00c9S EDICI\u00d3N DE ESTUDIO CON LIBROS DEUTEROCAN\u00d3NICOS Y NOTAS INTEGRALES<br \/>Biblia con notas integrales. Traducci\u00f3n Ecum\u00e9nica. Contiene mapas. Contiene estuche. Canto en color blanco.Sociedad B\u00edblica francesa 2010.<\/p>\n","protected":false},"excerpt":{"rendered":"<p>SOCIEDAD BIBLICA<\/p>\n","protected":false},"featured_media":409873,"template":"","meta":{"_acf_changed":false,"om_disable_all_campaigns":false,"rs_blank_template":"","rs_page_bg_color":"","slide_template_v7":"","inline_featured_image":false,"_monsterinsights_skip_tracking":false,"_monsterinsights_sitenote_active":false,"_monsterinsights_sitenote_note":"","_monsterinsights_sitenote_category":0},"product_brand":[],"product_cat":[420,296],"product_tag":[],"class_list":{"0":"post-409872","1":"product","2":"type-product","3":"status-publish","4":"has-post-thumbnail","6":"product_cat-biblias","7":"product_cat-biblies","9":"first","10":"instock","11":"taxable","12":"shipping-taxable","13":"purchasable","14":"product-type-simple"},"acf":{"autor":"SOCIEDAD BIBLICA","codart":"285300679","libros-coleccion":"","ediciones":"1","encuadernacion":"R\u00fastica","fecha_de_publicacion":"04\/03\/2023","novedad":"1","paginas":"2792","subtitulo":"NOTES INT\u00c9GRALES , TRADUCTION ECUM\u00c9NIQUE","orden":"0","portada":"0","idioma":"fre","editorial":[{"ID":6366,"post_author":"3","post_date":"2022-07-28 17:50:39","post_date_gmt":"2022-07-28 15:50:39","post_content":"","post_title":"Sociedad B\u00edblica","post_excerpt":"","post_status":"publish","comment_status":"closed","ping_status":"closed","post_password":"","post_name":"sociedad-biblica","to_ping":"","pinged":"","post_modified":"2022-07-28 17:50:39","post_modified_gmt":"2022-07-28 15:50:39","post_content_filtered":"","post_parent":0,"guid":"http:\/\/dev.claret.cat\/editorial\/sociedad-biblica\/","menu_order":0,"post_type":"editorial","post_mime_type":"","comment_count":"0","filter":"raw"}],"autores-libros":[{"ID":6038,"post_author":"3","post_date":"2022-07-28 17:36:50","post_date_gmt":"2022-07-28 15:36:50","post_content":"","post_title":"SOCIEDAD B\u00cdBLICA","post_excerpt":"","post_status":"publish","comment_status":"closed","ping_status":"closed","post_password":"","post_name":"sociedad-biblica","to_ping":"","pinged":"","post_modified":"2022-07-28 17:36:50","post_modified_gmt":"2022-07-28 15:36:50","post_content_filtered":"","post_parent":0,"guid":"http:\/\/dev.claret.cat\/autor\/sociedad-biblica\/","menu_order":0,"post_type":"autor","post_mime_type":"","comment_count":"0","filter":"raw"}]},"aioseo_notices":[],"_links":{"self":[{"href":"https:\/\/www.claret.cat\/es\/wp-json\/wp\/v2\/product\/409872","targetHints":{"allow":["GET"]}}],"collection":[{"href":"https:\/\/www.claret.cat\/es\/wp-json\/wp\/v2\/product"}],"about":[{"href":"https:\/\/www.claret.cat\/es\/wp-json\/wp\/v2\/types\/product"}],"wp:featuredmedia":[{"embeddable":true,"href":"https:\/\/www.claret.cat\/es\/wp-json\/wp\/v2\/media\/409873"}],"wp:attachment":[{"href":"https:\/\/www.claret.cat\/es\/wp-json\/wp\/v2\/media?parent=409872"}],"wp:term":[{"taxonomy":"product_brand","embeddable":true,"href":"https:\/\/www.claret.cat\/es\/wp-json\/wp\/v2\/product_brand?post=409872"},{"taxonomy":"product_cat","embeddable":true,"href":"https:\/\/www.claret.cat\/es\/wp-json\/wp\/v2\/product_cat?post=409872"},{"taxonomy":"product_tag","embeddable":true,"href":"https:\/\/www.claret.cat\/es\/wp-json\/wp\/v2\/product_tag?post=409872"}],"curies":[{"name":"wp","href":"https:\/\/api.w.org\/{rel}","templated":true}]}}