{"id":409875,"date":"2023-03-04T11:45:03","date_gmt":"2023-03-04T10:45:03","guid":{"rendered":"https:\/\/www.claret.cat\/llibre\/bible-de-bolsillo-frances-9782853007894\/"},"modified":"2023-12-20T19:45:05","modified_gmt":"2023-12-20T18:45:05","slug":"bible-de-bolsillo-frances-9782853007894","status":"publish","type":"product","link":"https:\/\/www.claret.cat\/es\/libro\/bible-de-bolsillo-frances-9782853007894\/","title":{"rendered":"BIBLE DE BOLSILLO FRANCES"},"content":{"rendered":"<p>Edici\u00f3n en miniatura sin notas, introducci\u00f3n a cada libro. Nueva Biblia francesa actual sin deuterocan\u00f3nicos.<\/p>\n<p>\u00c9dition miniature sans notes, introduction \u00e0 chaque livre. Bible Nouvelle Fran\u00e7ais courant sans les deut\u00e9rocanoniques<\/p>\n","protected":false},"excerpt":{"rendered":"<p>SOCIEDAD BIBLICA<\/p>\n","protected":false},"featured_media":409876,"template":"","meta":{"_acf_changed":false,"om_disable_all_campaigns":false,"rs_blank_template":"","rs_page_bg_color":"","slide_template_v7":"","inline_featured_image":false,"_monsterinsights_skip_tracking":false,"_monsterinsights_sitenote_active":false,"_monsterinsights_sitenote_note":"","_monsterinsights_sitenote_category":0},"product_brand":[],"product_cat":[420,296],"product_tag":[],"class_list":{"0":"post-409875","1":"product","2":"type-product","3":"status-publish","4":"has-post-thumbnail","6":"product_cat-biblias","7":"product_cat-biblies","9":"first","10":"instock","11":"taxable","12":"shipping-taxable","13":"purchasable","14":"product-type-simple"},"acf":{"autor":"SOCIEDAD BIBLICA","codart":"285300789","libros-coleccion":"","ediciones":"1","encuadernacion":"R\u00fastica","fecha_de_publicacion":"04\/03\/2023","novedad":"1","paginas":"473","subtitulo":"","orden":"0","portada":"0","idioma":"fre","editorial":[{"ID":148835,"post_author":"3","post_date":"2022-10-14 12:01:21","post_date_gmt":"2022-10-14 10:01:21","post_content":"","post_title":"SOCIEDAD BIBLICA","post_excerpt":"","post_status":"publish","comment_status":"closed","ping_status":"closed","post_password":"","post_name":"sociedad-biblica-2","to_ping":"","pinged":"","post_modified":"2022-10-14 12:01:21","post_modified_gmt":"2022-10-14 10:01:21","post_content_filtered":"","post_parent":0,"guid":"http:\/\/dev.claret.cat\/editorial\/sociedad-biblica-2\/","menu_order":0,"post_type":"editorial","post_mime_type":"","comment_count":"0","filter":"raw"}],"autores-libros":[{"ID":6038,"post_author":"3","post_date":"2022-07-28 17:36:50","post_date_gmt":"2022-07-28 15:36:50","post_content":"","post_title":"SOCIEDAD B\u00cdBLICA","post_excerpt":"","post_status":"publish","comment_status":"closed","ping_status":"closed","post_password":"","post_name":"sociedad-biblica","to_ping":"","pinged":"","post_modified":"2022-07-28 17:36:50","post_modified_gmt":"2022-07-28 15:36:50","post_content_filtered":"","post_parent":0,"guid":"http:\/\/dev.claret.cat\/autor\/sociedad-biblica\/","menu_order":0,"post_type":"autor","post_mime_type":"","comment_count":"0","filter":"raw"}]},"aioseo_notices":[],"_links":{"self":[{"href":"https:\/\/www.claret.cat\/es\/wp-json\/wp\/v2\/product\/409875","targetHints":{"allow":["GET"]}}],"collection":[{"href":"https:\/\/www.claret.cat\/es\/wp-json\/wp\/v2\/product"}],"about":[{"href":"https:\/\/www.claret.cat\/es\/wp-json\/wp\/v2\/types\/product"}],"wp:featuredmedia":[{"embeddable":true,"href":"https:\/\/www.claret.cat\/es\/wp-json\/wp\/v2\/media\/409876"}],"wp:attachment":[{"href":"https:\/\/www.claret.cat\/es\/wp-json\/wp\/v2\/media?parent=409875"}],"wp:term":[{"taxonomy":"product_brand","embeddable":true,"href":"https:\/\/www.claret.cat\/es\/wp-json\/wp\/v2\/product_brand?post=409875"},{"taxonomy":"product_cat","embeddable":true,"href":"https:\/\/www.claret.cat\/es\/wp-json\/wp\/v2\/product_cat?post=409875"},{"taxonomy":"product_tag","embeddable":true,"href":"https:\/\/www.claret.cat\/es\/wp-json\/wp\/v2\/product_tag?post=409875"}],"curies":[{"name":"wp","href":"https:\/\/api.w.org\/{rel}","templated":true}]}}