{"id":409881,"date":"2023-03-04T12:05:02","date_gmt":"2023-03-04T11:05:02","guid":{"rendered":"https:\/\/www.claret.cat\/llibre\/bibel-gute-nachricht-fun-teens-9783438016492\/"},"modified":"2024-05-18T12:15:23","modified_gmt":"2024-05-18T10:15:23","slug":"bibel-gute-nachricht-fun-teens-9783438016492","status":"publish","type":"product","link":"https:\/\/www.claret.cat\/es\/libro\/bibel-gute-nachricht-fun-teens-9783438016492\/","title":{"rendered":"BIBEL GUTE NACHRICHT F\u00dcN TEENS"},"content":{"rendered":"<p>Esta es exactamente la Biblia adecuada para adolescentes: una cubierta atractiva, un texto b\u00edblico contempor\u00e1neo en el idioma actual y m\u00e1s de 30 p\u00e1ginas especiales modernas e informativas.<\/p>\n<p>La cubierta de dise\u00f1o moderno llama la atenci\u00f3n y te invita a agarrarla de forma espont\u00e1nea. Para j\u00f3venes de 12 a 20 a\u00f1os. El texto b\u00edblico, de la traducci\u00f3n contempor\u00e1nea y confiable de la Biblia de las Buenas Nuevas, es muy comprensible. <\/p>\n<p>Contiene 32 p\u00e1ginas especiales de informaci\u00f3n que brindan una gran cantidad de informaci\u00f3n y sugerencias para la vida personal con la Biblia:<\/p>\n<p>Consejos pr\u00e1cticos para leer la Biblia<br \/>Datos b\u00edblicos e informaci\u00f3n de fondo<br \/>Experiencias con la Biblia<br \/>Rompecabezas de la Biblia<br \/>\u00bfQu\u00e9 hago si no entiendo algo?<br \/>\u00bfD\u00f3nde dice realmente &#8230;? &#8211; pasajes de la Biblia que debes conocer<br \/>\u00bfQui\u00e9n me ayudar\u00e1 a ser cristiano en la vida diaria?<\/p>\n","protected":false},"excerpt":{"rendered":"<p>SOCIEDAD BIBLICA<\/p>\n","protected":false},"featured_media":409882,"template":"","meta":{"_acf_changed":false,"om_disable_all_campaigns":false,"rs_blank_template":"","rs_page_bg_color":"","slide_template_v7":"","inline_featured_image":false,"_monsterinsights_skip_tracking":false,"_monsterinsights_sitenote_active":false,"_monsterinsights_sitenote_note":"","_monsterinsights_sitenote_category":0},"product_brand":[],"product_cat":[420,296],"product_tag":[],"class_list":{"0":"post-409881","1":"product","2":"type-product","3":"status-publish","4":"has-post-thumbnail","6":"product_cat-biblias","7":"product_cat-biblies","9":"first","10":"instock","11":"taxable","12":"shipping-taxable","13":"purchasable","14":"product-type-simple"},"acf":{"autor":"SOCIEDAD BIBLICA","codart":"343801649","libros-coleccion":"","ediciones":"1","encuadernacion":"R\u00fastica","fecha_de_publicacion":"04\/03\/2023","novedad":"1","paginas":"440","subtitulo":"BIBLIA PARA ADOLESCENTES ALEM\u00c1N","orden":"0","portada":"0","idioma":"ger","editorial":[{"ID":148835,"post_author":"3","post_date":"2022-10-14 12:01:21","post_date_gmt":"2022-10-14 10:01:21","post_content":"","post_title":"SOCIEDAD BIBLICA","post_excerpt":"","post_status":"publish","comment_status":"closed","ping_status":"closed","post_password":"","post_name":"sociedad-biblica-2","to_ping":"","pinged":"","post_modified":"2022-10-14 12:01:21","post_modified_gmt":"2022-10-14 10:01:21","post_content_filtered":"","post_parent":0,"guid":"http:\/\/dev.claret.cat\/editorial\/sociedad-biblica-2\/","menu_order":0,"post_type":"editorial","post_mime_type":"","comment_count":"0","filter":"raw"}],"autores-libros":[{"ID":6038,"post_author":"3","post_date":"2022-07-28 17:36:50","post_date_gmt":"2022-07-28 15:36:50","post_content":"","post_title":"SOCIEDAD B\u00cdBLICA","post_excerpt":"","post_status":"publish","comment_status":"closed","ping_status":"closed","post_password":"","post_name":"sociedad-biblica","to_ping":"","pinged":"","post_modified":"2022-07-28 17:36:50","post_modified_gmt":"2022-07-28 15:36:50","post_content_filtered":"","post_parent":0,"guid":"http:\/\/dev.claret.cat\/autor\/sociedad-biblica\/","menu_order":0,"post_type":"autor","post_mime_type":"","comment_count":"0","filter":"raw"}]},"aioseo_notices":[],"_links":{"self":[{"href":"https:\/\/www.claret.cat\/es\/wp-json\/wp\/v2\/product\/409881","targetHints":{"allow":["GET"]}}],"collection":[{"href":"https:\/\/www.claret.cat\/es\/wp-json\/wp\/v2\/product"}],"about":[{"href":"https:\/\/www.claret.cat\/es\/wp-json\/wp\/v2\/types\/product"}],"wp:featuredmedia":[{"embeddable":true,"href":"https:\/\/www.claret.cat\/es\/wp-json\/wp\/v2\/media\/409882"}],"wp:attachment":[{"href":"https:\/\/www.claret.cat\/es\/wp-json\/wp\/v2\/media?parent=409881"}],"wp:term":[{"taxonomy":"product_brand","embeddable":true,"href":"https:\/\/www.claret.cat\/es\/wp-json\/wp\/v2\/product_brand?post=409881"},{"taxonomy":"product_cat","embeddable":true,"href":"https:\/\/www.claret.cat\/es\/wp-json\/wp\/v2\/product_cat?post=409881"},{"taxonomy":"product_tag","embeddable":true,"href":"https:\/\/www.claret.cat\/es\/wp-json\/wp\/v2\/product_tag?post=409881"}],"curies":[{"name":"wp","href":"https:\/\/api.w.org\/{rel}","templated":true}]}}