{"id":409884,"date":"2023-03-04T12:10:18","date_gmt":"2023-03-04T11:10:18","guid":{"rendered":"https:\/\/www.claret.cat\/llibre\/novo-testamento-portugues-dn240-rustica-9789729085857\/"},"modified":"2024-05-22T14:03:02","modified_gmt":"2024-05-22T12:03:02","slug":"novo-testamento-portugues-dn240-rustica-9789729085857","status":"publish","type":"product","link":"https:\/\/www.claret.cat\/es\/libro\/novo-testamento-portugues-dn240-rustica-9789729085857\/","title":{"rendered":"NOVO TESTAMENTO &#8211; PORTUGU\u00c9S &#8211; DN240 &#8211; R\u00daSTICA"},"content":{"rendered":"<p>Nuevo testamento portugu\u00e9s Almeida. Encuadernaci\u00f3n r\u00fastica, color azul.<\/p>\n","protected":false},"excerpt":{"rendered":"<p>SOCIEDAD BIBLICA<\/p>\n","protected":false},"featured_media":409885,"template":"","meta":{"_acf_changed":false,"om_disable_all_campaigns":false,"rs_blank_template":"","rs_page_bg_color":"","slide_template_v7":"","inline_featured_image":false,"_monsterinsights_skip_tracking":false,"_monsterinsights_sitenote_active":false,"_monsterinsights_sitenote_note":"","_monsterinsights_sitenote_category":0},"product_brand":[],"product_cat":[202,463],"product_tag":[],"class_list":{"0":"post-409884","1":"product","2":"type-product","3":"status-publish","4":"has-post-thumbnail","6":"product_cat-introduccio-n-t","7":"product_cat-introduccion-n-t","9":"first","10":"instock","11":"taxable","12":"shipping-taxable","13":"purchasable","14":"product-type-simple"},"acf":{"autor":"SOCIEDAD BIBLICA","codart":"972908585","libros-coleccion":"","ediciones":"1","encuadernacion":"R\u00fastica","fecha_de_publicacion":"04\/07\/2014","novedad":"0","paginas":"272","subtitulo":"","orden":"999","portada":"0","idioma":"por","editorial":[{"ID":6366,"post_author":"3","post_date":"2022-07-28 17:50:39","post_date_gmt":"2022-07-28 15:50:39","post_content":"","post_title":"Sociedad B\u00edblica","post_excerpt":"","post_status":"publish","comment_status":"closed","ping_status":"closed","post_password":"","post_name":"sociedad-biblica","to_ping":"","pinged":"","post_modified":"2022-07-28 17:50:39","post_modified_gmt":"2022-07-28 15:50:39","post_content_filtered":"","post_parent":0,"guid":"http:\/\/dev.claret.cat\/editorial\/sociedad-biblica\/","menu_order":0,"post_type":"editorial","post_mime_type":"","comment_count":"0","filter":"raw"}],"autores-libros":[{"ID":6038,"post_author":"3","post_date":"2022-07-28 17:36:50","post_date_gmt":"2022-07-28 15:36:50","post_content":"","post_title":"SOCIEDAD B\u00cdBLICA","post_excerpt":"","post_status":"publish","comment_status":"closed","ping_status":"closed","post_password":"","post_name":"sociedad-biblica","to_ping":"","pinged":"","post_modified":"2022-07-28 17:36:50","post_modified_gmt":"2022-07-28 15:36:50","post_content_filtered":"","post_parent":0,"guid":"http:\/\/dev.claret.cat\/autor\/sociedad-biblica\/","menu_order":0,"post_type":"autor","post_mime_type":"","comment_count":"0","filter":"raw"}]},"aioseo_notices":[],"_links":{"self":[{"href":"https:\/\/www.claret.cat\/es\/wp-json\/wp\/v2\/product\/409884","targetHints":{"allow":["GET"]}}],"collection":[{"href":"https:\/\/www.claret.cat\/es\/wp-json\/wp\/v2\/product"}],"about":[{"href":"https:\/\/www.claret.cat\/es\/wp-json\/wp\/v2\/types\/product"}],"wp:featuredmedia":[{"embeddable":true,"href":"https:\/\/www.claret.cat\/es\/wp-json\/wp\/v2\/media\/409885"}],"wp:attachment":[{"href":"https:\/\/www.claret.cat\/es\/wp-json\/wp\/v2\/media?parent=409884"}],"wp:term":[{"taxonomy":"product_brand","embeddable":true,"href":"https:\/\/www.claret.cat\/es\/wp-json\/wp\/v2\/product_brand?post=409884"},{"taxonomy":"product_cat","embeddable":true,"href":"https:\/\/www.claret.cat\/es\/wp-json\/wp\/v2\/product_cat?post=409884"},{"taxonomy":"product_tag","embeddable":true,"href":"https:\/\/www.claret.cat\/es\/wp-json\/wp\/v2\/product_tag?post=409884"}],"curies":[{"name":"wp","href":"https:\/\/api.w.org\/{rel}","templated":true}]}}