{"id":40992,"date":"2022-10-02T19:33:52","date_gmt":"2022-10-02T17:33:52","guid":{"rendered":"http:\/\/dev.claret.cat\/producte\/dracs-fades-i-gegants\/"},"modified":"2025-01-31T16:09:18","modified_gmt":"2025-01-31T15:09:18","slug":"dracs-fades-i-gegants-9788424670894","status":"publish","type":"product","link":"https:\/\/www.claret.cat\/es\/libro\/dracs-fades-i-gegants-9788424670894\/","title":{"rendered":"DRACS, FADES I GEGANTS"},"content":{"rendered":"<p>Descobreix totes les criatures fant\u00e0stiques del teu entorn!<\/p>\n<p>El paisatge d&#8221;aquest pa\u00eds -boscos, platges, rius i muntanyes- \u00e9s ple d&#8221;\u00e9ssers fant\u00e0stics amb qui els nostres avantpassats han conviscut durant segles. Tot i que prefereixen pasar desapercebuts i no cridar gaire l&#8221;atenci\u00f3, sovint els seus camins es creuen amb els nostres. Dracs, fades, gegants, follets de tota mena i monstres esgarrifosos viuen amagats pels voltants sense que la majoria de nosaltres ens n&#8221;adonem. Per\u00f2 si tens els ulls ben oberts i saps quatre coses sobre qu\u00e8 mengen, on dormen o quins rastres deixen al seu pas, segur que en podr\u00e0s sorprendre m\u00e9s d&#8221;un.<\/p>\n<p>Una guia de camp de la mitologia catalana per seguir el rastre de les criatures m\u00e0giques del nostre entorn.<\/p>\n","protected":false},"excerpt":{"rendered":"<p>CANOSA, ORIOL<\/p>\n","protected":false},"featured_media":454025,"template":"","meta":{"_acf_changed":false,"om_disable_all_campaigns":false,"rs_blank_template":"","rs_page_bg_color":"","slide_template_v7":"","inline_featured_image":false,"_monsterinsights_skip_tracking":false,"_monsterinsights_sitenote_active":false,"_monsterinsights_sitenote_note":"","_monsterinsights_sitenote_category":0},"product_brand":[],"product_cat":[132,362],"product_tag":[],"class_list":{"0":"post-40992","1":"product","2":"type-product","3":"status-publish","4":"has-post-thumbnail","6":"product_cat-lectures-per-preadolescents-6-12-anys","7":"product_cat-libros-preadolescentes-6-12-anos","9":"first","10":"instock","11":"taxable","12":"shipping-taxable","13":"purchasable","14":"product-type-simple"},"acf":{"autor":"CANOSA, ORIOL","codart":"842467089","libros-coleccion":"","ediciones":"1","encuadernacion":"Carton\u00e9","fecha_de_publicacion":"01\/03\/2022","novedad":"1","paginas":"124","subtitulo":"SEGUEIX EL RASTRE DE LES CRIATURES FANT\u00c0STIQUES DEL TEU ENTORN","orden":"0","portada":"0","idioma":"cat","editorial":[{"ID":148189,"post_author":"3","post_date":"2022-10-14 11:56:19","post_date_gmt":"2022-10-14 09:56:19","post_content":"","post_title":"GALERA, EDITORIAL","post_excerpt":"","post_status":"publish","comment_status":"closed","ping_status":"closed","post_password":"","post_name":"galera-editorial","to_ping":"","pinged":"","post_modified":"2022-10-14 11:56:19","post_modified_gmt":"2022-10-14 09:56:19","post_content_filtered":"","post_parent":0,"guid":"http:\/\/dev.claret.cat\/editorial\/galera-editorial\/","menu_order":0,"post_type":"editorial","post_mime_type":"","comment_count":"0","filter":"raw"}],"autores-libros":[{"ID":166241,"post_author":"3","post_date":"2022-10-14 18:01:34","post_date_gmt":"2022-10-14 16:01:34","post_content":"","post_title":"ORIOL CANOSA","post_excerpt":"","post_status":"publish","comment_status":"closed","ping_status":"closed","post_password":"","post_name":"oriol-canosa","to_ping":"","pinged":"","post_modified":"2022-10-14 18:01:34","post_modified_gmt":"2022-10-14 16:01:34","post_content_filtered":"","post_parent":0,"guid":"http:\/\/dev.claret.cat\/autor\/oriol-canosa\/","menu_order":0,"post_type":"autor","post_mime_type":"","comment_count":"0","filter":"raw"}]},"aioseo_notices":[],"_links":{"self":[{"href":"https:\/\/www.claret.cat\/es\/wp-json\/wp\/v2\/product\/40992","targetHints":{"allow":["GET"]}}],"collection":[{"href":"https:\/\/www.claret.cat\/es\/wp-json\/wp\/v2\/product"}],"about":[{"href":"https:\/\/www.claret.cat\/es\/wp-json\/wp\/v2\/types\/product"}],"wp:featuredmedia":[{"embeddable":true,"href":"https:\/\/www.claret.cat\/es\/wp-json\/wp\/v2\/media\/454025"}],"wp:attachment":[{"href":"https:\/\/www.claret.cat\/es\/wp-json\/wp\/v2\/media?parent=40992"}],"wp:term":[{"taxonomy":"product_brand","embeddable":true,"href":"https:\/\/www.claret.cat\/es\/wp-json\/wp\/v2\/product_brand?post=40992"},{"taxonomy":"product_cat","embeddable":true,"href":"https:\/\/www.claret.cat\/es\/wp-json\/wp\/v2\/product_cat?post=40992"},{"taxonomy":"product_tag","embeddable":true,"href":"https:\/\/www.claret.cat\/es\/wp-json\/wp\/v2\/product_tag?post=40992"}],"curies":[{"name":"wp","href":"https:\/\/api.w.org\/{rel}","templated":true}]}}