{"id":41025,"date":"2022-10-02T19:34:21","date_gmt":"2022-10-02T17:34:21","guid":{"rendered":"http:\/\/dev.claret.cat\/producte\/carta-a-julio-fragmentos-teologicos-sobre-la-santa-iglesia\/"},"modified":"2024-05-22T22:50:47","modified_gmt":"2024-05-22T20:50:47","slug":"carta-a-julio-fragmentos-teologicos-sobre-la-santa-iglesia-9788497155229","status":"publish","type":"product","link":"https:\/\/www.claret.cat\/es\/libro\/carta-a-julio-fragmentos-teologicos-sobre-la-santa-iglesia-9788497155229\/","title":{"rendered":"CARTA A JULIO. FRAGMENTOS TEOL\u00d3GICOS SOBRE LA SANTA IGLESIA"},"content":{"rendered":"<p>Marcelo de Ancira (m 374) es uno de los protagonistas de las grandes controversias teol\u00f3gicas del siglo IV. Su relevancia en la crisis arriana contrasta con la escasa atenci\u00f3n que suele recibir por parte de los manuales de teolog\u00eda. Pertenece a la generaci\u00f3n de obispos que vivieron en carne propia los vertiginosos cambios en las relaciones de la Iglesia y el Imperio: fueron testigos de las grandes persecuciones de Diocleciano y participaron en el concilio de Nicea, sostenido por Constantino. Este grave cambio de contexto cultural permiti\u00f3 \u2013y de alguna manera exigi\u00f3\u2013 que las tradiciones teol\u00f3gicas locales se confrontaran mutuamente en un escenario ahora universal, inaugurado por el primer concilio ecum\u00e9nico (325). <\/p>\n<p> El presente volumen re\u00fane todas las obras de Marcelo de Ancira que actualmente son reconocidas como aut\u00e9nticas por una buena parte de los estudiosos. La carta de Marcelo al papa Julio, sus fragmentos teol\u00f3gicos transmitidos por su gran adversario, Eusebio de Cesarea, y un largo fragmento de su tratado Sobre la santa Iglesia son editados en griego, traducidos al castellano y comentados por medio de abundantes notas. La introducci\u00f3n, adem\u00e1s de las cuestiones t\u00e9cnicas, contiene una visi\u00f3n general de la teolog\u00eda de Marcelo que puede resultar interesante no solo a los patr\u00f3logos, sino tambi\u00e9n a quienes cultivan la teolog\u00eda, en especial la escatolog\u00eda, la cristolog\u00eda y la teolog\u00eda trinitaria.<\/p>\n","protected":false},"excerpt":{"rendered":"<p>MARCELO DE ANCIRA<\/p>\n","protected":false},"featured_media":387819,"template":"","meta":{"_acf_changed":false,"om_disable_all_campaigns":false,"rs_blank_template":"","rs_page_bg_color":"","slide_template_v7":"","inline_featured_image":false,"_monsterinsights_skip_tracking":false,"_monsterinsights_sitenote_active":false,"_monsterinsights_sitenote_note":"","_monsterinsights_sitenote_category":0},"product_brand":[],"product_cat":[468,207],"product_tag":[],"class_list":{"0":"post-41025","1":"product","2":"type-product","3":"status-publish","4":"has-post-thumbnail","6":"product_cat-epistolas-catolicas","7":"product_cat-epistoles-catoliques","9":"first","10":"instock","11":"taxable","12":"shipping-taxable","13":"purchasable","14":"product-type-simple"},"acf":{"autor":"MARCELO DE ANCIRA","codart":"849715522","libros-coleccion":"Fuentes Patr\u00edsticas","ediciones":"1","encuadernacion":"Carton\u00e9","fecha_de_publicacion":"17\/03\/2022","novedad":"1","paginas":"306","subtitulo":"COL. FUIENTES PATR\u00cdSTICAS - 36","orden":"0","portada":"0","idioma":"spa","editorial":[{"ID":6157,"post_author":"3","post_date":"2022-07-28 17:46:07","post_date_gmt":"2022-07-28 15:46:07","post_content":"","post_title":"Ciudad Nueva","post_excerpt":"","post_status":"publish","comment_status":"closed","ping_status":"closed","post_password":"","post_name":"ciudad-nueva","to_ping":"","pinged":"","post_modified":"2022-07-28 17:46:07","post_modified_gmt":"2022-07-28 15:46:07","post_content_filtered":"","post_parent":0,"guid":"http:\/\/dev.claret.cat\/editorial\/ciudad-nueva\/","menu_order":0,"post_type":"editorial","post_mime_type":"","comment_count":"0","filter":"raw"}],"autores-libros":[{"ID":163381,"post_author":"3","post_date":"2022-10-14 17:38:34","post_date_gmt":"2022-10-14 15:38:34","post_content":"","post_title":"MARCELO DE ANCIRA","post_excerpt":"","post_status":"publish","comment_status":"closed","ping_status":"closed","post_password":"","post_name":"marcelo-de-ancira","to_ping":"","pinged":"","post_modified":"2022-10-14 17:38:34","post_modified_gmt":"2022-10-14 15:38:34","post_content_filtered":"","post_parent":0,"guid":"http:\/\/dev.claret.cat\/autor\/marcelo-de-ancira\/","menu_order":0,"post_type":"autor","post_mime_type":"","comment_count":"0","filter":"raw"}]},"aioseo_notices":[],"_links":{"self":[{"href":"https:\/\/www.claret.cat\/es\/wp-json\/wp\/v2\/product\/41025","targetHints":{"allow":["GET"]}}],"collection":[{"href":"https:\/\/www.claret.cat\/es\/wp-json\/wp\/v2\/product"}],"about":[{"href":"https:\/\/www.claret.cat\/es\/wp-json\/wp\/v2\/types\/product"}],"wp:featuredmedia":[{"embeddable":true,"href":"https:\/\/www.claret.cat\/es\/wp-json\/wp\/v2\/media\/387819"}],"wp:attachment":[{"href":"https:\/\/www.claret.cat\/es\/wp-json\/wp\/v2\/media?parent=41025"}],"wp:term":[{"taxonomy":"product_brand","embeddable":true,"href":"https:\/\/www.claret.cat\/es\/wp-json\/wp\/v2\/product_brand?post=41025"},{"taxonomy":"product_cat","embeddable":true,"href":"https:\/\/www.claret.cat\/es\/wp-json\/wp\/v2\/product_cat?post=41025"},{"taxonomy":"product_tag","embeddable":true,"href":"https:\/\/www.claret.cat\/es\/wp-json\/wp\/v2\/product_tag?post=41025"}],"curies":[{"name":"wp","href":"https:\/\/api.w.org\/{rel}","templated":true}]}}