{"id":41028,"date":"2022-10-02T19:34:24","date_gmt":"2022-10-02T17:34:24","guid":{"rendered":"http:\/\/dev.claret.cat\/producte\/iglesia-entre-la-gente\/"},"modified":"2026-02-26T11:16:45","modified_gmt":"2026-02-26T10:16:45","slug":"iglesia-entre-la-gente-9788497155243","status":"publish","type":"product","link":"https:\/\/www.claret.cat\/es\/libro\/iglesia-entre-la-gente-9788497155243\/","title":{"rendered":"IGLESIA ENTRE LA GENTE"},"content":{"rendered":"<p>Con la muerte y la resurrecci\u00f3n de Jesucristo, el templo no tiene fronteras, no est\u00e1 delimitado en el espacio \u00absagrado\u00bb. \u00a1Y nosotros estamos llamados a ser piedras vivas all\u00ed donde nos encontramos, en la vida cotidiana! \u00bfQu\u00e9 pasar\u00eda si adquiri\u00e9semos mayor conciencia de esto? \u00bfQu\u00e9 ocurrir\u00eda si tom\u00e1semos al pie de la letra la observaci\u00f3n de Jes\u00fas de que \u00ablos verdaderos adoradores adorar\u00e1n al Padre en esp\u00edritu y en verdad\u00bb (Jn 4, 23), no solo en uno u otro lugar, sino en la vida de cada d\u00eda?<br \/>En todos estos frentes se debate nuestro ser Pueblo de Dios en camino en la historia, \u00abpiedras vivas\u00bb del templo. \u00danicamente si lo somos podremos experimentar vivamente que la liturgia es instante de encuentro entre cielo y tierra y que los sacramentos nos insertan vivamente en el Cuerpo de Cristo. Con este fin ser\u00e1 de utilidad recordarnos que, al principio, durante m\u00e1s de trescientos a\u00f1os no hubo edificios sagrados y las comunidades cristianas crec\u00edan en las casas, en el trabajo, en la calle, y precisamente en ese momento el cristianismo se difund\u00eda imparablemente.<\/p>\n","protected":false},"excerpt":{"rendered":"<p>VARIOS AUTORES<\/p>\n","protected":false},"featured_media":1086539,"template":"","meta":{"_acf_changed":false,"om_disable_all_campaigns":false,"rs_blank_template":"","rs_page_bg_color":"","slide_template_v7":"","inline_featured_image":false,"_monsterinsights_skip_tracking":false,"_monsterinsights_sitenote_active":false,"_monsterinsights_sitenote_note":"","_monsterinsights_sitenote_category":0},"product_brand":[],"product_cat":[283,511,543,93],"product_tag":[],"class_list":{"0":"post-41028","1":"product","2":"type-product","3":"status-publish","4":"has-post-thumbnail","6":"product_cat-eclesiologia-teologia","7":"product_cat-eclesiologia-teologia-1_espiritualidad","8":"product_cat-eclesiologia-es","9":"product_cat-eclesiologia","11":"first","12":"instock","13":"taxable","14":"shipping-taxable","15":"purchasable","16":"product-type-simple"},"acf":{"autor":"VARIOS AUTORES","codart":"849715524","libros-coleccion":"FORA DE COL.LECCI\u00d3","ediciones":"1","encuadernacion":"R\u00fastica","fecha_de_publicacion":"17\/03\/2022","novedad":"1","paginas":"160","subtitulo":"","orden":"0","portada":"0","idioma":"spa","editorial":[{"ID":6157,"post_author":"3","post_date":"2022-07-28 17:46:07","post_date_gmt":"2022-07-28 15:46:07","post_content":"","post_title":"Ciudad Nueva","post_excerpt":"","post_status":"publish","comment_status":"closed","ping_status":"closed","post_password":"","post_name":"ciudad-nueva","to_ping":"","pinged":"","post_modified":"2022-07-28 17:46:07","post_modified_gmt":"2022-07-28 15:46:07","post_content_filtered":"","post_parent":0,"guid":"http:\/\/dev.claret.cat\/editorial\/ciudad-nueva\/","menu_order":0,"post_type":"editorial","post_mime_type":"","comment_count":"0","filter":"raw"}],"autores-libros":[{"ID":6072,"post_author":"3","post_date":"2022-07-28 17:37:32","post_date_gmt":"2022-07-28 15:37:32","post_content":"","post_title":"VARIOS AUTORES","post_excerpt":"","post_status":"publish","comment_status":"closed","ping_status":"closed","post_password":"","post_name":"varios-autores","to_ping":"","pinged":"","post_modified":"2022-07-28 17:37:32","post_modified_gmt":"2022-07-28 15:37:32","post_content_filtered":"","post_parent":0,"guid":"http:\/\/dev.claret.cat\/autor\/varios-autores\/","menu_order":0,"post_type":"autor","post_mime_type":"","comment_count":"0","filter":"raw"}],"booktrailer":"","resenas":""},"aioseo_notices":[],"_links":{"self":[{"href":"https:\/\/www.claret.cat\/es\/wp-json\/wp\/v2\/product\/41028","targetHints":{"allow":["GET"]}}],"collection":[{"href":"https:\/\/www.claret.cat\/es\/wp-json\/wp\/v2\/product"}],"about":[{"href":"https:\/\/www.claret.cat\/es\/wp-json\/wp\/v2\/types\/product"}],"wp:featuredmedia":[{"embeddable":true,"href":"https:\/\/www.claret.cat\/es\/wp-json\/wp\/v2\/media\/1086539"}],"wp:attachment":[{"href":"https:\/\/www.claret.cat\/es\/wp-json\/wp\/v2\/media?parent=41028"}],"wp:term":[{"taxonomy":"product_brand","embeddable":true,"href":"https:\/\/www.claret.cat\/es\/wp-json\/wp\/v2\/product_brand?post=41028"},{"taxonomy":"product_cat","embeddable":true,"href":"https:\/\/www.claret.cat\/es\/wp-json\/wp\/v2\/product_cat?post=41028"},{"taxonomy":"product_tag","embeddable":true,"href":"https:\/\/www.claret.cat\/es\/wp-json\/wp\/v2\/product_tag?post=41028"}],"curies":[{"name":"wp","href":"https:\/\/api.w.org\/{rel}","templated":true}]}}