{"id":41040,"date":"2022-10-02T19:34:35","date_gmt":"2022-10-02T17:34:35","guid":{"rendered":"http:\/\/dev.claret.cat\/producte\/ven-a-jugar-con-los-conejitos\/"},"modified":"2023-10-06T10:30:54","modified_gmt":"2023-10-06T08:30:54","slug":"ven-a-jugar-con-los-conejitos-9781801317863","status":"publish","type":"product","link":"https:\/\/www.claret.cat\/es\/libro\/ven-a-jugar-con-los-conejitos-9781801317863\/","title":{"rendered":"VEN A JUGAR CON LOS CONEJITOS"},"content":{"rendered":"<p>A los ni\u00f1os les encantar\u00e1 este libro para colorear que no necesita l\u00e1pices, ya que con solo pasar el pincel h\u00famedo sobre las ilustraciones en blanco y negro, las escenas de Pascua cobran color al instante, como por arte de magia. Conejitos, huevos de chocolate, flores primaverales y muchos m\u00e1s detalles t\u00edpicos de esta \u00e9poca del a\u00f1o.<\/p>\n","protected":false},"excerpt":{"rendered":"<p>WHEATLEY, ABIGAIL<\/p>\n","protected":false},"featured_media":57431,"template":"","meta":{"_acf_changed":false,"om_disable_all_campaigns":false,"rs_blank_template":"","rs_page_bg_color":"","slide_template_v7":"","inline_featured_image":false,"_monsterinsights_skip_tracking":false,"_monsterinsights_sitenote_active":false,"_monsterinsights_sitenote_note":"","_monsterinsights_sitenote_category":0},"product_brand":[],"product_cat":[361,365],"product_tag":[],"class_list":{"0":"post-41040","1":"product","2":"type-product","3":"status-publish","4":"has-post-thumbnail","6":"product_cat-cuentos-para-ninos-0-6-anos","7":"product_cat-entretenimientos","9":"first","10":"instock","11":"taxable","12":"shipping-taxable","13":"purchasable","14":"product-type-simple"},"acf":{"autor":"WHEATLEY, ABIGAIL","codart":"180131786","libros-coleccion":"FORA DE COL.LECCI\u00d3","ediciones":"1","encuadernacion":"R\u00fastica","fecha_de_publicacion":"01\/03\/2022","novedad":"1","paginas":"14","subtitulo":"","orden":"0","portada":"0","idioma":"spa","editorial":[{"ID":148939,"post_author":"3","post_date":"2022-10-14 12:02:11","post_date_gmt":"2022-10-14 10:02:11","post_content":"","post_title":"USBORNE","post_excerpt":"","post_status":"publish","comment_status":"closed","ping_status":"closed","post_password":"","post_name":"usborne","to_ping":"","pinged":"","post_modified":"2022-10-14 12:02:11","post_modified_gmt":"2022-10-14 10:02:11","post_content_filtered":"","post_parent":0,"guid":"http:\/\/dev.claret.cat\/editorial\/usborne\/","menu_order":0,"post_type":"editorial","post_mime_type":"","comment_count":"0","filter":"raw"}],"autores-libros":[{"ID":149078,"post_author":"3","post_date":"2022-10-14 14:21:58","post_date_gmt":"2022-10-14 12:21:58","post_content":"","post_title":"ABIGAIL WHEATLEY","post_excerpt":"","post_status":"publish","comment_status":"closed","ping_status":"closed","post_password":"","post_name":"abigail-wheatley","to_ping":"","pinged":"","post_modified":"2022-10-14 14:21:58","post_modified_gmt":"2022-10-14 12:21:58","post_content_filtered":"","post_parent":0,"guid":"http:\/\/dev.claret.cat\/autor\/abigail-wheatley\/","menu_order":0,"post_type":"autor","post_mime_type":"","comment_count":"0","filter":"raw"}]},"aioseo_notices":[],"_links":{"self":[{"href":"https:\/\/www.claret.cat\/es\/wp-json\/wp\/v2\/product\/41040","targetHints":{"allow":["GET"]}}],"collection":[{"href":"https:\/\/www.claret.cat\/es\/wp-json\/wp\/v2\/product"}],"about":[{"href":"https:\/\/www.claret.cat\/es\/wp-json\/wp\/v2\/types\/product"}],"wp:featuredmedia":[{"embeddable":true,"href":"https:\/\/www.claret.cat\/es\/wp-json\/wp\/v2\/media\/57431"}],"wp:attachment":[{"href":"https:\/\/www.claret.cat\/es\/wp-json\/wp\/v2\/media?parent=41040"}],"wp:term":[{"taxonomy":"product_brand","embeddable":true,"href":"https:\/\/www.claret.cat\/es\/wp-json\/wp\/v2\/product_brand?post=41040"},{"taxonomy":"product_cat","embeddable":true,"href":"https:\/\/www.claret.cat\/es\/wp-json\/wp\/v2\/product_cat?post=41040"},{"taxonomy":"product_tag","embeddable":true,"href":"https:\/\/www.claret.cat\/es\/wp-json\/wp\/v2\/product_tag?post=41040"}],"curies":[{"name":"wp","href":"https:\/\/api.w.org\/{rel}","templated":true}]}}