{"id":410405,"date":"2023-03-06T13:25:01","date_gmt":"2023-03-06T12:25:01","guid":{"rendered":"https:\/\/www.claret.cat\/llibre\/la-huella-del-infierno-9788418359279\/"},"modified":"2023-10-11T04:03:51","modified_gmt":"2023-10-11T02:03:51","slug":"la-huella-del-infierno-9788418359279","status":"publish","type":"product","link":"https:\/\/www.claret.cat\/es\/libro\/la-huella-del-infierno-9788418359279\/","title":{"rendered":"LA HUELLA DEL INFIERNO"},"content":{"rendered":"<p>Riqueza. Poder. Asesinatos. Magia. Una de las universidades m\u00e1s importantes del mundo se va a ir derecha al infierno en la continuaci\u00f3n de la novela superventas La Novena Casa, escrita por la autora n\u00famero uno del New York Times Leigh Bardugo.<\/p>\n<p> Encontrar un modo de llegar al infierno y, una vez all\u00ed, llevarse un alma. Un plan sencillo, si no fuera porque la gente que realiza este peculiar viaje rara vez consigue volver y porque nunca se sabe qu\u00e9 huella puede dejar en una persona haber estado en un lugar como ese. Pero Galaxy \u00abAlex\u00bb Stern est\u00e1 decidida a rescatar a Darlington, incluso si eso supone renunciar a su futuro en Yale.<\/p>\n<p> Como les han prohibido rescatarlo, Alex y Dawes no pueden pedir ayuda a la Novena Casa, as\u00ed que re\u00fanen a un equipo de dudosos aliados para la misi\u00f3n. Juntos deber\u00e1n recorrer un laberinto de textos arcanos y artefactos extra\u00f1os para desvelar los secretos mejor guardados del campus. Pero cuando varios profesores comienzan a morir, Alex sabe que no se trata de meros accidentes. Algo mortal merodea por New Haven, y si quiere sobrevivir a lo que quiera que sea, deber\u00e1 enfrentarse a los monstruos de su pasado y a la oscuridad oculta tras los muros de la universidad.<\/p>\n<p> Con una historia que atrapa y los giros de guion propios de Bardugo, La huella del infierno extiende ante nosotros un mundo lleno de magia, violencia y monstruos muy reales.<\/p>\n","protected":false},"excerpt":{"rendered":"<p>BARDUGO, LEIGH<\/p>\n","protected":false},"featured_media":410406,"template":"","meta":{"_acf_changed":false,"om_disable_all_campaigns":false,"rs_blank_template":"","rs_page_bg_color":"","slide_template_v7":"","inline_featured_image":false,"_monsterinsights_skip_tracking":false,"_monsterinsights_sitenote_active":false,"_monsterinsights_sitenote_note":"","_monsterinsights_sitenote_category":0},"product_brand":[],"product_cat":[127,357],"product_tag":[],"class_list":{"0":"post-410405","1":"product","2":"type-product","3":"status-publish","4":"has-post-thumbnail","6":"product_cat-novella-contemporania","7":"product_cat-novela-contemporanea","9":"first","10":"instock","11":"taxable","12":"shipping-taxable","13":"purchasable","14":"product-type-simple"},"acf":{"autor":"BARDUGO, LEIGH","codart":"841835927","libros-coleccion":"FORA DE COL.LECCI\u00d3","ediciones":"1","encuadernacion":"Carton\u00e9","fecha_de_publicacion":"01\/03\/2023","novedad":"1","paginas":"544","subtitulo":"","orden":"0","portada":"0","idioma":"spa","editorial":[{"ID":147988,"post_author":"3","post_date":"2022-10-14 11:54:46","post_date_gmt":"2022-10-14 09:54:46","post_content":"","post_title":"Editorial Hidra","post_excerpt":"","post_status":"publish","comment_status":"closed","ping_status":"closed","post_password":"","post_name":"editorial-hidra","to_ping":"","pinged":"","post_modified":"2022-10-14 11:54:46","post_modified_gmt":"2022-10-14 09:54:46","post_content_filtered":"","post_parent":0,"guid":"http:\/\/dev.claret.cat\/editorial\/editorial-hidra\/","menu_order":0,"post_type":"editorial","post_mime_type":"","comment_count":"0","filter":"raw"}],"autores-libros":[{"ID":162082,"post_author":"3","post_date":"2022-10-14 17:28:13","post_date_gmt":"2022-10-14 15:28:13","post_content":"","post_title":"LEIGH BARDUGO","post_excerpt":"","post_status":"publish","comment_status":"closed","ping_status":"closed","post_password":"","post_name":"leigh-bardugo","to_ping":"","pinged":"","post_modified":"2022-10-14 17:28:13","post_modified_gmt":"2022-10-14 15:28:13","post_content_filtered":"","post_parent":0,"guid":"http:\/\/dev.claret.cat\/autor\/leigh-bardugo\/","menu_order":0,"post_type":"autor","post_mime_type":"","comment_count":"0","filter":"raw"}]},"aioseo_notices":[],"_links":{"self":[{"href":"https:\/\/www.claret.cat\/es\/wp-json\/wp\/v2\/product\/410405","targetHints":{"allow":["GET"]}}],"collection":[{"href":"https:\/\/www.claret.cat\/es\/wp-json\/wp\/v2\/product"}],"about":[{"href":"https:\/\/www.claret.cat\/es\/wp-json\/wp\/v2\/types\/product"}],"wp:featuredmedia":[{"embeddable":true,"href":"https:\/\/www.claret.cat\/es\/wp-json\/wp\/v2\/media\/410406"}],"wp:attachment":[{"href":"https:\/\/www.claret.cat\/es\/wp-json\/wp\/v2\/media?parent=410405"}],"wp:term":[{"taxonomy":"product_brand","embeddable":true,"href":"https:\/\/www.claret.cat\/es\/wp-json\/wp\/v2\/product_brand?post=410405"},{"taxonomy":"product_cat","embeddable":true,"href":"https:\/\/www.claret.cat\/es\/wp-json\/wp\/v2\/product_cat?post=410405"},{"taxonomy":"product_tag","embeddable":true,"href":"https:\/\/www.claret.cat\/es\/wp-json\/wp\/v2\/product_tag?post=410405"}],"curies":[{"name":"wp","href":"https:\/\/api.w.org\/{rel}","templated":true}]}}