{"id":410452,"date":"2023-03-06T13:45:21","date_gmt":"2023-03-06T12:45:21","guid":{"rendered":"https:\/\/www.claret.cat\/llibre\/el-primer-home-9788419206732\/"},"modified":"2023-10-11T04:03:16","modified_gmt":"2023-10-11T02:03:16","slug":"el-primer-home-9788419206732","status":"publish","type":"product","link":"https:\/\/www.claret.cat\/es\/libro\/el-primer-home-9788419206732\/","title":{"rendered":"EL PRIMER HOME"},"content":{"rendered":"<p>\u00abEn resum, parlar\u00e9 dels que estimava\u00bb, va escriure Albert Camus en una nota sobre El primer home. Camus escriu la hist\u00f2ria de Jacques Cormery, un nen que va viure una vida molt semblant a la seva: una inf\u00e0ncia circumscrita per la pobresa, una \u00e0via autorit\u00e0ria i la mort del pare, per\u00f2 redimida per la bellesa austera d&#8221;Alg\u00e8ria i l&#8221;afecci\u00f3 del nen a la seva mare. Entendrem les arrels de la personalitat de Camus, la seva sensibilitat, la g\u00e8nesi del seu pensament i les raons del seu comprom\u00eds.<\/p>\n<p> Aquest escrit inacabat t\u00e9 un car\u00e0cter autobiogr\u00e0fic que, segurament, hauria desaparegut en la versi\u00f3 final de la novel\u00b7la, per\u00f2 \u00e9s precisament aquesta vessant la que avui li confereix valor i la fa \u00fanica. Publicat trenta-cinc anys despr\u00e9s del seu descobriment entre les restes de l&#8221;accident de cotxe que va matar Camus, El primer home \u00e9s la brillant consumaci\u00f3 de la vida i l&#8221;obra d&#8221;un dels intel\u00b7lectuals m\u00e9s importants del segle XX.<\/p>\n","protected":false},"excerpt":{"rendered":"<p>CAMUS, ALBERT<\/p>\n","protected":false},"featured_media":410453,"template":"","meta":{"_acf_changed":false,"om_disable_all_campaigns":false,"rs_blank_template":"","rs_page_bg_color":"","slide_template_v7":"","inline_featured_image":false,"_monsterinsights_skip_tracking":false,"_monsterinsights_sitenote_active":false,"_monsterinsights_sitenote_note":"","_monsterinsights_sitenote_category":0},"product_brand":[],"product_cat":[354,123],"product_tag":[],"class_list":{"0":"post-410452","1":"product","2":"type-product","3":"status-publish","4":"has-post-thumbnail","6":"product_cat-clasica","7":"product_cat-classica","9":"first","10":"instock","11":"taxable","12":"shipping-taxable","13":"purchasable","14":"product-type-simple"},"acf":{"autor":"CAMUS, ALBERT","codart":"841920673","libros-coleccion":"RAIGS GLOBULARS","ediciones":"1","encuadernacion":"R\u00fastica","fecha_de_publicacion":"01\/03\/2023","novedad":"1","paginas":"329","subtitulo":"","orden":"0","portada":"0","idioma":"cat","editorial":[{"ID":313852,"post_author":"3","post_date":"2022-12-28 11:25:32","post_date_gmt":"2022-12-28 10:25:32","post_content":"","post_title":"INDOMITA","post_excerpt":"","post_status":"publish","comment_status":"closed","ping_status":"closed","post_password":"","post_name":"indomita","to_ping":"","pinged":"","post_modified":"2022-12-28 11:25:32","post_modified_gmt":"2022-12-28 10:25:32","post_content_filtered":"","post_parent":0,"guid":"https:\/\/www.claret.cat\/editorial\/indomita\/","menu_order":0,"post_type":"editorial","post_mime_type":"","comment_count":"0","filter":"raw"}],"autores-libros":[{"ID":149405,"post_author":"3","post_date":"2022-10-14 14:24:35","post_date_gmt":"2022-10-14 12:24:35","post_content":"","post_title":"ALBERT CAMUS","post_excerpt":"","post_status":"publish","comment_status":"closed","ping_status":"closed","post_password":"","post_name":"albert-camus","to_ping":"","pinged":"","post_modified":"2022-10-14 14:24:35","post_modified_gmt":"2022-10-14 12:24:35","post_content_filtered":"","post_parent":0,"guid":"http:\/\/dev.claret.cat\/autor\/albert-camus\/","menu_order":0,"post_type":"autor","post_mime_type":"","comment_count":"0","filter":"raw"}]},"aioseo_notices":[],"_links":{"self":[{"href":"https:\/\/www.claret.cat\/es\/wp-json\/wp\/v2\/product\/410452","targetHints":{"allow":["GET"]}}],"collection":[{"href":"https:\/\/www.claret.cat\/es\/wp-json\/wp\/v2\/product"}],"about":[{"href":"https:\/\/www.claret.cat\/es\/wp-json\/wp\/v2\/types\/product"}],"wp:featuredmedia":[{"embeddable":true,"href":"https:\/\/www.claret.cat\/es\/wp-json\/wp\/v2\/media\/410453"}],"wp:attachment":[{"href":"https:\/\/www.claret.cat\/es\/wp-json\/wp\/v2\/media?parent=410452"}],"wp:term":[{"taxonomy":"product_brand","embeddable":true,"href":"https:\/\/www.claret.cat\/es\/wp-json\/wp\/v2\/product_brand?post=410452"},{"taxonomy":"product_cat","embeddable":true,"href":"https:\/\/www.claret.cat\/es\/wp-json\/wp\/v2\/product_cat?post=410452"},{"taxonomy":"product_tag","embeddable":true,"href":"https:\/\/www.claret.cat\/es\/wp-json\/wp\/v2\/product_tag?post=410452"}],"curies":[{"name":"wp","href":"https:\/\/api.w.org\/{rel}","templated":true}]}}