{"id":410557,"date":"2023-03-06T18:12:03","date_gmt":"2023-03-06T17:12:03","guid":{"rendered":"https:\/\/www.claret.cat\/llibre\/escribir-contra-los-hombres-cartas-de-h-p-lovecraft-vol-i-9788419550026\/"},"modified":"2024-12-11T18:06:17","modified_gmt":"2024-12-11T17:06:17","slug":"escribir-contra-los-hombres-cartas-de-h-p-lovecraft-vol-i-9788419550026","status":"publish","type":"product","link":"https:\/\/www.claret.cat\/es\/libro\/escribir-contra-los-hombres-cartas-de-h-p-lovecraft-vol-i-9788419550026\/","title":{"rendered":"ESCRIBIR CONTRA LOS HOMBRES. CARTAS DE H. P. LOVECRAFT, VOL. I."},"content":{"rendered":"<p>Lyon Sprague de Camp, el primer bi\u00f3grafo de Lovecraft, calcul\u00f3 que este debi\u00f3 escribir unas cien mil cartas: desde postales hasta ep\u00edstolas de m\u00e1s de cuarenta p\u00e1ginas. Seg\u00fan estas cifras, su correspondencia supondr\u00eda el 99% de su producci\u00f3n literaria. No es casualidad que el documento que se encontr\u00f3 a medio escribir sobre su escritorio, cuando muri\u00f3, fuera una carta.<br \/> El mundo entero de Lovecraft vive en sus cartas. Su biograf\u00eda, su tiempo, su entorno, sus ideas sobre la literatura y sobre el mundo, su pensamiento, sus miedos y los sue\u00f1os que sustentaron sus principales obras literarias. Son \u00abel reverso de sus relatos\u00bb y, a la vez, los cimientos sobre los que est\u00e1n construidos; y tambi\u00e9n una cr\u00f3nica monumental de su \u00e9poca y una de las autobiograf\u00edas m\u00e1s extensas nunca escritas.<br \/> La publicaci\u00f3n de esta primera edici\u00f3n en espa\u00f1ol de las cartas de H. P. Lovecraft es un acontecimiento editorial. No solo da acceso a un legado nunca traducido a nuestro idioma, sino tambi\u00e9n a parte del material que a\u00fan permanec\u00eda in\u00e9dito. Con edici\u00f3n de Javier Calvo, a partir de un corpus de m\u00e1s de doce mil p\u00e1ginas, este primer volumen, Escribir contra los hombres, se centra en la carrera literaria de Lovecraft: sus proyectos, metas, \u00e9xitos y fracasos; la relaci\u00f3n con su c\u00edrculo literario; y el nacimiento de su trascendental mitolog\u00eda.<\/p>\n","protected":false},"excerpt":{"rendered":"<p>LOVECRAFT, H. P.<\/p>\n","protected":false},"featured_media":995705,"template":"","meta":{"_acf_changed":false,"om_disable_all_campaigns":false,"rs_blank_template":"","rs_page_bg_color":"","slide_template_v7":"","inline_featured_image":false,"_monsterinsights_skip_tracking":false,"_monsterinsights_sitenote_active":false,"_monsterinsights_sitenote_note":"","_monsterinsights_sitenote_category":0},"product_brand":[],"product_cat":[90,354,123,540],"product_tag":[],"class_list":{"0":"post-410557","1":"product","2":"type-product","3":"status-publish","4":"has-post-thumbnail","6":"product_cat-altres","7":"product_cat-clasica","8":"product_cat-classica","9":"product_cat-otros","11":"first","12":"instock","13":"taxable","14":"shipping-taxable","15":"purchasable","16":"product-type-simple"},"acf":{"autor":"LOVECRAFT, H. P.","codart":"841955002","libros-coleccion":"CENTELLAS","ediciones":"1","encuadernacion":"Carton\u00e9","fecha_de_publicacion":"01\/02\/2023","novedad":"1","paginas":"537","subtitulo":"","orden":"0","portada":"0","idioma":"spa","editorial":[{"ID":147463,"post_author":"3","post_date":"2022-10-14 11:50:46","post_date_gmt":"2022-10-14 09:50:46","post_content":"","post_title":"Aristas Mart\u00ednez Ediciones","post_excerpt":"","post_status":"publish","comment_status":"closed","ping_status":"closed","post_password":"","post_name":"aristas-martinez-ediciones","to_ping":"","pinged":"","post_modified":"2022-10-14 11:50:46","post_modified_gmt":"2022-10-14 09:50:46","post_content_filtered":"","post_parent":0,"guid":"http:\/\/dev.claret.cat\/editorial\/aristas-martinez-ediciones\/","menu_order":0,"post_type":"editorial","post_mime_type":"","comment_count":"0","filter":"raw"}],"autores-libros":[{"ID":157297,"post_author":"3","post_date":"2022-10-14 15:27:42","post_date_gmt":"2022-10-14 13:27:42","post_content":"","post_title":"H. P. LOVECRAFT","post_excerpt":"","post_status":"publish","comment_status":"closed","ping_status":"closed","post_password":"","post_name":"h-p-lovecraft","to_ping":"","pinged":"","post_modified":"2022-10-14 15:27:42","post_modified_gmt":"2022-10-14 13:27:42","post_content_filtered":"","post_parent":0,"guid":"http:\/\/dev.claret.cat\/autor\/h-p-lovecraft\/","menu_order":0,"post_type":"autor","post_mime_type":"","comment_count":"0","filter":"raw"}]},"aioseo_notices":[],"_links":{"self":[{"href":"https:\/\/www.claret.cat\/es\/wp-json\/wp\/v2\/product\/410557","targetHints":{"allow":["GET"]}}],"collection":[{"href":"https:\/\/www.claret.cat\/es\/wp-json\/wp\/v2\/product"}],"about":[{"href":"https:\/\/www.claret.cat\/es\/wp-json\/wp\/v2\/types\/product"}],"wp:featuredmedia":[{"embeddable":true,"href":"https:\/\/www.claret.cat\/es\/wp-json\/wp\/v2\/media\/995705"}],"wp:attachment":[{"href":"https:\/\/www.claret.cat\/es\/wp-json\/wp\/v2\/media?parent=410557"}],"wp:term":[{"taxonomy":"product_brand","embeddable":true,"href":"https:\/\/www.claret.cat\/es\/wp-json\/wp\/v2\/product_brand?post=410557"},{"taxonomy":"product_cat","embeddable":true,"href":"https:\/\/www.claret.cat\/es\/wp-json\/wp\/v2\/product_cat?post=410557"},{"taxonomy":"product_tag","embeddable":true,"href":"https:\/\/www.claret.cat\/es\/wp-json\/wp\/v2\/product_tag?post=410557"}],"curies":[{"name":"wp","href":"https:\/\/api.w.org\/{rel}","templated":true}]}}