{"id":410594,"date":"2023-03-06T18:50:02","date_gmt":"2023-03-06T17:50:02","guid":{"rendered":"https:\/\/www.claret.cat\/llibre\/que-es-la-naturalaeza-9788432163661\/"},"modified":"2024-05-24T04:13:28","modified_gmt":"2024-05-24T02:13:28","slug":"que-es-la-naturalaeza-9788432163661","status":"publish","type":"product","link":"https:\/\/www.claret.cat\/es\/libro\/que-es-la-naturalaeza-9788432163661\/","title":{"rendered":"\u00bfQU\u00c9 ES LA NATURALAEZA?"},"content":{"rendered":"<p>Ante la emergencia ambiental, la \u00e2\u00f4naturaleza\u00e2\u00f6 est\u00e1 de moda y, convertida ya en eslogan, corre el riesgo de convertirse en un artificio m\u00e1s. Por tanto, es necesario repensar radicalmente el conceptode naturaleza, confrontando la inteligencia de los Antiguos, en particular la de Arist\u00f3teles, con los desaf\u00edos posmodernos. \u00bfEs el hombre, ante la pluralidad de sus culturas, un ser natural? \u00bfC\u00f3mo searticulan naturaleza y libertad, o naturaleza y tecnolog\u00eda? \u00bfPor qu\u00e9 la colorida multitud de los seres humanos nos recuerda nuestra vocaci\u00f3n de constructores de arcas?Este breve ensayo analiza el biocentrismo rom\u00e1ntico y el antropocentrismo desviado, y proporciona los elementos de una ecolog\u00eda verdaderamente integral.<\/p>\n","protected":false},"excerpt":{"rendered":"<p>PUTALLAZ, FRAN\u00c7OIS-XAVIER ; HADJADJ, FABRICE<\/p>\n","protected":false},"featured_media":410595,"template":"","meta":{"_acf_changed":false,"om_disable_all_campaigns":false,"rs_blank_template":"","rs_page_bg_color":"","slide_template_v7":"","inline_featured_image":false,"_monsterinsights_skip_tracking":false,"_monsterinsights_sitenote_active":false,"_monsterinsights_sitenote_note":"","_monsterinsights_sitenote_category":0},"product_brand":[],"product_cat":[165,438],"product_tag":[],"class_list":{"0":"post-410594","1":"product","2":"type-product","3":"status-publish","4":"has-post-thumbnail","6":"product_cat-historia-i-corrents-filosofia-2_humanitats","7":"product_cat-historia-y-corrientes-filosofia-2_humanidades","9":"first","10":"instock","11":"taxable","12":"shipping-taxable","13":"purchasable","14":"product-type-simple"},"acf":{"autor":"PUTALLAZ, FRAN\u00c7OIS-XAVIER ; HADJADJ, FABRICE","codart":"843216366","libros-coleccion":"Pensamiento Actual","ediciones":"1","encuadernacion":"R\u00fastica","fecha_de_publicacion":"06\/03\/2023","novedad":"1","paginas":"126","subtitulo":"","orden":"0","portada":"0","idioma":"spa","editorial":[{"ID":6348,"post_author":"3","post_date":"2022-07-28 17:50:16","post_date_gmt":"2022-07-28 15:50:16","post_content":"","post_title":"Rialp","post_excerpt":"","post_status":"publish","comment_status":"closed","ping_status":"closed","post_password":"","post_name":"rialp","to_ping":"","pinged":"","post_modified":"2022-07-28 17:50:16","post_modified_gmt":"2022-07-28 15:50:16","post_content_filtered":"","post_parent":0,"guid":"http:\/\/dev.claret.cat\/editorial\/rialp\/","menu_order":0,"post_type":"editorial","post_mime_type":"","comment_count":"0","filter":"raw"}],"autores-libros":[{"ID":410592,"post_author":"3","post_date":"2023-03-06 18:45:10","post_date_gmt":"2023-03-06 17:45:10","post_content":"","post_title":"FRANCOIS-XAVIER PUTALLAZ","post_excerpt":"","post_status":"publish","comment_status":"closed","ping_status":"closed","post_password":"","post_name":"francois-xavier-putallaz","to_ping":"","pinged":"","post_modified":"2023-03-06 18:45:10","post_modified_gmt":"2023-03-06 17:45:10","post_content_filtered":"","post_parent":0,"guid":"https:\/\/www.claret.cat\/autor\/francois-xavier-putallaz\/","menu_order":0,"post_type":"autor","post_mime_type":"","comment_count":"0","filter":"raw"},{"ID":155615,"post_author":"3","post_date":"2022-10-14 15:14:15","post_date_gmt":"2022-10-14 13:14:15","post_content":"","post_title":"FABRICE HADJADJ","post_excerpt":"","post_status":"publish","comment_status":"closed","ping_status":"closed","post_password":"","post_name":"fabrice-hadjadj","to_ping":"","pinged":"","post_modified":"2022-10-14 15:14:15","post_modified_gmt":"2022-10-14 13:14:15","post_content_filtered":"","post_parent":0,"guid":"http:\/\/dev.claret.cat\/autor\/fabrice-hadjadj\/","menu_order":0,"post_type":"autor","post_mime_type":"","comment_count":"0","filter":"raw"}]},"aioseo_notices":[],"_links":{"self":[{"href":"https:\/\/www.claret.cat\/es\/wp-json\/wp\/v2\/product\/410594","targetHints":{"allow":["GET"]}}],"collection":[{"href":"https:\/\/www.claret.cat\/es\/wp-json\/wp\/v2\/product"}],"about":[{"href":"https:\/\/www.claret.cat\/es\/wp-json\/wp\/v2\/types\/product"}],"wp:featuredmedia":[{"embeddable":true,"href":"https:\/\/www.claret.cat\/es\/wp-json\/wp\/v2\/media\/410595"}],"wp:attachment":[{"href":"https:\/\/www.claret.cat\/es\/wp-json\/wp\/v2\/media?parent=410594"}],"wp:term":[{"taxonomy":"product_brand","embeddable":true,"href":"https:\/\/www.claret.cat\/es\/wp-json\/wp\/v2\/product_brand?post=410594"},{"taxonomy":"product_cat","embeddable":true,"href":"https:\/\/www.claret.cat\/es\/wp-json\/wp\/v2\/product_cat?post=410594"},{"taxonomy":"product_tag","embeddable":true,"href":"https:\/\/www.claret.cat\/es\/wp-json\/wp\/v2\/product_tag?post=410594"}],"curies":[{"name":"wp","href":"https:\/\/api.w.org\/{rel}","templated":true}]}}