{"id":410606,"date":"2023-03-06T19:05:02","date_gmt":"2023-03-06T18:05:02","guid":{"rendered":"https:\/\/www.claret.cat\/llibre\/y-quien-dijo-que-hasta-que-la-muerte-los-separe-9788432163227\/"},"modified":"2024-05-24T04:13:43","modified_gmt":"2024-05-24T02:13:43","slug":"y-quien-dijo-que-hasta-que-la-muerte-los-separe-9788432163227","status":"publish","type":"product","link":"https:\/\/www.claret.cat\/es\/libro\/y-quien-dijo-que-hasta-que-la-muerte-los-separe-9788432163227\/","title":{"rendered":"\u00bfY QUI\u00c9N DIJO QUE HASTA QUE LA MUERTE LOS SEPARE?"},"content":{"rendered":"<p>En la Biblia, Dios establece con Ad\u00e1n y Eva una alianza nupcial, que se proyecta a lo largo de todo el texto b\u00edblico. Las ense\u00f1anzas de la Iglesia mantienen ese v\u00ednculo entre Dios y el hombre en todo su cuerpo doctrinal, y as\u00ed se expresa tambi\u00e9n en su liturgia.San Pablo compara la<\/p>\n","protected":false},"excerpt":{"rendered":"<p>FERN\u00c1NDEZ CUETO, PAZ<\/p>\n","protected":false},"featured_media":410607,"template":"","meta":{"_acf_changed":false,"om_disable_all_campaigns":false,"rs_blank_template":"","rs_page_bg_color":"","slide_template_v7":"","inline_featured_image":false,"_monsterinsights_skip_tracking":false,"_monsterinsights_sitenote_active":false,"_monsterinsights_sitenote_note":"","_monsterinsights_sitenote_category":0},"product_brand":[],"product_cat":[298,522],"product_tag":[],"class_list":{"0":"post-410606","1":"product","2":"type-product","3":"status-publish","4":"has-post-thumbnail","6":"product_cat-sacramental","7":"product_cat-sacramental-pastoral-1_espiritualidad","9":"first","10":"instock","11":"taxable","12":"shipping-taxable","13":"purchasable","14":"product-type-simple"},"acf":{"autor":"FERN\u00c1NDEZ CUETO, PAZ","codart":"843216322","libros-coleccion":"Religi\u00f3n. Fuera de Colecci\u00f3n","ediciones":"1","encuadernacion":"R\u00fastica","fecha_de_publicacion":"06\/03\/2023","novedad":"1","paginas":"102","subtitulo":"LA TRASCENDENCIA DEL V\u00cdNCULO CONUGAL","orden":"0","portada":"0","idioma":"spa","editorial":[{"ID":6348,"post_author":"3","post_date":"2022-07-28 17:50:16","post_date_gmt":"2022-07-28 15:50:16","post_content":"","post_title":"Rialp","post_excerpt":"","post_status":"publish","comment_status":"closed","ping_status":"closed","post_password":"","post_name":"rialp","to_ping":"","pinged":"","post_modified":"2022-07-28 17:50:16","post_modified_gmt":"2022-07-28 15:50:16","post_content_filtered":"","post_parent":0,"guid":"http:\/\/dev.claret.cat\/editorial\/rialp\/","menu_order":0,"post_type":"editorial","post_mime_type":"","comment_count":"0","filter":"raw"}],"autores-libros":[{"ID":410605,"post_author":"3","post_date":"2023-03-06 19:00:10","post_date_gmt":"2023-03-06 18:00:10","post_content":"","post_title":"PAZ FERN\u00c1NDEZ CUETO","post_excerpt":"","post_status":"publish","comment_status":"closed","ping_status":"closed","post_password":"","post_name":"paz-fernandez-cueto","to_ping":"","pinged":"","post_modified":"2023-03-06 19:00:10","post_modified_gmt":"2023-03-06 18:00:10","post_content_filtered":"","post_parent":0,"guid":"https:\/\/www.claret.cat\/autor\/paz-fernandez-cueto\/","menu_order":0,"post_type":"autor","post_mime_type":"","comment_count":"0","filter":"raw"}]},"aioseo_notices":[],"_links":{"self":[{"href":"https:\/\/www.claret.cat\/es\/wp-json\/wp\/v2\/product\/410606","targetHints":{"allow":["GET"]}}],"collection":[{"href":"https:\/\/www.claret.cat\/es\/wp-json\/wp\/v2\/product"}],"about":[{"href":"https:\/\/www.claret.cat\/es\/wp-json\/wp\/v2\/types\/product"}],"wp:featuredmedia":[{"embeddable":true,"href":"https:\/\/www.claret.cat\/es\/wp-json\/wp\/v2\/media\/410607"}],"wp:attachment":[{"href":"https:\/\/www.claret.cat\/es\/wp-json\/wp\/v2\/media?parent=410606"}],"wp:term":[{"taxonomy":"product_brand","embeddable":true,"href":"https:\/\/www.claret.cat\/es\/wp-json\/wp\/v2\/product_brand?post=410606"},{"taxonomy":"product_cat","embeddable":true,"href":"https:\/\/www.claret.cat\/es\/wp-json\/wp\/v2\/product_cat?post=410606"},{"taxonomy":"product_tag","embeddable":true,"href":"https:\/\/www.claret.cat\/es\/wp-json\/wp\/v2\/product_tag?post=410606"}],"curies":[{"name":"wp","href":"https:\/\/api.w.org\/{rel}","templated":true}]}}