{"id":410609,"date":"2023-03-06T19:05:10","date_gmt":"2023-03-06T18:05:10","guid":{"rendered":"https:\/\/www.claret.cat\/llibre\/historia-de-la-familia-9788432163548\/"},"modified":"2026-01-27T18:47:04","modified_gmt":"2026-01-27T17:47:04","slug":"historia-de-la-familia-9788432163548","status":"publish","type":"product","link":"https:\/\/www.claret.cat\/es\/libro\/historia-de-la-familia-9788432163548\/","title":{"rendered":"HISTORIA DE LA FAMILIA"},"content":{"rendered":"<p>En un mundo que ha perdido contacto con la normalidad, se necesita un pionero para redescubrir las maravillas de lo normal. Esta compilaci\u00f3n magistral de textos del prol\u00edfico G. K. Chesterton, editada por Dale Ahlquist, ilustra la gloria de la familia: la herencia del romance, el amor, el matrimonio, la paternidad y el hogar. Con agudo ingenio, el escritor ingl\u00e9s enfrenta todas estas venerables verdades con las modas del divorcio, la anticoncepci\u00f3n y el aborto, y con las perturbadoras filosof\u00edas del \u00faltimo siglo.La sociedad se construye sobre la familia, en todasu belleza sin glamour, y Chesterton ayuda a los lectores a ver esta realidad con nuevos ojos. Como \u00e9l escribe: \u00e2\u00a6Las primeras cosas deben ser las mismas fuentes de la vida, el amor, el nacimientoy la infancia, y estas son siempre fuentes resguardadas, que fluyen en los tranquilos patios del hogar\u00e2 .<\/p>\n","protected":false},"excerpt":{"rendered":"<p>CHESTERTON, GILBERT KEITH<\/p>\n","protected":false},"featured_media":1079032,"template":"","meta":{"_acf_changed":false,"om_disable_all_campaigns":false,"rs_blank_template":"","rs_page_bg_color":"","slide_template_v7":"","inline_featured_image":false,"_monsterinsights_skip_tracking":false,"_monsterinsights_sitenote_active":false,"_monsterinsights_sitenote_note":"","_monsterinsights_sitenote_category":0},"product_brand":[],"product_cat":[170,441],"product_tag":[],"class_list":{"0":"post-410609","1":"product","2":"type-product","3":"status-publish","4":"has-post-thumbnail","6":"product_cat-politica-i-social","7":"product_cat-politica-y-social","9":"first","10":"instock","11":"taxable","12":"shipping-taxable","13":"purchasable","14":"product-type-simple"},"acf":{"autor":"CHESTERTON, GILBERT KEITH","codart":"843216354","libros-coleccion":"Esenciales","ediciones":"1","encuadernacion":"R\u00fastica","fecha_de_publicacion":"06\/03\/2023","novedad":"1","paginas":"283","subtitulo":"SOBRE EL \u00daNICO ESTADO QUE CREA Y AMA A SUS PROPIOS CIUDADANOS","orden":"0","portada":"0","idioma":"spa","editorial":[{"ID":6348,"post_author":"3","post_date":"2022-07-28 17:50:16","post_date_gmt":"2022-07-28 15:50:16","post_content":"","post_title":"Rialp","post_excerpt":"","post_status":"publish","comment_status":"closed","ping_status":"closed","post_password":"","post_name":"rialp","to_ping":"","pinged":"","post_modified":"2022-07-28 17:50:16","post_modified_gmt":"2022-07-28 15:50:16","post_content_filtered":"","post_parent":0,"guid":"http:\/\/dev.claret.cat\/editorial\/rialp\/","menu_order":0,"post_type":"editorial","post_mime_type":"","comment_count":"0","filter":"raw"}],"autores-libros":[{"ID":156882,"post_author":"3","post_date":"2022-10-14 15:24:23","post_date_gmt":"2022-10-14 13:24:23","post_content":"","post_title":"GILBERT KEITH CHESTERTON","post_excerpt":"","post_status":"publish","comment_status":"closed","ping_status":"closed","post_password":"","post_name":"gilbert-keith-chesterton","to_ping":"","pinged":"","post_modified":"2022-10-14 15:24:23","post_modified_gmt":"2022-10-14 13:24:23","post_content_filtered":"","post_parent":0,"guid":"http:\/\/dev.claret.cat\/autor\/gilbert-keith-chesterton\/","menu_order":0,"post_type":"autor","post_mime_type":"","comment_count":"0","filter":"raw"}],"booktrailer":"","resenas":""},"aioseo_notices":[],"_links":{"self":[{"href":"https:\/\/www.claret.cat\/es\/wp-json\/wp\/v2\/product\/410609","targetHints":{"allow":["GET"]}}],"collection":[{"href":"https:\/\/www.claret.cat\/es\/wp-json\/wp\/v2\/product"}],"about":[{"href":"https:\/\/www.claret.cat\/es\/wp-json\/wp\/v2\/types\/product"}],"wp:featuredmedia":[{"embeddable":true,"href":"https:\/\/www.claret.cat\/es\/wp-json\/wp\/v2\/media\/1079032"}],"wp:attachment":[{"href":"https:\/\/www.claret.cat\/es\/wp-json\/wp\/v2\/media?parent=410609"}],"wp:term":[{"taxonomy":"product_brand","embeddable":true,"href":"https:\/\/www.claret.cat\/es\/wp-json\/wp\/v2\/product_brand?post=410609"},{"taxonomy":"product_cat","embeddable":true,"href":"https:\/\/www.claret.cat\/es\/wp-json\/wp\/v2\/product_cat?post=410609"},{"taxonomy":"product_tag","embeddable":true,"href":"https:\/\/www.claret.cat\/es\/wp-json\/wp\/v2\/product_tag?post=410609"}],"curies":[{"name":"wp","href":"https:\/\/api.w.org\/{rel}","templated":true}]}}