{"id":410627,"date":"2023-03-06T19:24:51","date_gmt":"2023-03-06T18:24:51","guid":{"rendered":"https:\/\/www.claret.cat\/llibre\/amanda-black-3-el-ultimo-minuto-9788418054525\/"},"modified":"2026-02-26T18:50:06","modified_gmt":"2026-02-26T17:50:06","slug":"amanda-black-3-el-ultimo-minuto-9788418054525","status":"publish","type":"product","link":"https:\/\/www.claret.cat\/es\/libro\/amanda-black-3-el-ultimo-minuto-9788418054525\/","title":{"rendered":"AMANDA BLACK 3 &#8211; EL \u00daLTIMO MINUTO"},"content":{"rendered":"<p>Llega el tercer libro de la colecci\u00f3n \u00abAmanda Black\u00bb, la nueva serie para ni\u00f1os de Juan G\u00f3mez-Jurado y B\u00e1rbara Montes.   Aventuras repletas de misterio, acci\u00f3n trepidante y un ritmo fren\u00e9tico. \u00abSu final es tu principio.\u00bb Desde que hered\u00f3 sus poderes, Amanda no ha tenido ni un momento de descanso: entrenos, deberes, misiones&#8230; Pero todo est\u00e1 a punto de cambiar, porque por primera vez ha decidido tomarse el d\u00eda libre para asistir al baile del instituto. Se comprar\u00e1 un vestido bonito, le pedir\u00e1 a Jason que la acompa\u00f1e y todo ser\u00e1 genial. \u00a1El sue\u00f1o de cualquier adolescente! Sin embargo, las cosas nunca son como una quiere. La ma\u00f1ana del baile, la t\u00eda Paula le encomienda a Amanda una misi\u00f3n: evitar que una importante tablilla sumeria que lleva a\u00f1os desaparecida caiga en las manos equivocadas. Y Amanda, como heredera del culto a la diosa Maat, no puede permitirlo. \u00bfSer\u00e1 capaz de robar la tablilla antes de que se pierda para siempre? Y, aunque, lo consiga, \u00bfllegar\u00e1 a tiempo al baile m\u00e1s importante de su adolescencia? Si tienes ganas de vivir una gran aventura, \u00a1\u00fanete a Amanda Black!\u00abLA ADICCI\u00d3N LECTORA EST\u00c1 ASEGURADA.\u00bb<br \/>Adri\u00e1n Cordellat, El Pa\u00eds<\/p>\n","protected":false},"excerpt":{"rendered":"<p>G\u00d3MEZ-JURADO, JUAN \/ MONTES, B\u00c1RBARA<\/p>\n","protected":false},"featured_media":410628,"template":"","meta":{"_acf_changed":false,"om_disable_all_campaigns":false,"rs_blank_template":"","rs_page_bg_color":"","slide_template_v7":"","inline_featured_image":false,"_monsterinsights_skip_tracking":false,"_monsterinsights_sitenote_active":false,"_monsterinsights_sitenote_note":"","_monsterinsights_sitenote_category":0},"product_brand":[],"product_cat":[132,362],"product_tag":[],"class_list":{"0":"post-410627","1":"product","2":"type-product","3":"status-publish","4":"has-post-thumbnail","6":"product_cat-lectures-per-preadolescents-6-12-anys","7":"product_cat-libros-preadolescentes-6-12-anos","9":"first","10":"instock","11":"taxable","12":"shipping-taxable","13":"purchasable","14":"product-type-simple"},"acf":{"autor":"G\u00d3MEZ-JURADO, JUAN \/ MONTES, B\u00c1RBARA","codart":"841805452","libros-coleccion":"FORA DE COL.LECCI\u00d3","ediciones":"1","encuadernacion":"Carton\u00e9","fecha_de_publicacion":"01\/11\/2021","novedad":"1","paginas":"191","subtitulo":"","orden":"0","portada":"0","idioma":"spa","editorial":[{"ID":147505,"post_author":"3","post_date":"2022-10-14 11:51:06","post_date_gmt":"2022-10-14 09:51:06","post_content":"","post_title":"B BLOK","post_excerpt":"","post_status":"publish","comment_status":"closed","ping_status":"closed","post_password":"","post_name":"b-blok","to_ping":"","pinged":"","post_modified":"2022-10-14 11:51:06","post_modified_gmt":"2022-10-14 09:51:06","post_content_filtered":"","post_parent":0,"guid":"http:\/\/dev.claret.cat\/editorial\/b-blok\/","menu_order":0,"post_type":"editorial","post_mime_type":"","comment_count":"0","filter":"raw"}],"autores-libros":[{"ID":5678,"post_author":"3","post_date":"2022-07-28 17:29:08","post_date_gmt":"2022-07-28 15:29:08","post_content":"","post_title":"JUAN G\u00d3MEZ-JURADO","post_excerpt":"","post_status":"publish","comment_status":"closed","ping_status":"closed","post_password":"","post_name":"juan-gomez-jurado","to_ping":"","pinged":"","post_modified":"2022-07-28 17:29:08","post_modified_gmt":"2022-07-28 15:29:08","post_content_filtered":"","post_parent":0,"guid":"http:\/\/dev.claret.cat\/autor\/juan-gomez-jurado\/","menu_order":0,"post_type":"autor","post_mime_type":"","comment_count":"0","filter":"raw"},{"ID":5288,"post_author":"3","post_date":"2022-07-28 17:20:49","post_date_gmt":"2022-07-28 15:20:49","post_content":"","post_title":"B\u00c1RBARA MONTES","post_excerpt":"","post_status":"publish","comment_status":"closed","ping_status":"closed","post_password":"","post_name":"barbara-montes","to_ping":"","pinged":"","post_modified":"2022-07-28 17:20:49","post_modified_gmt":"2022-07-28 15:20:49","post_content_filtered":"","post_parent":0,"guid":"http:\/\/dev.claret.cat\/autor\/barbara-montes\/","menu_order":0,"post_type":"autor","post_mime_type":"","comment_count":"0","filter":"raw"}],"booktrailer":"","resenas":""},"aioseo_notices":[],"_links":{"self":[{"href":"https:\/\/www.claret.cat\/es\/wp-json\/wp\/v2\/product\/410627","targetHints":{"allow":["GET"]}}],"collection":[{"href":"https:\/\/www.claret.cat\/es\/wp-json\/wp\/v2\/product"}],"about":[{"href":"https:\/\/www.claret.cat\/es\/wp-json\/wp\/v2\/types\/product"}],"wp:featuredmedia":[{"embeddable":true,"href":"https:\/\/www.claret.cat\/es\/wp-json\/wp\/v2\/media\/410628"}],"wp:attachment":[{"href":"https:\/\/www.claret.cat\/es\/wp-json\/wp\/v2\/media?parent=410627"}],"wp:term":[{"taxonomy":"product_brand","embeddable":true,"href":"https:\/\/www.claret.cat\/es\/wp-json\/wp\/v2\/product_brand?post=410627"},{"taxonomy":"product_cat","embeddable":true,"href":"https:\/\/www.claret.cat\/es\/wp-json\/wp\/v2\/product_cat?post=410627"},{"taxonomy":"product_tag","embeddable":true,"href":"https:\/\/www.claret.cat\/es\/wp-json\/wp\/v2\/product_tag?post=410627"}],"curies":[{"name":"wp","href":"https:\/\/api.w.org\/{rel}","templated":true}]}}