{"id":410635,"date":"2023-03-06T19:35:14","date_gmt":"2023-03-06T18:35:14","guid":{"rendered":"https:\/\/www.claret.cat\/llibre\/amanda-black-7-el-basto-del-corb-9788419048653\/"},"modified":"2024-04-05T17:35:07","modified_gmt":"2024-04-05T15:35:07","slug":"amanda-black-7-el-basto-del-corb-9788419048653","status":"publish","type":"product","link":"https:\/\/www.claret.cat\/es\/libro\/amanda-black-7-el-basto-del-corb-9788419048653\/","title":{"rendered":"AMANDA BLACK 7 &#8211; EL BAST\u00d3 DEL CORB"},"content":{"rendered":"<p>No et perdis el volum 7 de Amanda Black, la s\u00e8rie per a nens de Juan G\u00f3mez-Jurado i B\u00e0rbara Montes que ha conquerit a milers de lectors. \u00abON ACABA \u00c9S ON TU COMENCES\u00bb. Ara miro enrere i penso que tant de bo tot hagu\u00e9s anat d&#8221;una altra manera. No s\u00e9 si va ser l&#8221;orgull que em va v\u00e8ncer o el mal humor que arrossegava des de la discussi\u00f3 amb l&#8221;Eric i l&#8221;Esme: el que s\u00e9 segur \u00e9s que em vaig equivocar del tot!El director Lennon, el l\u00edder d&#8221;una organitzaci\u00f3 secreta molt misteriosa, va apar\u00e8ixer fa uns dies amb una missi\u00f3 molt temptadora: recuperar d&#8221;una fortalesa perillos\u00edssima de Molr\u00f2via, un pa\u00eds dirigit per una banda de criminals, una vara vikinga que permet veure el futur. Per primera vegada, treballaria per a alg\u00fa que no \u00e9rem nosaltres mateixos. I sense l&#8221;ajuda del meu millor amic. Esperava no estar cometent l&#8221;error m\u00e9s gran de la meva vida&#8230;Podr\u00e0 recuperar el bast\u00f3 m\u00e0gic viking sense l&#8221;Eric al seu costat, l&#8221;Amanda?<\/p>\n","protected":false},"excerpt":{"rendered":"<p>G\u00d3MEZ-JURADO, JUAN \/ MONTES, B\u00c1RBARA<\/p>\n","protected":false},"featured_media":410636,"template":"","meta":{"_acf_changed":false,"om_disable_all_campaigns":false,"rs_blank_template":"","rs_page_bg_color":"","slide_template_v7":"","inline_featured_image":false,"_monsterinsights_skip_tracking":false,"_monsterinsights_sitenote_active":false,"_monsterinsights_sitenote_note":"","_monsterinsights_sitenote_category":0},"product_brand":[],"product_cat":[90,540],"product_tag":[],"class_list":{"0":"post-410635","1":"product","2":"type-product","3":"status-publish","4":"has-post-thumbnail","6":"product_cat-altres","7":"product_cat-otros","9":"first","10":"instock","11":"taxable","12":"shipping-taxable","13":"purchasable","14":"product-type-simple"},"acf":{"autor":"G\u00d3MEZ-JURADO, JUAN \/ MONTES, B\u00c1RBARA","codart":"841904865","libros-coleccion":"FORA DE COL.LECCI\u00d3","ediciones":"1","encuadernacion":"Carton\u00e9","fecha_de_publicacion":"01\/03\/2023","novedad":"1","paginas":"190","subtitulo":"","orden":"0","portada":"0","idioma":"cat","editorial":[{"ID":294535,"post_author":"3","post_date":"2022-12-12 12:50:10","post_date_gmt":"2022-12-12 11:50:10","post_content":"","post_title":"B de Blok","post_excerpt":"","post_status":"publish","comment_status":"closed","ping_status":"closed","post_password":"","post_name":"b-de-blok","to_ping":"","pinged":"","post_modified":"2022-12-12 12:50:10","post_modified_gmt":"2022-12-12 11:50:10","post_content_filtered":"","post_parent":0,"guid":"http:\/\/dev.claret.cat\/editorial\/b-de-blok\/","menu_order":0,"post_type":"editorial","post_mime_type":"","comment_count":"0","filter":"raw"}],"autores-libros":[{"ID":5678,"post_author":"3","post_date":"2022-07-28 17:29:08","post_date_gmt":"2022-07-28 15:29:08","post_content":"","post_title":"JUAN G\u00d3MEZ-JURADO","post_excerpt":"","post_status":"publish","comment_status":"closed","ping_status":"closed","post_password":"","post_name":"juan-gomez-jurado","to_ping":"","pinged":"","post_modified":"2022-07-28 17:29:08","post_modified_gmt":"2022-07-28 15:29:08","post_content_filtered":"","post_parent":0,"guid":"http:\/\/dev.claret.cat\/autor\/juan-gomez-jurado\/","menu_order":0,"post_type":"autor","post_mime_type":"","comment_count":"0","filter":"raw"},{"ID":5288,"post_author":"3","post_date":"2022-07-28 17:20:49","post_date_gmt":"2022-07-28 15:20:49","post_content":"","post_title":"B\u00c1RBARA MONTES","post_excerpt":"","post_status":"publish","comment_status":"closed","ping_status":"closed","post_password":"","post_name":"barbara-montes","to_ping":"","pinged":"","post_modified":"2022-07-28 17:20:49","post_modified_gmt":"2022-07-28 15:20:49","post_content_filtered":"","post_parent":0,"guid":"http:\/\/dev.claret.cat\/autor\/barbara-montes\/","menu_order":0,"post_type":"autor","post_mime_type":"","comment_count":"0","filter":"raw"}]},"aioseo_notices":[],"_links":{"self":[{"href":"https:\/\/www.claret.cat\/es\/wp-json\/wp\/v2\/product\/410635","targetHints":{"allow":["GET"]}}],"collection":[{"href":"https:\/\/www.claret.cat\/es\/wp-json\/wp\/v2\/product"}],"about":[{"href":"https:\/\/www.claret.cat\/es\/wp-json\/wp\/v2\/types\/product"}],"wp:featuredmedia":[{"embeddable":true,"href":"https:\/\/www.claret.cat\/es\/wp-json\/wp\/v2\/media\/410636"}],"wp:attachment":[{"href":"https:\/\/www.claret.cat\/es\/wp-json\/wp\/v2\/media?parent=410635"}],"wp:term":[{"taxonomy":"product_brand","embeddable":true,"href":"https:\/\/www.claret.cat\/es\/wp-json\/wp\/v2\/product_brand?post=410635"},{"taxonomy":"product_cat","embeddable":true,"href":"https:\/\/www.claret.cat\/es\/wp-json\/wp\/v2\/product_cat?post=410635"},{"taxonomy":"product_tag","embeddable":true,"href":"https:\/\/www.claret.cat\/es\/wp-json\/wp\/v2\/product_tag?post=410635"}],"curies":[{"name":"wp","href":"https:\/\/api.w.org\/{rel}","templated":true}]}}