{"id":410645,"date":"2023-03-06T19:40:22","date_gmt":"2023-03-06T18:40:22","guid":{"rendered":"https:\/\/www.claret.cat\/llibre\/resol-el-misteri-manual-per-a-detectiu-9788427227736\/"},"modified":"2025-04-07T11:54:56","modified_gmt":"2025-04-07T09:54:56","slug":"resol-el-misteri-manual-per-a-detectiu-9788427227736","status":"publish","type":"product","link":"https:\/\/www.claret.cat\/es\/libro\/resol-el-misteri-manual-per-a-detectiu-9788427227736\/","title":{"rendered":"RESOL EL MISTERI! MANUAL PER A DETECTIU"},"content":{"rendered":"<p>Converteix-te en un superdetectiu amb Resol el misteri! Hi ha una vacant a l&#8221;ag\u00e8ncia de detectius Las Pistas! T&#8221;interessa? Al Manual per a detectius, el Carlos, l&#8221;Eliza i el Frank et mostraran tots els secrets del m\u00f3n de la investigaci\u00f3 i te n&#8221;explicaran un munt de coses interessants, com ara: *T\u00e8cniques d&#8221;investigaci\u00f3 *Recopilaci\u00f3 de pistes*Com construir la teva pr\u00f2pia ag\u00e8ncia *El kit del detectiu *Disfresses *Casos reals *Detectius de carn i ossos I tot all\u00f2 que necessites per convertir-te en tot un detectiu!<\/p>\n","protected":false},"excerpt":{"rendered":"<p>MAGAZINER, LAUREN<\/p>\n","protected":false},"featured_media":996839,"template":"","meta":{"_acf_changed":false,"om_disable_all_campaigns":false,"rs_blank_template":"","rs_page_bg_color":"","slide_template_v7":"","inline_featured_image":false,"_monsterinsights_skip_tracking":false,"_monsterinsights_sitenote_active":false,"_monsterinsights_sitenote_note":"","_monsterinsights_sitenote_category":0},"product_brand":[],"product_cat":[132,362],"product_tag":[],"class_list":{"0":"post-410645","1":"product","2":"type-product","3":"status-publish","4":"has-post-thumbnail","6":"product_cat-lectures-per-preadolescents-6-12-anys","7":"product_cat-libros-preadolescentes-6-12-anos","9":"first","10":"instock","11":"taxable","12":"shipping-taxable","13":"purchasable","14":"product-type-simple"},"acf":{"autor":"MAGAZINER, LAUREN","codart":"842722773","libros-coleccion":"","ediciones":"1","encuadernacion":"Carton\u00e9","fecha_de_publicacion":"01\/03\/2023","novedad":"1","paginas":"220","subtitulo":"","orden":"0","portada":"0","idioma":"cat","editorial":[{"ID":6346,"post_author":"3","post_date":"2022-07-28 17:50:13","post_date_gmt":"2022-07-28 15:50:13","post_content":"","post_title":"RBA Molino","post_excerpt":"","post_status":"publish","comment_status":"closed","ping_status":"closed","post_password":"","post_name":"rba-molino","to_ping":"","pinged":"","post_modified":"2022-07-28 17:50:13","post_modified_gmt":"2022-07-28 15:50:13","post_content_filtered":"","post_parent":0,"guid":"http:\/\/dev.claret.cat\/editorial\/rba-molino\/","menu_order":0,"post_type":"editorial","post_mime_type":"","comment_count":"0","filter":"raw"}],"autores-libros":[{"ID":263668,"post_author":"3","post_date":"2022-12-01 11:19:37","post_date_gmt":"2022-12-01 10:19:37","post_content":"","post_title":"LAUREN MAGAZINER","post_excerpt":"","post_status":"publish","comment_status":"closed","ping_status":"closed","post_password":"","post_name":"lauren-magaziner","to_ping":"","pinged":"","post_modified":"2022-12-01 11:19:37","post_modified_gmt":"2022-12-01 10:19:37","post_content_filtered":"","post_parent":0,"guid":"http:\/\/dev.claret.cat\/autor\/lauren-magaziner\/","menu_order":0,"post_type":"autor","post_mime_type":"","comment_count":"0","filter":"raw"}]},"aioseo_notices":[],"_links":{"self":[{"href":"https:\/\/www.claret.cat\/es\/wp-json\/wp\/v2\/product\/410645","targetHints":{"allow":["GET"]}}],"collection":[{"href":"https:\/\/www.claret.cat\/es\/wp-json\/wp\/v2\/product"}],"about":[{"href":"https:\/\/www.claret.cat\/es\/wp-json\/wp\/v2\/types\/product"}],"wp:featuredmedia":[{"embeddable":true,"href":"https:\/\/www.claret.cat\/es\/wp-json\/wp\/v2\/media\/996839"}],"wp:attachment":[{"href":"https:\/\/www.claret.cat\/es\/wp-json\/wp\/v2\/media?parent=410645"}],"wp:term":[{"taxonomy":"product_brand","embeddable":true,"href":"https:\/\/www.claret.cat\/es\/wp-json\/wp\/v2\/product_brand?post=410645"},{"taxonomy":"product_cat","embeddable":true,"href":"https:\/\/www.claret.cat\/es\/wp-json\/wp\/v2\/product_cat?post=410645"},{"taxonomy":"product_tag","embeddable":true,"href":"https:\/\/www.claret.cat\/es\/wp-json\/wp\/v2\/product_tag?post=410645"}],"curies":[{"name":"wp","href":"https:\/\/api.w.org\/{rel}","templated":true}]}}