{"id":410648,"date":"2023-03-06T19:40:34","date_gmt":"2023-03-06T18:40:34","guid":{"rendered":"https:\/\/www.claret.cat\/llibre\/resuelve-el-misterio-manual-para-detectives-9788427227248\/"},"modified":"2025-04-07T11:54:39","modified_gmt":"2025-04-07T09:54:39","slug":"resuelve-el-misterio-manual-para-detectives-9788427227248","status":"publish","type":"product","link":"https:\/\/www.claret.cat\/es\/libro\/resuelve-el-misterio-manual-para-detectives-9788427227248\/","title":{"rendered":"\u00a1RESUELVE EL MISTERIO! MANUAL PARA DETECTIVES"},"content":{"rendered":"<p>\u00a1CONVI\u00c9RTETE EN UN SUPERDETECTIVE CON \u00a1RESUELVE EL MISTERIO! \u00a1Hay una vacante en la agencia de detectives Las Pistas! \u00bfTe interesa? En Manual para detectives, Carlos, Eliza y Frank van a mostrarte todos los entresijos de la investigaci\u00f3n y a contarte un mont\u00f3n de cosas interesantes: *T\u00e9cnicas de investigaci\u00f3n *Recolecci\u00f3n de pistas*C\u00f3mo construir tu propia agencia *El kit de detective *Disfraces *Casos reales *Detectives de carne y hueso \u00a1Y todo lo que necesitas para convertirte en un detective experto!<\/p>\n","protected":false},"excerpt":{"rendered":"<p>MAGAZINER, LAUREN<\/p>\n","protected":false},"featured_media":410649,"template":"","meta":{"_acf_changed":false,"om_disable_all_campaigns":false,"rs_blank_template":"","rs_page_bg_color":"","slide_template_v7":"","inline_featured_image":false,"_monsterinsights_skip_tracking":false,"_monsterinsights_sitenote_active":false,"_monsterinsights_sitenote_note":"","_monsterinsights_sitenote_category":0},"product_brand":[],"product_cat":[132,362],"product_tag":[],"class_list":{"0":"post-410648","1":"product","2":"type-product","3":"status-publish","4":"has-post-thumbnail","6":"product_cat-lectures-per-preadolescents-6-12-anys","7":"product_cat-libros-preadolescentes-6-12-anos","9":"first","10":"instock","11":"taxable","12":"shipping-taxable","13":"purchasable","14":"product-type-simple"},"acf":{"autor":"MAGAZINER, LAUREN","codart":"842722724","libros-coleccion":"FICCI\u00d3N KIDS","ediciones":"1","encuadernacion":"Carton\u00e9","fecha_de_publicacion":"01\/03\/2023","novedad":"1","paginas":"220","subtitulo":"","orden":"0","portada":"0","idioma":"spa","editorial":[{"ID":6346,"post_author":"3","post_date":"2022-07-28 17:50:13","post_date_gmt":"2022-07-28 15:50:13","post_content":"","post_title":"RBA Molino","post_excerpt":"","post_status":"publish","comment_status":"closed","ping_status":"closed","post_password":"","post_name":"rba-molino","to_ping":"","pinged":"","post_modified":"2022-07-28 17:50:13","post_modified_gmt":"2022-07-28 15:50:13","post_content_filtered":"","post_parent":0,"guid":"http:\/\/dev.claret.cat\/editorial\/rba-molino\/","menu_order":0,"post_type":"editorial","post_mime_type":"","comment_count":"0","filter":"raw"}],"autores-libros":[{"ID":263668,"post_author":"3","post_date":"2022-12-01 11:19:37","post_date_gmt":"2022-12-01 10:19:37","post_content":"","post_title":"LAUREN MAGAZINER","post_excerpt":"","post_status":"publish","comment_status":"closed","ping_status":"closed","post_password":"","post_name":"lauren-magaziner","to_ping":"","pinged":"","post_modified":"2022-12-01 11:19:37","post_modified_gmt":"2022-12-01 10:19:37","post_content_filtered":"","post_parent":0,"guid":"http:\/\/dev.claret.cat\/autor\/lauren-magaziner\/","menu_order":0,"post_type":"autor","post_mime_type":"","comment_count":"0","filter":"raw"}]},"aioseo_notices":[],"_links":{"self":[{"href":"https:\/\/www.claret.cat\/es\/wp-json\/wp\/v2\/product\/410648","targetHints":{"allow":["GET"]}}],"collection":[{"href":"https:\/\/www.claret.cat\/es\/wp-json\/wp\/v2\/product"}],"about":[{"href":"https:\/\/www.claret.cat\/es\/wp-json\/wp\/v2\/types\/product"}],"wp:featuredmedia":[{"embeddable":true,"href":"https:\/\/www.claret.cat\/es\/wp-json\/wp\/v2\/media\/410649"}],"wp:attachment":[{"href":"https:\/\/www.claret.cat\/es\/wp-json\/wp\/v2\/media?parent=410648"}],"wp:term":[{"taxonomy":"product_brand","embeddable":true,"href":"https:\/\/www.claret.cat\/es\/wp-json\/wp\/v2\/product_brand?post=410648"},{"taxonomy":"product_cat","embeddable":true,"href":"https:\/\/www.claret.cat\/es\/wp-json\/wp\/v2\/product_cat?post=410648"},{"taxonomy":"product_tag","embeddable":true,"href":"https:\/\/www.claret.cat\/es\/wp-json\/wp\/v2\/product_tag?post=410648"}],"curies":[{"name":"wp","href":"https:\/\/api.w.org\/{rel}","templated":true}]}}