{"id":410654,"date":"2023-03-06T19:41:06","date_gmt":"2023-03-06T18:41:06","guid":{"rendered":"https:\/\/www.claret.cat\/llibre\/el-principito-donde-estas-zorro-9788418797606\/"},"modified":"2023-10-11T04:01:18","modified_gmt":"2023-10-11T02:01:18","slug":"el-principito-donde-estas-zorro-9788418797606","status":"publish","type":"product","link":"https:\/\/www.claret.cat\/es\/libro\/el-principito-donde-estas-zorro-9788418797606\/","title":{"rendered":"EL PRINCIPITO. \u00bfD\u00d3NDE EST\u00c1S, ZORRO?"},"content":{"rendered":"","protected":false},"excerpt":{"rendered":"<p>SAINT-EXUP\u00c9RY, ANTOINE DE<\/p>\n","protected":false},"featured_media":410655,"template":"","meta":{"_acf_changed":false,"om_disable_all_campaigns":false,"rs_blank_template":"","rs_page_bg_color":"","slide_template_v7":"","inline_featured_image":false,"_monsterinsights_skip_tracking":false,"_monsterinsights_sitenote_active":false,"_monsterinsights_sitenote_note":"","_monsterinsights_sitenote_category":0},"product_brand":[],"product_cat":[131,361],"product_tag":[],"class_list":{"0":"post-410654","1":"product","2":"type-product","3":"status-publish","4":"has-post-thumbnail","6":"product_cat-contes-per-infants-0-6-anys","7":"product_cat-cuentos-para-ninos-0-6-anos","9":"first","10":"instock","11":"taxable","12":"shipping-taxable","13":"purchasable","14":"product-type-simple"},"acf":{"autor":"SAINT-EXUP\u00c9RY, ANTOINE DE","codart":"841879760","libros-coleccion":"FORA DE COL.LECCI\u00d3","ediciones":"1","encuadernacion":"Carpeta","fecha_de_publicacion":"01\/03\/2023","novedad":"1","paginas":"12","subtitulo":"UN LIBRO CON TEXTURAS Y SOLAPAS","orden":"0","portada":"0","idioma":"spa","editorial":[{"ID":6354,"post_author":"3","post_date":"2022-07-28 17:50:23","post_date_gmt":"2022-07-28 15:50:23","post_content":"","post_title":"Salamandra Infantil y Juvenil","post_excerpt":"","post_status":"publish","comment_status":"closed","ping_status":"closed","post_password":"","post_name":"salamandra-infantil-y-juvenil","to_ping":"","pinged":"","post_modified":"2022-07-28 17:50:23","post_modified_gmt":"2022-07-28 15:50:23","post_content_filtered":"","post_parent":0,"guid":"http:\/\/dev.claret.cat\/editorial\/salamandra-infantil-y-juvenil\/","menu_order":0,"post_type":"editorial","post_mime_type":"","comment_count":"0","filter":"raw"}],"autores-libros":[{"ID":150784,"post_author":"3","post_date":"2022-10-14 14:35:43","post_date_gmt":"2022-10-14 12:35:43","post_content":"","post_title":"ANTOINE DE SAINT-EXUPERY","post_excerpt":"","post_status":"publish","comment_status":"closed","ping_status":"closed","post_password":"","post_name":"antoine-de-saint-exupery","to_ping":"","pinged":"","post_modified":"2022-10-14 14:35:43","post_modified_gmt":"2022-10-14 12:35:43","post_content_filtered":"","post_parent":0,"guid":"http:\/\/dev.claret.cat\/autor\/antoine-de-saint-exupery\/","menu_order":0,"post_type":"autor","post_mime_type":"","comment_count":"0","filter":"raw"}]},"aioseo_notices":[],"_links":{"self":[{"href":"https:\/\/www.claret.cat\/es\/wp-json\/wp\/v2\/product\/410654","targetHints":{"allow":["GET"]}}],"collection":[{"href":"https:\/\/www.claret.cat\/es\/wp-json\/wp\/v2\/product"}],"about":[{"href":"https:\/\/www.claret.cat\/es\/wp-json\/wp\/v2\/types\/product"}],"wp:featuredmedia":[{"embeddable":true,"href":"https:\/\/www.claret.cat\/es\/wp-json\/wp\/v2\/media\/410655"}],"wp:attachment":[{"href":"https:\/\/www.claret.cat\/es\/wp-json\/wp\/v2\/media?parent=410654"}],"wp:term":[{"taxonomy":"product_brand","embeddable":true,"href":"https:\/\/www.claret.cat\/es\/wp-json\/wp\/v2\/product_brand?post=410654"},{"taxonomy":"product_cat","embeddable":true,"href":"https:\/\/www.claret.cat\/es\/wp-json\/wp\/v2\/product_cat?post=410654"},{"taxonomy":"product_tag","embeddable":true,"href":"https:\/\/www.claret.cat\/es\/wp-json\/wp\/v2\/product_tag?post=410654"}],"curies":[{"name":"wp","href":"https:\/\/api.w.org\/{rel}","templated":true}]}}