{"id":410664,"date":"2023-03-06T19:45:23","date_gmt":"2023-03-06T18:45:23","guid":{"rendered":"https:\/\/www.claret.cat\/llibre\/pokemon-aventuras-para-colorear-legendarios-y-singulares-coleccion-pokemon-9788419241962\/"},"modified":"2023-11-13T19:05:21","modified_gmt":"2023-11-13T18:05:21","slug":"pokemon-aventuras-para-colorear-legendarios-y-singulares-coleccion-pokemon-9788419241962","status":"publish","type":"product","link":"https:\/\/www.claret.cat\/es\/libro\/pokemon-aventuras-para-colorear-legendarios-y-singulares-coleccion-pokemon-9788419241962\/","title":{"rendered":"POK\u00c9MON. AVENTURAS PARA COLOREAR: LEGENDARIOS Y SINGULARES (COLECCI\u00d3N POK\u00c9MON)"},"content":{"rendered":"<p>\u00a1Divi\u00e9rtete coloreando a tus Pok\u00e9mon legendarios y singulares favoritos! \u00a1Convi\u00e9rtete en un aut\u00e9ntico maestro del dibujo gracias a los Pok\u00e9mon legendarios y singulares! Desde Articuno y Zapdos, hasta Moltres, Zacian y Zamazenta. Un libro incre\u00edble para colorear lleno de plantillas y dibujos de los Pok\u00e9mon m\u00e1s raros y poderosos habidos y por haber. El complemento perfectopara otros libros de actividades Pok\u00e9mon como el primer Aventuras para colorear, Comictivity o la Gu\u00eda esencial deluxe para aprender a dibujar Pok\u00e9mon. \u00a1Hazte con todos!<\/p>\n","protected":false},"excerpt":{"rendered":"<p>THE POK\u00c9MON COMPANY<\/p>\n","protected":false},"featured_media":452614,"template":"","meta":{"_acf_changed":false,"om_disable_all_campaigns":false,"rs_blank_template":"","rs_page_bg_color":"","slide_template_v7":"","inline_featured_image":false,"_monsterinsights_skip_tracking":false,"_monsterinsights_sitenote_active":false,"_monsterinsights_sitenote_note":"","_monsterinsights_sitenote_category":0},"product_brand":[],"product_cat":[131,132,361,135,365,362],"product_tag":[],"class_list":{"0":"post-410664","1":"product","2":"type-product","3":"status-publish","4":"has-post-thumbnail","6":"product_cat-contes-per-infants-0-6-anys","7":"product_cat-lectures-per-preadolescents-6-12-anys","8":"product_cat-cuentos-para-ninos-0-6-anos","9":"product_cat-entreteniment","10":"product_cat-entretenimientos","11":"product_cat-libros-preadolescentes-6-12-anos","13":"first","14":"instock","15":"taxable","16":"shipping-taxable","17":"purchasable","18":"product-type-simple"},"acf":{"autor":"THE POK\u00c9MON COMPANY","codart":"841924196","libros-coleccion":"FORA DE COL.LECCI\u00d3","ediciones":"1","encuadernacion":"R\u00fastica","fecha_de_publicacion":"01\/03\/2023","novedad":"1","paginas":"96","subtitulo":"","orden":"0","portada":"0","idioma":"spa","editorial":[{"ID":6310,"post_author":"3","post_date":"2022-07-28 17:49:26","post_date_gmt":"2022-07-28 15:49:26","post_content":"","post_title":"MONTENA","post_excerpt":"","post_status":"publish","comment_status":"closed","ping_status":"closed","post_password":"","post_name":"montena","to_ping":"","pinged":"","post_modified":"2022-07-28 17:49:26","post_modified_gmt":"2022-07-28 15:49:26","post_content_filtered":"","post_parent":0,"guid":"http:\/\/dev.claret.cat\/editorial\/montena\/","menu_order":0,"post_type":"editorial","post_mime_type":"","comment_count":"0","filter":"raw"}],"autores-libros":[{"ID":170293,"post_author":"3","post_date":"2022-10-14 22:34:09","post_date_gmt":"2022-10-14 20:34:09","post_content":"","post_title":"THE POK\u00c9MON COMPANY","post_excerpt":"","post_status":"publish","comment_status":"closed","ping_status":"closed","post_password":"","post_name":"the-pokemon-company","to_ping":"","pinged":"","post_modified":"2022-10-14 22:34:09","post_modified_gmt":"2022-10-14 20:34:09","post_content_filtered":"","post_parent":0,"guid":"http:\/\/dev.claret.cat\/autor\/the-pokemon-company\/","menu_order":0,"post_type":"autor","post_mime_type":"","comment_count":"0","filter":"raw"}]},"aioseo_notices":[],"_links":{"self":[{"href":"https:\/\/www.claret.cat\/es\/wp-json\/wp\/v2\/product\/410664","targetHints":{"allow":["GET"]}}],"collection":[{"href":"https:\/\/www.claret.cat\/es\/wp-json\/wp\/v2\/product"}],"about":[{"href":"https:\/\/www.claret.cat\/es\/wp-json\/wp\/v2\/types\/product"}],"wp:featuredmedia":[{"embeddable":true,"href":"https:\/\/www.claret.cat\/es\/wp-json\/wp\/v2\/media\/452614"}],"wp:attachment":[{"href":"https:\/\/www.claret.cat\/es\/wp-json\/wp\/v2\/media?parent=410664"}],"wp:term":[{"taxonomy":"product_brand","embeddable":true,"href":"https:\/\/www.claret.cat\/es\/wp-json\/wp\/v2\/product_brand?post=410664"},{"taxonomy":"product_cat","embeddable":true,"href":"https:\/\/www.claret.cat\/es\/wp-json\/wp\/v2\/product_cat?post=410664"},{"taxonomy":"product_tag","embeddable":true,"href":"https:\/\/www.claret.cat\/es\/wp-json\/wp\/v2\/product_tag?post=410664"}],"curies":[{"name":"wp","href":"https:\/\/api.w.org\/{rel}","templated":true}]}}