{"id":410674,"date":"2023-03-06T19:50:21","date_gmt":"2023-03-06T18:50:21","guid":{"rendered":"https:\/\/www.claret.cat\/llibre\/dibujare-un-arcoiris-9788448862954\/"},"modified":"2023-10-11T04:01:02","modified_gmt":"2023-10-11T02:01:02","slug":"dibujare-un-arcoiris-9788448862954","status":"publish","type":"product","link":"https:\/\/www.claret.cat\/es\/libro\/dibujare-un-arcoiris-9788448862954\/","title":{"rendered":"DIBUJAR\u00c9 UN ARCO\u00cdRIS"},"content":{"rendered":"<p>Un po\u00e9tico \u00e1lbum ilustrado sobre la amistad, el paso del tiempo y la muerte, y la capacidad de sobreponerse a la adversidad. Nil, un ni\u00f1o de cinco a\u00f1os, no recuerda un solo d\u00eda de su vida que no haya compartido con su mejor amigo, el gato Bigotes. De repente, una ma\u00f1ana, los padres de Nil le dicen que Bigotes se ha ido. Nil no puede estar m\u00e1s triste, ni sentirse m\u00e1s solo. Y todo empeora cuando, alg\u00fan tiempo despu\u00e9s, llega a la familia un gatito nuevo que lo pone todo patas arriba.Dibujar\u00e9 un arco\u00edris, el primer \u00e1lbum ilustrado de N\u00faria Aparicio, nace de la necesidad de explicar a los m\u00e1s peque\u00f1os una parte fundamental de la vida: la p\u00e9rdida de los seres queridos.  A trav\u00e9s de una historia tierna y conmovedora, N\u00faria nos brinda un cuento perfecto para: *hablarcon naturalidad, de forma f\u00e1cil y cercana sobre la muerte, el dolor, la tristeza y, eventualmente, la superaci\u00f3n; *entender que la muerte forma parte de la vida; *descubrir que los recuerdos hacen que el ser querido que nos falta nunca se vaya del todo.<\/p>\n","protected":false},"excerpt":{"rendered":"<p>APARICIO, N\u00daRIA<\/p>\n","protected":false},"featured_media":410675,"template":"","meta":{"_acf_changed":false,"om_disable_all_campaigns":false,"rs_blank_template":"","rs_page_bg_color":"","slide_template_v7":"","inline_featured_image":false,"_monsterinsights_skip_tracking":false,"_monsterinsights_sitenote_active":false,"_monsterinsights_sitenote_note":"","_monsterinsights_sitenote_category":0},"product_brand":[],"product_cat":[90,540],"product_tag":[],"class_list":{"0":"post-410674","1":"product","2":"type-product","3":"status-publish","4":"has-post-thumbnail","6":"product_cat-altres","7":"product_cat-otros","9":"first","10":"instock","11":"taxable","12":"shipping-taxable","13":"purchasable","14":"product-type-simple"},"acf":{"autor":"APARICIO, N\u00daRIA","codart":"844886295","libros-coleccion":"Emociones, valores y h\u00e1bitos","ediciones":"1","encuadernacion":"Carton\u00e9","fecha_de_publicacion":"01\/03\/2023","novedad":"1","paginas":"45","subtitulo":"UN CUENTO SOBRE LA P\u00c9RDIDA","orden":"0","portada":"0","idioma":"spa","editorial":[{"ID":6141,"post_author":"3","post_date":"2022-07-28 17:45:46","post_date_gmt":"2022-07-28 15:45:46","post_content":"","post_title":"BEASCOA","post_excerpt":"","post_status":"publish","comment_status":"closed","ping_status":"closed","post_password":"","post_name":"beascoa","to_ping":"","pinged":"","post_modified":"2022-07-28 17:45:46","post_modified_gmt":"2022-07-28 15:45:46","post_content_filtered":"","post_parent":0,"guid":"http:\/\/dev.claret.cat\/editorial\/beascoa\/","menu_order":0,"post_type":"editorial","post_mime_type":"","comment_count":"0","filter":"raw"}],"autores-libros":[{"ID":166005,"post_author":"3","post_date":"2022-10-14 17:59:40","post_date_gmt":"2022-10-14 15:59:40","post_content":"","post_title":"NURIA APARICIO","post_excerpt":"","post_status":"publish","comment_status":"closed","ping_status":"closed","post_password":"","post_name":"nuria-aparicio","to_ping":"","pinged":"","post_modified":"2022-10-14 17:59:40","post_modified_gmt":"2022-10-14 15:59:40","post_content_filtered":"","post_parent":0,"guid":"http:\/\/dev.claret.cat\/autor\/nuria-aparicio\/","menu_order":0,"post_type":"autor","post_mime_type":"","comment_count":"0","filter":"raw"}]},"aioseo_notices":[],"_links":{"self":[{"href":"https:\/\/www.claret.cat\/es\/wp-json\/wp\/v2\/product\/410674","targetHints":{"allow":["GET"]}}],"collection":[{"href":"https:\/\/www.claret.cat\/es\/wp-json\/wp\/v2\/product"}],"about":[{"href":"https:\/\/www.claret.cat\/es\/wp-json\/wp\/v2\/types\/product"}],"wp:featuredmedia":[{"embeddable":true,"href":"https:\/\/www.claret.cat\/es\/wp-json\/wp\/v2\/media\/410675"}],"wp:attachment":[{"href":"https:\/\/www.claret.cat\/es\/wp-json\/wp\/v2\/media?parent=410674"}],"wp:term":[{"taxonomy":"product_brand","embeddable":true,"href":"https:\/\/www.claret.cat\/es\/wp-json\/wp\/v2\/product_brand?post=410674"},{"taxonomy":"product_cat","embeddable":true,"href":"https:\/\/www.claret.cat\/es\/wp-json\/wp\/v2\/product_cat?post=410674"},{"taxonomy":"product_tag","embeddable":true,"href":"https:\/\/www.claret.cat\/es\/wp-json\/wp\/v2\/product_tag?post=410674"}],"curies":[{"name":"wp","href":"https:\/\/api.w.org\/{rel}","templated":true}]}}