{"id":410726,"date":"2023-03-06T19:56:55","date_gmt":"2023-03-06T18:56:55","guid":{"rendered":"https:\/\/www.claret.cat\/llibre\/1795-trilogia-de-estocolmo-3-9788418796418\/"},"modified":"2023-10-11T04:00:26","modified_gmt":"2023-10-11T02:00:26","slug":"1795-trilogia-de-estocolmo-3-9788418796418","status":"publish","type":"product","link":"https:\/\/www.claret.cat\/es\/libro\/1795-trilogia-de-estocolmo-3-9788418796418\/","title":{"rendered":"1795 (TRILOG\u00cdA DE ESTOCOLMO 3)"},"content":{"rendered":"<p>Consagrado como el gran renovador el noir y de la novela hist\u00f3rica, Niklas Natt och Dag cierra con este libro la exitosa \u00abTrilog\u00eda de Estocolmo\u00bb.  1795 es la novela negra imprescindible para todos aquellos que disfrutaron con El nombre de la rosa, El perfume o La bestia. En la \u00faltima entrega de la aclamada trilog\u00eda de Niklas Natt och Dag, el mal acecha por los sinuosos callejones de Estocolmo, encarnado en la figura del turbio y vengativo Tycho Ceton, que prepara un asombroso y perverso plan para sumir a la capital sueca en los abismos infernales. Dos l\u00facidos investigadores intentan atrapar al siniestro Ceton desde hace m\u00e1s de un a\u00f1o: aunque Emil Winge dedica todos sus esfuerzos a resolver el caso, los fantasmas del pasado lo acechan, las autoridades tienen asuntos m\u00e1s importantes que atender y su fiel escudero, Mickel Cardell, est\u00e1 ocupado en la b\u00fasqueda de Anna Stina Knapp, desaparecida tras la muerte de sus mellizos. Entretanto, el infierno se cierne de un modo inexorable&#8230;La cr\u00edtica ha dicho&#8230;<br \/>\u00abEl fen\u00f3meno de la novela negra antes del fin del mundo\u00bb.<br \/>Carlos Zan\u00f3n \u00abDicen de \u00e9l que es el nuevo Stieg Larsson. Ahora su nombre te resultar\u00e1 impronunciable, pero te lo aprender\u00e1s seguro\u00bb.<br \/>Patricia Villalobos \u00abPaisajes grises o helados. Historias que estremecen. Preciosa ambientaci\u00f3n y tramas de alta intensidad\u00bb.<br \/>Lilian Neuman\u00abUn fresco completo del mal absoluto\u00bb.<br \/>Ernesto Calabuig \u00abLa Trilog\u00eda de Estocolmo que nos ha venido regalando el sueco Niklas Natt och Dag llega a su fin con un cierre apote\u00f3sico. Aquellos lectores amantes del g\u00e9nero que no hayan descubierto a\u00fan esta trilog\u00eda no pueden perd\u00e9rsela. [&#8230;]Decididamente estamos ante tres de los mejores libros de los \u00faltimos a\u00f1os y que est\u00e1n marcando tendencia\u00bb.<br \/>Diario de C\u00e1diz \u00abEl escritor sueco concluye la trilog\u00eda iniciada en 2017 con 1793 y lo hace con una novela que posee los mismos ingredientes de las dos anteriores: una acci\u00f3n trepidante, unos personajes concretos y un argumento s\u00f3lido, sin fisuras. [&#8230;] Una obra perfectamente ejecutada y escrita con un impecable dominio narrativo y con una excelente recreaci\u00f3n hist\u00f3rica del Estocolmo de finales del siglo XVIII. Una novela de intriga y detectives, de cr\u00edmenes y castigos, en un mundo supuestamente civilizado pero cuyo trasfondo es un teatro de perversiones y maldad. Una \u00e9poca (la decadencia del reino de Suecia durante la Revoluci\u00f3n Francesa) que Niklas Natt och Dag retrata con cruel claridad\u00bb.<br \/>La Raz\u00f3n \u00abCon este tercer volumen se cierra un arco literario de altura que ha colocado a su creador, Niklas Natt och Dag, como una de las figuras m\u00e1s estimulantes del thriller hist\u00f3rico europeo al que habr\u00e1 que seguirle la pista para comprobar si su obra futura mantiene la excelente calidad de su debut\u00bb.<br \/>La opini\u00f3n de M\u00e1laga \u00abEl autor sueco cierra con esta novela la trilog\u00eda con la que puso patas arriba el g\u00e9nero a trav\u00e9s de una mezcla perfecta de policiaco e hist\u00f3rico. Ambientada en Estocolmo durante el a\u00f1o del t\u00edtulo, \u00e9poca turbulenta en lo pol\u00edtico y fascinante en lo social, la historia mantiene los niveles de violencia y oscuridad de las anteriores\u00bb.<br \/>Babelia \u00ab1975 es el broche perfecto para rematar la historia. El autor no tiene ning\u00fan remilgo en recrearse en los abismos humanos, en situarnos en los lugares m\u00e1s emblem\u00e1ticos de Estocolmo para hacer un retrato certero de la Europa del momento. Duele que esta trilog\u00eda llegue a sufin, pero confiamos que esta revelaci\u00f3n de las letras suecas siga deleit\u00e1ndonos en su faceta de escritor\u00bb.<br \/>El Confidencial<\/p>\n","protected":false},"excerpt":{"rendered":"<p>NATT OCH DAG, NIKLAS<\/p>\n","protected":false},"featured_media":410727,"template":"","meta":{"_acf_changed":false,"om_disable_all_campaigns":false,"rs_blank_template":"","rs_page_bg_color":"","slide_template_v7":"","inline_featured_image":false,"_monsterinsights_skip_tracking":false,"_monsterinsights_sitenote_active":false,"_monsterinsights_sitenote_note":"","_monsterinsights_sitenote_category":0},"product_brand":[],"product_cat":[130,360],"product_tag":[],"class_list":{"0":"post-410726","1":"product","2":"type-product","3":"status-publish","4":"has-post-thumbnail","6":"product_cat-novella-historica-i-ficcio","7":"product_cat-novela-historica-y-ficcion","9":"first","10":"instock","11":"taxable","12":"shipping-taxable","13":"purchasable","14":"product-type-simple"},"acf":{"autor":"NATT OCH DAG, NIKLAS","codart":"841879641","libros-coleccion":"FORA DE COL.LECCI\u00d3","ediciones":"1","encuadernacion":"R\u00fastica","fecha_de_publicacion":"01\/03\/2023","novedad":"1","paginas":"444","subtitulo":"","orden":"0","portada":"0","idioma":"spa","editorial":[{"ID":6353,"post_author":"3","post_date":"2022-07-28 17:50:22","post_date_gmt":"2022-07-28 15:50:22","post_content":"","post_title":"Salamandra Bolsillo","post_excerpt":"","post_status":"publish","comment_status":"closed","ping_status":"closed","post_password":"","post_name":"salamandra-bolsillo","to_ping":"","pinged":"","post_modified":"2022-07-28 17:50:22","post_modified_gmt":"2022-07-28 15:50:22","post_content_filtered":"","post_parent":0,"guid":"http:\/\/dev.claret.cat\/editorial\/salamandra-bolsillo\/","menu_order":0,"post_type":"editorial","post_mime_type":"","comment_count":"0","filter":"raw"}],"autores-libros":[{"ID":5892,"post_author":"3","post_date":"2022-07-28 17:33:44","post_date_gmt":"2022-07-28 15:33:44","post_content":"","post_title":"NIKLAS NATT OCH DAG","post_excerpt":"","post_status":"publish","comment_status":"closed","ping_status":"closed","post_password":"","post_name":"niklas-natt-och-dag","to_ping":"","pinged":"","post_modified":"2022-07-28 17:33:44","post_modified_gmt":"2022-07-28 15:33:44","post_content_filtered":"","post_parent":0,"guid":"http:\/\/dev.claret.cat\/autor\/niklas-natt-och-dag\/","menu_order":0,"post_type":"autor","post_mime_type":"","comment_count":"0","filter":"raw"}]},"aioseo_notices":[],"_links":{"self":[{"href":"https:\/\/www.claret.cat\/es\/wp-json\/wp\/v2\/product\/410726","targetHints":{"allow":["GET"]}}],"collection":[{"href":"https:\/\/www.claret.cat\/es\/wp-json\/wp\/v2\/product"}],"about":[{"href":"https:\/\/www.claret.cat\/es\/wp-json\/wp\/v2\/types\/product"}],"wp:featuredmedia":[{"embeddable":true,"href":"https:\/\/www.claret.cat\/es\/wp-json\/wp\/v2\/media\/410727"}],"wp:attachment":[{"href":"https:\/\/www.claret.cat\/es\/wp-json\/wp\/v2\/media?parent=410726"}],"wp:term":[{"taxonomy":"product_brand","embeddable":true,"href":"https:\/\/www.claret.cat\/es\/wp-json\/wp\/v2\/product_brand?post=410726"},{"taxonomy":"product_cat","embeddable":true,"href":"https:\/\/www.claret.cat\/es\/wp-json\/wp\/v2\/product_cat?post=410726"},{"taxonomy":"product_tag","embeddable":true,"href":"https:\/\/www.claret.cat\/es\/wp-json\/wp\/v2\/product_tag?post=410726"}],"curies":[{"name":"wp","href":"https:\/\/api.w.org\/{rel}","templated":true}]}}