{"id":410729,"date":"2023-03-06T19:57:05","date_gmt":"2023-03-06T18:57:05","guid":{"rendered":"https:\/\/www.claret.cat\/llibre\/1794-trilogia-de-estocolmo-2-9788418796302\/"},"modified":"2023-10-11T04:00:24","modified_gmt":"2023-10-11T02:00:24","slug":"1794-trilogia-de-estocolmo-2-9788418796302","status":"publish","type":"product","link":"https:\/\/www.claret.cat\/es\/libro\/1794-trilogia-de-estocolmo-2-9788418796302\/","title":{"rendered":"1794 (TRILOG\u00cdA DE ESTOCOLMO 2)"},"content":{"rendered":"<p>Enga\u00f1o, corrupci\u00f3n y crimen en la Suecia del siglo XVIII.  La esperada continuaci\u00f3n de 1793. Segunda parte de la aclamada trilog\u00eda con tintes noir iniciada con 1793 &#8211;considerado Mejor Libro del A\u00f1o en Suecia y elogiado por la cr\u00edtica por renovar los c\u00e1nones del thriller hist\u00f3rico&#8211;, 1794 presentaun ingenioso entramado de enga\u00f1os, venganzas y cr\u00edmenes inmisericordes sobre el tel\u00f3n de fondo de una bulliciosa Estocolmo inmersa en la vor\u00e1gine generada por la Revoluci\u00f3n francesa. Segundo hijo de la acaudalada familia Tres Rosas, Erik es enviado por su padre a la colonia de San Bartolom\u00e9, el mayor mercado de esclavos del mundo, en las Antillas, para separarlo de Linnea Charlotta, una chica de extracci\u00f3n humilde con la que se ha jurado amor eterno. Desterrado en la isla caribe\u00f1a, el muchacho se encuentra enfrascado en adaptarse a un medio tan brutal cuando las s\u00fabitas muertes de su padre y de su hermano primog\u00e9nito precipitan su regreso a Suecia. As\u00ed pues, convertido de repente en heredero de una inmensa fortuna y libre para contraer matrimonio con su amada Linnea Charlotta, la felicidad parece sonre\u00edrle cuando otro cruel giro del destino lo arroja de nuevo a las tinieblas: acusado de un crimen horrendo ocurrido durante la misma noche de bodas, la vida de Erik queda en manos del inefable Mickel Cardell, el hosco veterano de guerra que, acompa\u00f1ado ahora por Emil Winge, hermano peque\u00f1o y \u00e1lter ego del malogrado Cecil, se adentrar\u00e1 en los abismos m\u00e1s oscuros y violentos de la sociedad sueca para intentar descubrir la verdad y liberar a Erik de un futuro nefasto. Con una destreza excepcional para idear personajes de una asombrosa complejidad y recrear con todo lujo de detalles un momento hist\u00f3rico apasionante,Niklas Natt och Dag colma con creces las expectativas generadas con 1793 y promete mantener la tensi\u00f3n en vilo hasta el desenlace de la trilog\u00eda.La cr\u00edtica ha dicho&#8230;<br \/>\u00abUno de los fen\u00f3menos literarios del a\u00f1o\u00bb.<br \/>M\u00e0rius Carol, La Vanguardia \u00abLa continuaci\u00f3n de 1793, emocionante simbiosis entre novela hist\u00f3rica y novela negra y una de las mejores del g\u00e9nero en 2020\u00bb.<br \/>El Pa\u00eds \u00abEl sueco Niklas Natt och Dag alcanza una sublime fusi\u00f3n de narrativa criminal y recreaci\u00f3n hist\u00f3rica detallada\u00bb.<br \/>Lilian Neuman, Cultura\/s \u00abCon el protagonista de la primera entrega fuera de juego, el autor sueco trenza nuevas alianzas entre sus personajes para arrojar un poco de luz a una \u00e9poca oscura y cruenta sobre la que sobrevuela tambi\u00e9n el fantasma de la esclavitud\u00bb.<br \/>ABC \u00abLa segundaentrega de su popular trilog\u00eda, 1974, mantiene la fuerza y la capacidad adictiva de 1793\u00bb.<br \/>La voz de Galicia \u00abEs terror\u00edfico&#8230;terror\u00edficamente bueno\u00bb.<br \/>Dagens Nyheter \u00abAl igual que en su novela debut, el lector se ve inmediatamente atrapado por la prosa de 1794 de Niklas Natt Och Dag.[&#8230;] La trama ha sido construida por manos expertas, tal como la \u00faltima vez\u00bb.<br \/>G\u00f6teborgs-Posten \u00ab1794 es un retrato maravilloso y misantr\u00f3pico del sufrimiento que existi\u00f3 una vez en Estocolmo. Tambi\u00e9n es terror\u00edfico y emocionante\u00bb.<br \/>BTJ<\/p>\n","protected":false},"excerpt":{"rendered":"<p>NATT OCH DAG, NIKLAS<\/p>\n","protected":false},"featured_media":410730,"template":"","meta":{"_acf_changed":false,"om_disable_all_campaigns":false,"rs_blank_template":"","rs_page_bg_color":"","slide_template_v7":"","inline_featured_image":false,"_monsterinsights_skip_tracking":false,"_monsterinsights_sitenote_active":false,"_monsterinsights_sitenote_note":"","_monsterinsights_sitenote_category":0},"product_brand":[],"product_cat":[130,360],"product_tag":[],"class_list":{"0":"post-410729","1":"product","2":"type-product","3":"status-publish","4":"has-post-thumbnail","6":"product_cat-novella-historica-i-ficcio","7":"product_cat-novela-historica-y-ficcion","9":"first","10":"instock","11":"taxable","12":"shipping-taxable","13":"purchasable","14":"product-type-simple"},"acf":{"autor":"NATT OCH DAG, NIKLAS","codart":"841879630","libros-coleccion":"FORA DE COL.LECCI\u00d3","ediciones":"1","encuadernacion":"R\u00fastica","fecha_de_publicacion":"01\/03\/2023","novedad":"1","paginas":"507","subtitulo":"","orden":"0","portada":"0","idioma":"spa","editorial":[{"ID":6353,"post_author":"3","post_date":"2022-07-28 17:50:22","post_date_gmt":"2022-07-28 15:50:22","post_content":"","post_title":"Salamandra Bolsillo","post_excerpt":"","post_status":"publish","comment_status":"closed","ping_status":"closed","post_password":"","post_name":"salamandra-bolsillo","to_ping":"","pinged":"","post_modified":"2022-07-28 17:50:22","post_modified_gmt":"2022-07-28 15:50:22","post_content_filtered":"","post_parent":0,"guid":"http:\/\/dev.claret.cat\/editorial\/salamandra-bolsillo\/","menu_order":0,"post_type":"editorial","post_mime_type":"","comment_count":"0","filter":"raw"}],"autores-libros":[{"ID":5892,"post_author":"3","post_date":"2022-07-28 17:33:44","post_date_gmt":"2022-07-28 15:33:44","post_content":"","post_title":"NIKLAS NATT OCH DAG","post_excerpt":"","post_status":"publish","comment_status":"closed","ping_status":"closed","post_password":"","post_name":"niklas-natt-och-dag","to_ping":"","pinged":"","post_modified":"2022-07-28 17:33:44","post_modified_gmt":"2022-07-28 15:33:44","post_content_filtered":"","post_parent":0,"guid":"http:\/\/dev.claret.cat\/autor\/niklas-natt-och-dag\/","menu_order":0,"post_type":"autor","post_mime_type":"","comment_count":"0","filter":"raw"}]},"aioseo_notices":[],"_links":{"self":[{"href":"https:\/\/www.claret.cat\/es\/wp-json\/wp\/v2\/product\/410729","targetHints":{"allow":["GET"]}}],"collection":[{"href":"https:\/\/www.claret.cat\/es\/wp-json\/wp\/v2\/product"}],"about":[{"href":"https:\/\/www.claret.cat\/es\/wp-json\/wp\/v2\/types\/product"}],"wp:featuredmedia":[{"embeddable":true,"href":"https:\/\/www.claret.cat\/es\/wp-json\/wp\/v2\/media\/410730"}],"wp:attachment":[{"href":"https:\/\/www.claret.cat\/es\/wp-json\/wp\/v2\/media?parent=410729"}],"wp:term":[{"taxonomy":"product_brand","embeddable":true,"href":"https:\/\/www.claret.cat\/es\/wp-json\/wp\/v2\/product_brand?post=410729"},{"taxonomy":"product_cat","embeddable":true,"href":"https:\/\/www.claret.cat\/es\/wp-json\/wp\/v2\/product_cat?post=410729"},{"taxonomy":"product_tag","embeddable":true,"href":"https:\/\/www.claret.cat\/es\/wp-json\/wp\/v2\/product_tag?post=410729"}],"curies":[{"name":"wp","href":"https:\/\/api.w.org\/{rel}","templated":true}]}}