{"id":410761,"date":"2023-03-07T14:10:13","date_gmt":"2023-03-07T13:10:13","guid":{"rendered":"https:\/\/www.claret.cat\/llibre\/tres-mesos-mesos-amb-tu-3-9788419241177\/"},"modified":"2024-07-22T18:10:07","modified_gmt":"2024-07-22T16:10:07","slug":"tres-mesos-mesos-amb-tu-3-9788419241177","status":"publish","type":"product","link":"https:\/\/www.claret.cat\/es\/libro\/tres-mesos-mesos-amb-tu-3-9788419241177\/","title":{"rendered":"TRES MESOS (MESOS AMB TU 3)"},"content":{"rendered":"<p>L&#8221;esperada tercera part de la saga Mesos amb tu de Joana Marc\u00fas. CON\u00c8IXER UNA PERSONA ET POT CANVIAR LA VIDA. En Jack Ross no creia en el comprom\u00eds, i fins ara no li havia anat pas malament. La fantasia de l&#8221;amor vertader, d&#8221;aquest intercanvi de mirades que et capgira la vida, no era sin\u00f3 un argument sobreexplotat de les pel\u00b7l\u00edcules que m\u00e9s criticava.Per aix\u00f2, qu\u00e8 hi feia que hagu\u00e9s conegut la Jenna? Qu\u00e8 importava si passaven tant de temps junts? Qu\u00e8 hi feia si, a poc a poc, li anava obrint el cor? I, sobretot, qu\u00e8 importava el risc que es trenqu\u00e9s? En tres mesos poden passar moltes coses, i enamorar-se n&#8221;\u00e9s una.En Jack Ross no es volia quedar enrere.<\/p>\n","protected":false},"excerpt":{"rendered":"<p>MARC\u00daS, JOANA<\/p>\n","protected":false},"featured_media":472908,"template":"","meta":{"_acf_changed":false,"om_disable_all_campaigns":false,"rs_blank_template":"","rs_page_bg_color":"","slide_template_v7":"","inline_featured_image":false,"_monsterinsights_skip_tracking":false,"_monsterinsights_sitenote_active":false,"_monsterinsights_sitenote_note":"","_monsterinsights_sitenote_category":0},"product_brand":[],"product_cat":[133,566,117,363],"product_tag":[],"class_list":{"0":"post-410761","1":"product","2":"type-product","3":"status-publish","4":"has-post-thumbnail","6":"product_cat-lectures-per-adolescents-12-18-anys","7":"product_cat-juvenil-3_infantil-juvenil-spa-spa","8":"product_cat-juvenil","9":"product_cat-lecturas-por-adolescentes-12-18-anos","11":"first","12":"instock","13":"taxable","14":"shipping-taxable","15":"purchasable","16":"product-type-simple"},"acf":{"autor":"MARC\u00daS, JOANA","codart":"841924117","libros-coleccion":"FORA DE COL.LECCI\u00d3","ediciones":"1","encuadernacion":"R\u00fastica","fecha_de_publicacion":"09\/03\/2023","novedad":"1","paginas":"383","subtitulo":"","orden":"0","portada":"0","idioma":"cat","editorial":[{"ID":6310,"post_author":"3","post_date":"2022-07-28 17:49:26","post_date_gmt":"2022-07-28 15:49:26","post_content":"","post_title":"MONTENA","post_excerpt":"","post_status":"publish","comment_status":"closed","ping_status":"closed","post_password":"","post_name":"montena","to_ping":"","pinged":"","post_modified":"2022-07-28 17:49:26","post_modified_gmt":"2022-07-28 15:49:26","post_content_filtered":"","post_parent":0,"guid":"http:\/\/dev.claret.cat\/editorial\/montena\/","menu_order":0,"post_type":"editorial","post_mime_type":"","comment_count":"0","filter":"raw"}],"autores-libros":[{"ID":5604,"post_author":"3","post_date":"2022-07-28 17:27:33","post_date_gmt":"2022-07-28 15:27:33","post_content":"","post_title":"JOANA MARC\u00daS","post_excerpt":"","post_status":"publish","comment_status":"closed","ping_status":"closed","post_password":"","post_name":"joana-marcus","to_ping":"","pinged":"","post_modified":"2022-07-28 17:27:33","post_modified_gmt":"2022-07-28 15:27:33","post_content_filtered":"","post_parent":0,"guid":"http:\/\/dev.claret.cat\/autor\/joana-marcus\/","menu_order":0,"post_type":"autor","post_mime_type":"","comment_count":"0","filter":"raw"}]},"aioseo_notices":[],"_links":{"self":[{"href":"https:\/\/www.claret.cat\/es\/wp-json\/wp\/v2\/product\/410761","targetHints":{"allow":["GET"]}}],"collection":[{"href":"https:\/\/www.claret.cat\/es\/wp-json\/wp\/v2\/product"}],"about":[{"href":"https:\/\/www.claret.cat\/es\/wp-json\/wp\/v2\/types\/product"}],"wp:featuredmedia":[{"embeddable":true,"href":"https:\/\/www.claret.cat\/es\/wp-json\/wp\/v2\/media\/472908"}],"wp:attachment":[{"href":"https:\/\/www.claret.cat\/es\/wp-json\/wp\/v2\/media?parent=410761"}],"wp:term":[{"taxonomy":"product_brand","embeddable":true,"href":"https:\/\/www.claret.cat\/es\/wp-json\/wp\/v2\/product_brand?post=410761"},{"taxonomy":"product_cat","embeddable":true,"href":"https:\/\/www.claret.cat\/es\/wp-json\/wp\/v2\/product_cat?post=410761"},{"taxonomy":"product_tag","embeddable":true,"href":"https:\/\/www.claret.cat\/es\/wp-json\/wp\/v2\/product_tag?post=410761"}],"curies":[{"name":"wp","href":"https:\/\/api.w.org\/{rel}","templated":true}]}}