{"id":410785,"date":"2023-03-07T18:25:29","date_gmt":"2023-03-07T17:25:29","guid":{"rendered":"https:\/\/www.claret.cat\/llibre\/ensayo-para-contribuir-a-una-gramatica-del-asentimiento-9788499200514\/"},"modified":"2023-03-22T14:05:07","modified_gmt":"2023-03-22T13:05:07","slug":"ensayo-para-contribuir-a-una-gramatica-del-asentimiento-9788499200514","status":"publish","type":"product","link":"https:\/\/www.claret.cat\/es\/libro\/ensayo-para-contribuir-a-una-gramatica-del-asentimiento-9788499200514\/","title":{"rendered":"ENSAYO PARA CONTRIBUIR A UNA GRAM\u00c1TICA DEL ASENTIMIENTO"},"content":{"rendered":"<p>Edici\u00f3n revisada y anotada de la obra cumbre del Cardenal Newman.<br \/>Dedicada a investigar el tipo de asentimiento propio de las certezas religiosas, y a medio camino entre el ensayo filos\u00f3fico y apolog\u00e9tico, la Gram\u00e1tica del asentimiento sigue siendo hoy en d\u00eda una referencia original e ineludible para comprender la razonabilidad de la fe cristiana.<\/p>\n","protected":false},"excerpt":{"rendered":"<p>NEWMAN, JOHN HENRY<\/p>\n","protected":false},"featured_media":410786,"template":"","meta":{"_acf_changed":false,"om_disable_all_campaigns":false,"rs_blank_template":"","rs_page_bg_color":"","slide_template_v7":"","inline_featured_image":false,"_monsterinsights_skip_tracking":false,"_monsterinsights_sitenote_active":false,"_monsterinsights_sitenote_note":"","_monsterinsights_sitenote_category":0},"product_brand":[],"product_cat":[90,540],"product_tag":[],"class_list":{"0":"post-410785","1":"product","2":"type-product","3":"status-publish","4":"has-post-thumbnail","6":"product_cat-altres","7":"product_cat-otros","9":"first","10":"instock","11":"taxable","12":"shipping-taxable","13":"purchasable","14":"product-type-simple"},"acf":{"autor":"NEWMAN, JOHN HENRY","codart":"849920051","libros-coleccion":"","ediciones":"1","encuadernacion":"R\u00fastica","fecha_de_publicacion":"01\/10\/2013","novedad":"0","paginas":"424","subtitulo":"","orden":"999","portada":"0","idioma":"spa","editorial":[{"ID":262104,"post_author":"3","post_date":"2022-10-24 11:19:59","post_date_gmt":"2022-10-24 09:19:59","post_content":"","post_title":"ENCUENTRO EDITORIAL, S.A.","post_excerpt":"","post_status":"publish","comment_status":"closed","ping_status":"closed","post_password":"","post_name":"encuentro-editorial-s-a","to_ping":"","pinged":"","post_modified":"2022-10-24 11:19:59","post_modified_gmt":"2022-10-24 09:19:59","post_content_filtered":"","post_parent":0,"guid":"http:\/\/dev.claret.cat\/editorial\/encuentro-editorial-s-a\/","menu_order":0,"post_type":"editorial","post_mime_type":"","comment_count":"0","filter":"raw"}],"autores-libros":[{"ID":5613,"post_author":"3","post_date":"2022-07-28 17:27:45","post_date_gmt":"2022-07-28 15:27:45","post_content":"<strong>John Henry Newman<\/strong> (Londres 1801 - Birmingham 1890) \u00e9s sens dubte un dels pensadors cristians que m\u00e9s han influ\u00eft en el m\u00f3n anglosax\u00f3. Va ser ordenat sacerdot anglic\u00e0 en 1825 en Oxford, i durant els anys seg\u00fcents va ser un dels principals impulsors del Moviment d'Oxford. En 1842 es va retirar a Santa Maria en Littlemore, on va viure sota condicons mon\u00e0stiques de gran austeritat. Mentre, escrivia el seu Assaig sobre el desenvolupament de la doctrina cristiana, la qual cosa el va reconciliar amb el credo i la pr\u00e0ctica de l'Esgl\u00e9sia Cat\u00f2lica Romana. En 1845 es va convertir al catolicisme i va ser ordenat sacerdot cat\u00f2lic en 1847. Als 78 anys d'edat, en 1879, va ser nomenat cardenal pel papa Le\u00f3n XIII. Considerat per molts com un dels inspiradors del Concili Vatic\u00e0 II, en 1991 va ser declarat Venerable pel papa Juan Pablo II, i actualment est\u00e0 en proc\u00e9s la causa per a la seva beatificaci\u00f3 i canonitzaci\u00f3.","post_title":"JOHN HENRY NEWMAN","post_excerpt":"","post_status":"publish","comment_status":"closed","ping_status":"closed","post_password":"","post_name":"john-henry-newman","to_ping":"","pinged":"","post_modified":"2022-07-29 13:13:08","post_modified_gmt":"2022-07-29 11:13:08","post_content_filtered":"","post_parent":0,"guid":"http:\/\/dev.claret.cat\/autor\/john-henry-newman\/","menu_order":0,"post_type":"autor","post_mime_type":"","comment_count":"0","filter":"raw"}]},"aioseo_notices":[],"_links":{"self":[{"href":"https:\/\/www.claret.cat\/es\/wp-json\/wp\/v2\/product\/410785","targetHints":{"allow":["GET"]}}],"collection":[{"href":"https:\/\/www.claret.cat\/es\/wp-json\/wp\/v2\/product"}],"about":[{"href":"https:\/\/www.claret.cat\/es\/wp-json\/wp\/v2\/types\/product"}],"wp:featuredmedia":[{"embeddable":true,"href":"https:\/\/www.claret.cat\/es\/wp-json\/wp\/v2\/media\/410786"}],"wp:attachment":[{"href":"https:\/\/www.claret.cat\/es\/wp-json\/wp\/v2\/media?parent=410785"}],"wp:term":[{"taxonomy":"product_brand","embeddable":true,"href":"https:\/\/www.claret.cat\/es\/wp-json\/wp\/v2\/product_brand?post=410785"},{"taxonomy":"product_cat","embeddable":true,"href":"https:\/\/www.claret.cat\/es\/wp-json\/wp\/v2\/product_cat?post=410785"},{"taxonomy":"product_tag","embeddable":true,"href":"https:\/\/www.claret.cat\/es\/wp-json\/wp\/v2\/product_tag?post=410785"}],"curies":[{"name":"wp","href":"https:\/\/api.w.org\/{rel}","templated":true}]}}