{"id":410890,"date":"2023-03-08T13:10:23","date_gmt":"2023-03-08T12:10:23","guid":{"rendered":"https:\/\/www.claret.cat\/llibre\/vamos-a-ver-el-cuerpo-humano-9788408260332\/"},"modified":"2023-10-11T03:59:00","modified_gmt":"2023-10-11T01:59:00","slug":"vamos-a-ver-el-cuerpo-humano-9788408260332","status":"publish","type":"product","link":"https:\/\/www.claret.cat\/es\/libro\/vamos-a-ver-el-cuerpo-humano-9788408260332\/","title":{"rendered":"VAMOS A VER EL CUERPO HUMANO"},"content":{"rendered":"<p>Prep\u00e1rate para un viaje fascinante a trav\u00e9s de las capas de este libro.<br \/> \u00a1Un libro perfecto para descubrir el cuerpo humano por dentro! Contiene un mont\u00f3n de informaci\u00f3n espec\u00edfica, rica, variada y explicada de manera irreverente, perfecta para ni\u00f1os y ni\u00f1as interesados en el funcionamiento de su cuerpo.<br \/> \u00a1Explora las distintas partes del cuerpo en este libro interactivo! Un libro de conocimientos de cart\u00f3n resistente y gran formato que contiene unos con troqueles en cada p\u00e1gina que ayudan separar las partes del cuerpo.<br \/> Cada doble pa\u00b4gina incluye un divertido\u00a0juego de busca y encuentra, y al final del libro encontrar\u00e1s m\u00e1s de 50 palabras de vocabulario.<br \/> Acompa\u00f1a a Marta, a su hermano Mateo y a su perro Pelus\u00edn mientras viajan por el interior del cuerpo humano. Empieza por el cerebro y recorre todas las partes del cuerpo: pasa por el coraz\u00f3n y sus latidos; el est\u00f3mago con sus ruidos y por esos m\u00fasculos que trabajan tan duro\u2026 \u00a1Descubre todos los secretos que esconde tu cuerpo!<\/p>\n<p> \u00bfCu\u00e1ntos huesos hay en el cuerpo humano?<br \/> \u00bfQu\u00e9 pasa dentro de tus intestinos?<br \/> \u00bfC\u00f3mo se defiende el cuerpo frente a los g\u00e9rmenes?<\/p>\n<p> \u00a1Vente al interior del cuerpo humano y desc\u00fabrelo!<br \/> Un t\u00edtulo recomendado a partir de 5 a\u00f1os.<br \/> T\u00edtulos de la colecci\u00f3n Vamos a\u2026:<\/p>\n<p> Vamos a la selva<br \/> Vamos al espacio<br \/> Vamos al oc\u00e9ano<br \/> Vamos a ver dinosaurios<br \/> Vamos a ver el cuerpo humano<\/p>\n","protected":false},"excerpt":{"rendered":"<p>KNAPMAN, TIMOTHY \/ ROBINS, WESLEY<\/p>\n","protected":false},"featured_media":410891,"template":"","meta":{"_acf_changed":false,"om_disable_all_campaigns":false,"rs_blank_template":"","rs_page_bg_color":"","slide_template_v7":"","inline_featured_image":false,"_monsterinsights_skip_tracking":false,"_monsterinsights_sitenote_active":false,"_monsterinsights_sitenote_note":"","_monsterinsights_sitenote_category":0},"product_brand":[],"product_cat":[132,362],"product_tag":[],"class_list":{"0":"post-410890","1":"product","2":"type-product","3":"status-publish","4":"has-post-thumbnail","6":"product_cat-lectures-per-preadolescents-6-12-anys","7":"product_cat-libros-preadolescentes-6-12-anos","9":"first","10":"instock","11":"taxable","12":"shipping-taxable","13":"purchasable","14":"product-type-simple"},"acf":{"autor":"KNAPMAN, TIMOTHY \/ ROBINS, WESLEY","codart":"840826033","libros-coleccion":"Libros con solapas y leng\u00fcetas","ediciones":"1","encuadernacion":"Carpeta","fecha_de_publicacion":"01\/03\/2023","novedad":"1","paginas":"12","subtitulo":"\u00a1DESCUBRE C\u00d3MO ES TU CUERPO POR DENTRO!","orden":"0","portada":"0","idioma":"spa","editorial":[{"ID":6233,"post_author":"3","post_date":"2022-07-28 17:47:48","post_date_gmt":"2022-07-28 15:47:48","post_content":"","post_title":"EDITORIAL PLANETA","post_excerpt":"","post_status":"publish","comment_status":"closed","ping_status":"closed","post_password":"","post_name":"editorial-planeta","to_ping":"","pinged":"","post_modified":"2022-07-28 17:47:48","post_modified_gmt":"2022-07-28 15:47:48","post_content_filtered":"","post_parent":0,"guid":"http:\/\/dev.claret.cat\/editorial\/editorial-planeta\/","menu_order":0,"post_type":"editorial","post_mime_type":"","comment_count":"0","filter":"raw"}],"autores-libros":[{"ID":171266,"post_author":"3","post_date":"2022-10-14 22:42:00","post_date_gmt":"2022-10-14 20:42:00","post_content":"","post_title":"WESLEY ROBINS","post_excerpt":"","post_status":"publish","comment_status":"closed","ping_status":"closed","post_password":"","post_name":"wesley-robins","to_ping":"","pinged":"","post_modified":"2022-10-14 22:42:00","post_modified_gmt":"2022-10-14 20:42:00","post_content_filtered":"","post_parent":0,"guid":"http:\/\/dev.claret.cat\/autor\/wesley-robins\/","menu_order":0,"post_type":"autor","post_mime_type":"","comment_count":"0","filter":"raw"},{"ID":170423,"post_author":"3","post_date":"2022-10-14 22:35:12","post_date_gmt":"2022-10-14 20:35:12","post_content":"","post_title":"TIMOTHY KNAPMAN","post_excerpt":"","post_status":"publish","comment_status":"closed","ping_status":"closed","post_password":"","post_name":"timothy-knapman","to_ping":"","pinged":"","post_modified":"2022-10-14 22:35:12","post_modified_gmt":"2022-10-14 20:35:12","post_content_filtered":"","post_parent":0,"guid":"http:\/\/dev.claret.cat\/autor\/timothy-knapman\/","menu_order":0,"post_type":"autor","post_mime_type":"","comment_count":"0","filter":"raw"}]},"aioseo_notices":[],"_links":{"self":[{"href":"https:\/\/www.claret.cat\/es\/wp-json\/wp\/v2\/product\/410890","targetHints":{"allow":["GET"]}}],"collection":[{"href":"https:\/\/www.claret.cat\/es\/wp-json\/wp\/v2\/product"}],"about":[{"href":"https:\/\/www.claret.cat\/es\/wp-json\/wp\/v2\/types\/product"}],"wp:featuredmedia":[{"embeddable":true,"href":"https:\/\/www.claret.cat\/es\/wp-json\/wp\/v2\/media\/410891"}],"wp:attachment":[{"href":"https:\/\/www.claret.cat\/es\/wp-json\/wp\/v2\/media?parent=410890"}],"wp:term":[{"taxonomy":"product_brand","embeddable":true,"href":"https:\/\/www.claret.cat\/es\/wp-json\/wp\/v2\/product_brand?post=410890"},{"taxonomy":"product_cat","embeddable":true,"href":"https:\/\/www.claret.cat\/es\/wp-json\/wp\/v2\/product_cat?post=410890"},{"taxonomy":"product_tag","embeddable":true,"href":"https:\/\/www.claret.cat\/es\/wp-json\/wp\/v2\/product_tag?post=410890"}],"curies":[{"name":"wp","href":"https:\/\/api.w.org\/{rel}","templated":true}]}}