{"id":410927,"date":"2023-03-08T13:15:08","date_gmt":"2023-03-08T12:15:08","guid":{"rendered":"https:\/\/www.claret.cat\/llibre\/per-no-perdre-el-temps-9788412356663\/"},"modified":"2024-02-06T12:50:09","modified_gmt":"2024-02-06T11:50:09","slug":"per-no-perdre-el-temps-9788412356663","status":"publish","type":"product","link":"https:\/\/www.claret.cat\/es\/libro\/per-no-perdre-el-temps-9788412356663\/","title":{"rendered":"PER NO PERDRE EL TEMPS"},"content":{"rendered":"<p>Una aproximaci\u00f3 al m\u00f3n de l&#8217;edici\u00f3 dels calendaris tradicionals. A partir d&#8217;una atractiva i variada mostra documental, centrada en el segle XIX i principis del segle XX, acompanyada del relat de nombroses curiositats. El text central del llibre est\u00e0 enriquit amb nombros\u00edssims gravats i reproduccions en color de calendaris de tot tipus aix\u00ed com reproduccions dels seus interiors.<\/p>\n","protected":false},"excerpt":{"rendered":"<p>CARB\u00d3, AMADEU<\/p>\n","protected":false},"featured_media":410928,"template":"","meta":{"_acf_changed":false,"om_disable_all_campaigns":false,"rs_blank_template":"","rs_page_bg_color":"","slide_template_v7":"","inline_featured_image":false,"_monsterinsights_skip_tracking":false,"_monsterinsights_sitenote_active":false,"_monsterinsights_sitenote_note":"","_monsterinsights_sitenote_category":0},"product_brand":[],"product_cat":[552,102,430,153,105,555],"product_tag":[],"class_list":{"0":"post-410927","1":"product","2":"type-product","3":"status-publish","4":"has-post-thumbnail","6":"product_cat-calendarios-y-agendas","7":"product_cat-calendaris-i-agendes","8":"product_cat-cataluna","9":"product_cat-catalunya","10":"product_cat-regal","11":"product_cat-regalo","13":"first","14":"instock","15":"taxable","16":"shipping-taxable","17":"purchasable","18":"product-type-simple"},"acf":{"autor":"CARB\u00d3, AMADEU","codart":"841235666","libros-coleccion":"","ediciones":"1","encuadernacion":"Carton\u00e9","fecha_de_publicacion":"01\/02\/2023","novedad":"1","paginas":"132","subtitulo":"","orden":"0","portada":"0","idioma":"cat","editorial":[{"ID":147889,"post_author":"3","post_date":"2022-10-14 11:54:00","post_date_gmt":"2022-10-14 09:54:00","post_content":"","post_title":"Edicions Morera","post_excerpt":"","post_status":"publish","comment_status":"closed","ping_status":"closed","post_password":"","post_name":"edicions-morera","to_ping":"","pinged":"","post_modified":"2022-10-14 11:54:00","post_modified_gmt":"2022-10-14 09:54:00","post_content_filtered":"","post_parent":0,"guid":"http:\/\/dev.claret.cat\/editorial\/edicions-morera\/","menu_order":0,"post_type":"editorial","post_mime_type":"","comment_count":"0","filter":"raw"}],"autores-libros":[{"ID":149955,"post_author":"3","post_date":"2022-10-14 14:29:04","post_date_gmt":"2022-10-14 12:29:04","post_content":"","post_title":"AMADEU CARB\u00d3","post_excerpt":"","post_status":"publish","comment_status":"closed","ping_status":"closed","post_password":"","post_name":"amadeu-carbo","to_ping":"","pinged":"","post_modified":"2022-10-14 14:29:04","post_modified_gmt":"2022-10-14 12:29:04","post_content_filtered":"","post_parent":0,"guid":"http:\/\/dev.claret.cat\/autor\/amadeu-carbo\/","menu_order":0,"post_type":"autor","post_mime_type":"","comment_count":"0","filter":"raw"}]},"aioseo_notices":[],"_links":{"self":[{"href":"https:\/\/www.claret.cat\/es\/wp-json\/wp\/v2\/product\/410927","targetHints":{"allow":["GET"]}}],"collection":[{"href":"https:\/\/www.claret.cat\/es\/wp-json\/wp\/v2\/product"}],"about":[{"href":"https:\/\/www.claret.cat\/es\/wp-json\/wp\/v2\/types\/product"}],"wp:featuredmedia":[{"embeddable":true,"href":"https:\/\/www.claret.cat\/es\/wp-json\/wp\/v2\/media\/410928"}],"wp:attachment":[{"href":"https:\/\/www.claret.cat\/es\/wp-json\/wp\/v2\/media?parent=410927"}],"wp:term":[{"taxonomy":"product_brand","embeddable":true,"href":"https:\/\/www.claret.cat\/es\/wp-json\/wp\/v2\/product_brand?post=410927"},{"taxonomy":"product_cat","embeddable":true,"href":"https:\/\/www.claret.cat\/es\/wp-json\/wp\/v2\/product_cat?post=410927"},{"taxonomy":"product_tag","embeddable":true,"href":"https:\/\/www.claret.cat\/es\/wp-json\/wp\/v2\/product_tag?post=410927"}],"curies":[{"name":"wp","href":"https:\/\/api.w.org\/{rel}","templated":true}]}}