{"id":410933,"date":"2023-03-08T13:20:13","date_gmt":"2023-03-08T12:20:13","guid":{"rendered":"https:\/\/www.claret.cat\/llibre\/como-llamarte-amor-1-a-gritos-9788408269045\/"},"modified":"2023-10-11T03:58:36","modified_gmt":"2023-10-11T01:58:36","slug":"como-llamarte-amor-1-a-gritos-9788408269045","status":"publish","type":"product","link":"https:\/\/www.claret.cat\/es\/libro\/como-llamarte-amor-1-a-gritos-9788408269045\/","title":{"rendered":"C\u00d3MO LLAMARTE AMOR 1. A GRITOS"},"content":{"rendered":"<p>Haley afronta su primer a\u00f1o de universidad, lejos de casa y todo lo que conoce, con una duda que est\u00e1 dispuesta a resolver: si realmente el amor es algo m\u00e1s que lo vivido hasta el momento. Pronto creer\u00e1 estar cerca de encontrar la respuesta cuando su camino se cruce con el de un misterioso chico de ojos grises cuya mera presencia grita \u00abproblemas\u00bb.<br \/> \u00bfMerece la pena dejarse arrastrar por una atracci\u00f3n irresistible a pesar de que todos a su alrededor digan que es una mala idea? \u00bfSe puede luchar contra los demonios que persiguen al chico malo del campus o deber\u00eda alejarse?<br \/> Al final, lo m\u00e1s dif\u00edcil es determinar a qu\u00e9 corresponde de verdad la palabra \u00abamor\u00bb.<\/p>\n","protected":false},"excerpt":{"rendered":"<p>NOT, ALINA<\/p>\n","protected":false},"featured_media":410934,"template":"","meta":{"_acf_changed":false,"om_disable_all_campaigns":false,"rs_blank_template":"","rs_page_bg_color":"","slide_template_v7":"","inline_featured_image":false,"_monsterinsights_skip_tracking":false,"_monsterinsights_sitenote_active":false,"_monsterinsights_sitenote_note":"","_monsterinsights_sitenote_category":0},"product_brand":[],"product_cat":[133,566,117,363],"product_tag":[],"class_list":{"0":"post-410933","1":"product","2":"type-product","3":"status-publish","4":"has-post-thumbnail","6":"product_cat-lectures-per-adolescents-12-18-anys","7":"product_cat-juvenil-3_infantil-juvenil-spa-spa","8":"product_cat-juvenil","9":"product_cat-lecturas-por-adolescentes-12-18-anos","11":"first","12":"instock","13":"taxable","14":"shipping-taxable","15":"purchasable","16":"product-type-simple"},"acf":{"autor":"NOT, ALINA","codart":"840826904","libros-coleccion":"Ficci\u00f3n","ediciones":"1","encuadernacion":"R\u00fastica","fecha_de_publicacion":"01\/03\/2023","novedad":"1","paginas":"596","subtitulo":"","orden":"0","portada":"0","idioma":"spa","editorial":[{"ID":6233,"post_author":"3","post_date":"2022-07-28 17:47:48","post_date_gmt":"2022-07-28 15:47:48","post_content":"","post_title":"EDITORIAL PLANETA","post_excerpt":"","post_status":"publish","comment_status":"closed","ping_status":"closed","post_password":"","post_name":"editorial-planeta","to_ping":"","pinged":"","post_modified":"2022-07-28 17:47:48","post_modified_gmt":"2022-07-28 15:47:48","post_content_filtered":"","post_parent":0,"guid":"http:\/\/dev.claret.cat\/editorial\/editorial-planeta\/","menu_order":0,"post_type":"editorial","post_mime_type":"","comment_count":"0","filter":"raw"}],"autores-libros":[{"ID":149862,"post_author":"3","post_date":"2022-10-14 14:28:17","post_date_gmt":"2022-10-14 12:28:17","post_content":"","post_title":"ALINA NOT","post_excerpt":"","post_status":"publish","comment_status":"closed","ping_status":"closed","post_password":"","post_name":"alina-not","to_ping":"","pinged":"","post_modified":"2022-10-14 14:28:17","post_modified_gmt":"2022-10-14 12:28:17","post_content_filtered":"","post_parent":0,"guid":"http:\/\/dev.claret.cat\/autor\/alina-not\/","menu_order":0,"post_type":"autor","post_mime_type":"","comment_count":"0","filter":"raw"}]},"aioseo_notices":[],"_links":{"self":[{"href":"https:\/\/www.claret.cat\/es\/wp-json\/wp\/v2\/product\/410933","targetHints":{"allow":["GET"]}}],"collection":[{"href":"https:\/\/www.claret.cat\/es\/wp-json\/wp\/v2\/product"}],"about":[{"href":"https:\/\/www.claret.cat\/es\/wp-json\/wp\/v2\/types\/product"}],"wp:featuredmedia":[{"embeddable":true,"href":"https:\/\/www.claret.cat\/es\/wp-json\/wp\/v2\/media\/410934"}],"wp:attachment":[{"href":"https:\/\/www.claret.cat\/es\/wp-json\/wp\/v2\/media?parent=410933"}],"wp:term":[{"taxonomy":"product_brand","embeddable":true,"href":"https:\/\/www.claret.cat\/es\/wp-json\/wp\/v2\/product_brand?post=410933"},{"taxonomy":"product_cat","embeddable":true,"href":"https:\/\/www.claret.cat\/es\/wp-json\/wp\/v2\/product_cat?post=410933"},{"taxonomy":"product_tag","embeddable":true,"href":"https:\/\/www.claret.cat\/es\/wp-json\/wp\/v2\/product_tag?post=410933"}],"curies":[{"name":"wp","href":"https:\/\/api.w.org\/{rel}","templated":true}]}}