{"id":410975,"date":"2023-03-08T13:50:01","date_gmt":"2023-03-08T12:50:01","guid":{"rendered":"https:\/\/www.claret.cat\/llibre\/tecnica-y-totalitarismo-9788417796792\/"},"modified":"2023-10-11T03:58:06","modified_gmt":"2023-10-11T01:58:06","slug":"tecnica-y-totalitarismo-9788417796792","status":"publish","type":"product","link":"https:\/\/www.claret.cat\/es\/libro\/tecnica-y-totalitarismo-9788417796792\/","title":{"rendered":"T\u00c9CNICA Y TOTALITARISMO"},"content":{"rendered":"<p>La tecnolog\u00eda es como el fuego. Si la usamos como herramienta, con contenci\u00f3n, es \u00fatil. Pero sin contenci\u00f3n su efecto puede ser devastador.<\/p>\n<p> Toda nueva tecnolog\u00eda transforma las relaciones humanas y las relaciones de poder. Las nuevas tecnolog\u00edas digitales \u00bfno tienen algo del Anillo del Poder de Tolkien, que seduce y \u2014a la vez\u2014 atrapa y hace que la persona sea vigilada y explotada a distancia? El Anillo del Poder de Tolkien tiene una inscripci\u00f3n oculta que solo se ve en contacto con el fuego. Cuando se enciende la digitalizaci\u00f3n del mundo, \u00bfqu\u00e9 vemos?:<br \/> \u00bf\u00abseguridad, eficiencia y progreso\u00bb o \u00abcontrol, vigilancia y deshumanizaci\u00f3n\u00bb?<\/p>\n<p> Partiendo de la confluencia entre el conocimiento cient\u00edfico (la psicolog\u00eda, la neurociencia, la sociolog\u00eda de las nuevas tecnolog\u00edas, la historia de la ciencia) y human\u00edstico (el universo literario de Tolkien, la intuici\u00f3n po\u00e9tica de Rilke, el an\u00e1lisis del totalitarismo de Hannah Arendt, la filosof\u00eda de Agamben), T\u00e9cnica y totalitarismo analiza y confronta las propuestas, cada vez m\u00e1s influyentes, que reducen los seres humanos a datos y algoritmos y que nos preparan para aceptar ingenuamente una nueva forma de totalismo tecnocr\u00e1tico.<\/p>\n<p> A la vez, T\u00e9cnica y totalitarismo invita a redescubrir el valor de la existencia, \u00fanica e irrepetible, de cada ser humano.<\/p>\n","protected":false},"excerpt":{"rendered":"<p>PIGEM, JORDI<\/p>\n","protected":false},"featured_media":410976,"template":"","meta":{"_acf_changed":false,"om_disable_all_campaigns":false,"rs_blank_template":"","rs_page_bg_color":"","slide_template_v7":"","inline_featured_image":false,"_monsterinsights_skip_tracking":false,"_monsterinsights_sitenote_active":false,"_monsterinsights_sitenote_note":"","_monsterinsights_sitenote_category":0},"product_brand":[],"product_cat":[120,569],"product_tag":[],"class_list":{"0":"post-410975","1":"product","2":"type-product","3":"status-publish","4":"has-post-thumbnail","6":"product_cat-politica","7":"product_cat-politica-2_humanidades-spa","9":"first","10":"instock","11":"taxable","12":"shipping-taxable","13":"purchasable","14":"product-type-simple"},"acf":{"autor":"PIGEM, JORDI","codart":"841779679","libros-coleccion":"Fragmentos","ediciones":"1","encuadernacion":"R\u00fastica","fecha_de_publicacion":"01\/03\/2023","novedad":"1","paginas":"186","subtitulo":"DIGITALIZACI\u00d3N, DESHUMANIZACI\u00d3N Y LOS ANILLOS DEL PODER GLOBAL","orden":"0","portada":"0","idioma":"spa","editorial":[{"ID":6258,"post_author":"3","post_date":"2022-07-28 17:48:20","post_date_gmt":"2022-07-28 15:48:20","post_content":"","post_title":"FRAGMENTA EDITORIAL","post_excerpt":"","post_status":"publish","comment_status":"closed","ping_status":"closed","post_password":"","post_name":"fragmenta-editorial","to_ping":"","pinged":"","post_modified":"2022-07-28 17:48:20","post_modified_gmt":"2022-07-28 15:48:20","post_content_filtered":"","post_parent":0,"guid":"http:\/\/dev.claret.cat\/editorial\/fragmenta-editorial\/","menu_order":0,"post_type":"editorial","post_mime_type":"","comment_count":"0","filter":"raw"}],"autores-libros":[{"ID":159976,"post_author":"3","post_date":"2022-10-14 15:49:17","post_date_gmt":"2022-10-14 13:49:17","post_content":"","post_title":"JORDI PIGEM","post_excerpt":"","post_status":"publish","comment_status":"closed","ping_status":"closed","post_password":"","post_name":"jordi-pigem","to_ping":"","pinged":"","post_modified":"2022-10-14 15:49:17","post_modified_gmt":"2022-10-14 13:49:17","post_content_filtered":"","post_parent":0,"guid":"http:\/\/dev.claret.cat\/autor\/jordi-pigem\/","menu_order":0,"post_type":"autor","post_mime_type":"","comment_count":"0","filter":"raw"}]},"aioseo_notices":[],"_links":{"self":[{"href":"https:\/\/www.claret.cat\/es\/wp-json\/wp\/v2\/product\/410975","targetHints":{"allow":["GET"]}}],"collection":[{"href":"https:\/\/www.claret.cat\/es\/wp-json\/wp\/v2\/product"}],"about":[{"href":"https:\/\/www.claret.cat\/es\/wp-json\/wp\/v2\/types\/product"}],"wp:featuredmedia":[{"embeddable":true,"href":"https:\/\/www.claret.cat\/es\/wp-json\/wp\/v2\/media\/410976"}],"wp:attachment":[{"href":"https:\/\/www.claret.cat\/es\/wp-json\/wp\/v2\/media?parent=410975"}],"wp:term":[{"taxonomy":"product_brand","embeddable":true,"href":"https:\/\/www.claret.cat\/es\/wp-json\/wp\/v2\/product_brand?post=410975"},{"taxonomy":"product_cat","embeddable":true,"href":"https:\/\/www.claret.cat\/es\/wp-json\/wp\/v2\/product_cat?post=410975"},{"taxonomy":"product_tag","embeddable":true,"href":"https:\/\/www.claret.cat\/es\/wp-json\/wp\/v2\/product_tag?post=410975"}],"curies":[{"name":"wp","href":"https:\/\/api.w.org\/{rel}","templated":true}]}}