{"id":411127,"date":"2023-03-08T17:20:20","date_gmt":"2023-03-08T16:20:20","guid":{"rendered":"https:\/\/www.claret.cat\/llibre\/dani-tiene-una-hermanita-9788426735454\/"},"modified":"2023-10-11T03:57:34","modified_gmt":"2023-10-11T01:57:34","slug":"dani-tiene-una-hermanita-9788426735454","status":"publish","type":"product","link":"https:\/\/www.claret.cat\/es\/libro\/dani-tiene-una-hermanita-9788426735454\/","title":{"rendered":"DANI TIENE UNA HERMANITA"},"content":{"rendered":"<p>Escrito por una psic\u00f3loga especialista en inteligencia emocional.  Dirigido a ni\u00f1os y ni\u00f1as de entre 2 y 6 a\u00f1os.  Dani ha tenido una hermanita y siente muchas emociones desagradables. \u00bfCrees que conseguir\u00e1 sentirse mejor al hablar con los adultos? \u00bfQuieres ayudarla a sentirse mejor?  Los celos se consideran un fen\u00f3meno universal, pero su intensidad y duraci\u00f3n dependen de c\u00f3mo se maneja esta emoci\u00f3n y de la vinculaci\u00f3n afectiva que tengan padres y madres con su hijo o hija, es decir, del apego seguro. Cuando llega un nuevo miembro a la familia, los peques pueden sentir miedo a ser sustituidos en el coraz\u00f3n de la persona querida, porque creen que el amor que les da su madre debe ser exclusivo. Entonces se rompe el sentimiento de confianza b\u00e1sica que engloba el saberse aceptado incondicionalmente, protegido y amado. Este cuento sirve para que el ni\u00f1o entienda que el amor de su familia es inmenso e infinito, y as\u00ed no temer\u00e1 perder su afecto al compartirlo con su nuevo hermano.  Este cuento proporciona un lenguaje claro, sencillo y divertido desde las aventuras cercanas, interactivas y divertidas de Dani. Contiene elementos que ayudan a entender la dif\u00edcil situaci\u00f3n por la que pasa la protagonista y permite sacar a la luz parte del universo interior del peque\u00f1o\/a lector\/a:  &#8211; Preguntas que fomentan la reflexi\u00f3n y el desarrollo de la inteligencia emocional. &#8211; Elemento de transici\u00f3n a buscar por las p\u00e1ginas del cuento. &#8211; Juegos para los peque\u00f1os lectores. &#8211; Recomendaciones para adultos. &#8211; Emocisobre al final del cuento. &#8211; Dos tr\u00edpticos que aportan una mayor creatividad y riqueza a la historia.  La autora de este cuento es Bego\u00f1a Ibarrola, Licenciada en Psicolog\u00eda por la Universidad Complutense de Madrid. Experta en educaci\u00f3n emocional, inteligencias m\u00faltiples, musicoterapia y neuroeducaci\u00f3n. Terapeuta infantil y juvenil durante quince a\u00f1os. Formadora de profesorado y familias en diferentes organizaciones. Autora de m\u00e1s de 250 cuentos, traducidos algunos a diez idiomas. En la editorial Sentir es autora del cuento Comprende a Miedo, de la colecci\u00f3n Plant\u00e1nimals.  Si quiere explicar otro tipo de situaciones complejas a ni\u00f1os\/as y no sabe c\u00f3mo, no se pierda los otros libros de la colecci\u00f3n Crecicuentos y Senticuentos.<\/p>\n","protected":false},"excerpt":{"rendered":"<p>IBARROLA, BEGO\u00d1A<\/p>\n","protected":false},"featured_media":411128,"template":"","meta":{"_acf_changed":false,"om_disable_all_campaigns":false,"rs_blank_template":"","rs_page_bg_color":"","slide_template_v7":"","inline_featured_image":false,"_monsterinsights_skip_tracking":false,"_monsterinsights_sitenote_active":false,"_monsterinsights_sitenote_note":"","_monsterinsights_sitenote_category":0},"product_brand":[],"product_cat":[132,362],"product_tag":[],"class_list":{"0":"post-411127","1":"product","2":"type-product","3":"status-publish","4":"has-post-thumbnail","6":"product_cat-lectures-per-preadolescents-6-12-anys","7":"product_cat-libros-preadolescentes-6-12-anos","9":"first","10":"instock","11":"taxable","12":"shipping-taxable","13":"purchasable","14":"product-type-simple"},"acf":{"autor":"IBARROLA, BEGO\u00d1A","codart":"842673545","libros-coleccion":"CRECICUENTOS","ediciones":"1","encuadernacion":"Carton\u00e9","fecha_de_publicacion":"01\/01\/2023","novedad":"1","paginas":"45","subtitulo":"COMPRENDER LOS CELOS","orden":"0","portada":"0","idioma":"spa","editorial":[{"ID":6301,"post_author":"3","post_date":"2022-07-28 17:49:15","post_date_gmt":"2022-07-28 15:49:15","post_content":"","post_title":"Marcombo","post_excerpt":"","post_status":"publish","comment_status":"closed","ping_status":"closed","post_password":"","post_name":"marcombo","to_ping":"","pinged":"","post_modified":"2022-07-28 17:49:15","post_modified_gmt":"2022-07-28 15:49:15","post_content_filtered":"","post_parent":0,"guid":"http:\/\/dev.claret.cat\/editorial\/marcombo\/","menu_order":0,"post_type":"editorial","post_mime_type":"","comment_count":"0","filter":"raw"}],"autores-libros":[{"ID":151479,"post_author":"3","post_date":"2022-10-14 14:41:12","post_date_gmt":"2022-10-14 12:41:12","post_content":"","post_title":"BEGO\u00d1A IBARROLA","post_excerpt":"","post_status":"publish","comment_status":"closed","ping_status":"closed","post_password":"","post_name":"begona-ibarrola","to_ping":"","pinged":"","post_modified":"2022-10-14 14:41:12","post_modified_gmt":"2022-10-14 12:41:12","post_content_filtered":"","post_parent":0,"guid":"http:\/\/dev.claret.cat\/autor\/begona-ibarrola\/","menu_order":0,"post_type":"autor","post_mime_type":"","comment_count":"0","filter":"raw"}]},"aioseo_notices":[],"_links":{"self":[{"href":"https:\/\/www.claret.cat\/es\/wp-json\/wp\/v2\/product\/411127","targetHints":{"allow":["GET"]}}],"collection":[{"href":"https:\/\/www.claret.cat\/es\/wp-json\/wp\/v2\/product"}],"about":[{"href":"https:\/\/www.claret.cat\/es\/wp-json\/wp\/v2\/types\/product"}],"wp:featuredmedia":[{"embeddable":true,"href":"https:\/\/www.claret.cat\/es\/wp-json\/wp\/v2\/media\/411128"}],"wp:attachment":[{"href":"https:\/\/www.claret.cat\/es\/wp-json\/wp\/v2\/media?parent=411127"}],"wp:term":[{"taxonomy":"product_brand","embeddable":true,"href":"https:\/\/www.claret.cat\/es\/wp-json\/wp\/v2\/product_brand?post=411127"},{"taxonomy":"product_cat","embeddable":true,"href":"https:\/\/www.claret.cat\/es\/wp-json\/wp\/v2\/product_cat?post=411127"},{"taxonomy":"product_tag","embeddable":true,"href":"https:\/\/www.claret.cat\/es\/wp-json\/wp\/v2\/product_tag?post=411127"}],"curies":[{"name":"wp","href":"https:\/\/api.w.org\/{rel}","templated":true}]}}