{"id":411140,"date":"2023-03-08T17:35:17","date_gmt":"2023-03-08T16:35:17","guid":{"rendered":"https:\/\/www.claret.cat\/llibre\/anem-a-veure-el-cos-huma-9788413893181\/"},"modified":"2025-10-20T21:46:53","modified_gmt":"2025-10-20T19:46:53","slug":"anem-a-veure-el-cos-huma-9788413893181","status":"publish","type":"product","link":"https:\/\/www.claret.cat\/es\/libro\/anem-a-veure-el-cos-huma-9788413893181\/","title":{"rendered":"ANEM A VEURE EL COS HUM\u00c0"},"content":{"rendered":"<p>Prepara&#8221;t per fer un viatge fascinant a trav\u00e9s de les capes d&#8221;aquest llibre.<br \/> Un llibre perfecte per descobrir el cos hum\u00e0 per dins! Cont\u00e9 un munt d&#8221;informaci\u00f3 espec\u00edfica, variada i explicada de manera irreverent, perfecte als nens i les nenes interessats en el funcionament del seu cos.<br \/> Explora el cos hum\u00e0 en aquest llibre interactiu! Un llibre de coneixements de cartr\u00f3 resistent i gran format que cont\u00e9 uns troquells a cada p\u00e0gina que ajuden a separar les parts del cos.<br \/> Cada doble p\u00e0gina inclou un divertit\u00a0joc de busca i troba, i al final del llibre hi trobar\u00e0s m\u00e9s de 50 paraules de vocabulari.<br \/> Acompanya la Berta, el seu germ\u00e0 Bernat i el gosset Pelut mentre viatgen<br \/>per l&#8221;interior del cos hum\u00e0. Comen\u00e7a pel cervell i recorre totes les parts<br \/>del cos: passa pel cor i els seus batecs, per l&#8221;est\u00f3mac que fa sorolls i per tots\u00a0aquells m\u00fasculs que treballen sense parar! Descobreix tots els secrets que\u00a0amaga el teu cos!<\/p>\n<p> Quants ossos t\u00e9 el cos?<br \/> Qu\u00e8 passa dins dels intestins?<br \/> Com es defensa l&#8221;organisme davant dels g\u00e8rmens?<\/p>\n<p> Viatgem a l&#8221;interior del cos huma i descobrim-ho!<br \/> Un t\u00edtol pensat per a nens i nenes a partir de 5 anys.<br \/> T\u00edtols de la col\u00b7lecci\u00f3 Anem a\u2026: <\/p>\n<p> Anem a la selva<br \/> Anem a l&#8221;espai<br \/> Anem a l&#8221;oce\u00e0<br \/> Anem a veure dinosaures<br \/> Anem a veure el cos hum\u00e0<\/p>\n","protected":false},"excerpt":{"rendered":"<p>KNAPMAN, TIMOTHY \/ ROBINS, WESLEY<\/p>\n","protected":false},"featured_media":411141,"template":"","meta":{"_acf_changed":false,"om_disable_all_campaigns":false,"rs_blank_template":"","rs_page_bg_color":"","slide_template_v7":"","inline_featured_image":false,"_monsterinsights_skip_tracking":false,"_monsterinsights_sitenote_active":false,"_monsterinsights_sitenote_note":"","_monsterinsights_sitenote_category":0},"product_brand":[],"product_cat":[131,132,361,362],"product_tag":[],"class_list":{"0":"post-411140","1":"product","2":"type-product","3":"status-publish","4":"has-post-thumbnail","6":"product_cat-contes-per-infants-0-6-anys","7":"product_cat-lectures-per-preadolescents-6-12-anys","8":"product_cat-cuentos-para-ninos-0-6-anos","9":"product_cat-libros-preadolescentes-6-12-anos","11":"first","12":"instock","13":"taxable","14":"shipping-taxable","15":"purchasable","16":"product-type-simple"},"acf":{"autor":"KNAPMAN, TIMOTHY \/ ROBINS, WESLEY","codart":"841389318","libros-coleccion":"Llibres de coneixement","ediciones":"1","encuadernacion":"Carpeta","fecha_de_publicacion":"01\/03\/2023","novedad":"1","paginas":"18","subtitulo":"DESCOBREIX COM \u00c9S EL TEU COS PER DINS!","orden":"0","portada":"0","idioma":"cat","editorial":[{"ID":6249,"post_author":"3","post_date":"2022-07-28 17:48:09","post_date_gmt":"2022-07-28 15:48:09","post_content":"","post_title":"Estrella Polar","post_excerpt":"","post_status":"publish","comment_status":"closed","ping_status":"closed","post_password":"","post_name":"estrella-polar","to_ping":"","pinged":"","post_modified":"2022-07-28 17:48:09","post_modified_gmt":"2022-07-28 15:48:09","post_content_filtered":"","post_parent":0,"guid":"http:\/\/dev.claret.cat\/editorial\/estrella-polar\/","menu_order":0,"post_type":"editorial","post_mime_type":"","comment_count":"0","filter":"raw"}],"autores-libros":[{"ID":171266,"post_author":"3","post_date":"2022-10-14 22:42:00","post_date_gmt":"2022-10-14 20:42:00","post_content":"","post_title":"WESLEY ROBINS","post_excerpt":"","post_status":"publish","comment_status":"closed","ping_status":"closed","post_password":"","post_name":"wesley-robins","to_ping":"","pinged":"","post_modified":"2022-10-14 22:42:00","post_modified_gmt":"2022-10-14 20:42:00","post_content_filtered":"","post_parent":0,"guid":"http:\/\/dev.claret.cat\/autor\/wesley-robins\/","menu_order":0,"post_type":"autor","post_mime_type":"","comment_count":"0","filter":"raw"},{"ID":170423,"post_author":"3","post_date":"2022-10-14 22:35:12","post_date_gmt":"2022-10-14 20:35:12","post_content":"","post_title":"TIMOTHY KNAPMAN","post_excerpt":"","post_status":"publish","comment_status":"closed","ping_status":"closed","post_password":"","post_name":"timothy-knapman","to_ping":"","pinged":"","post_modified":"2022-10-14 22:35:12","post_modified_gmt":"2022-10-14 20:35:12","post_content_filtered":"","post_parent":0,"guid":"http:\/\/dev.claret.cat\/autor\/timothy-knapman\/","menu_order":0,"post_type":"autor","post_mime_type":"","comment_count":"0","filter":"raw"}],"booktrailer":"","resenas":""},"aioseo_notices":[],"_links":{"self":[{"href":"https:\/\/www.claret.cat\/es\/wp-json\/wp\/v2\/product\/411140","targetHints":{"allow":["GET"]}}],"collection":[{"href":"https:\/\/www.claret.cat\/es\/wp-json\/wp\/v2\/product"}],"about":[{"href":"https:\/\/www.claret.cat\/es\/wp-json\/wp\/v2\/types\/product"}],"wp:featuredmedia":[{"embeddable":true,"href":"https:\/\/www.claret.cat\/es\/wp-json\/wp\/v2\/media\/411141"}],"wp:attachment":[{"href":"https:\/\/www.claret.cat\/es\/wp-json\/wp\/v2\/media?parent=411140"}],"wp:term":[{"taxonomy":"product_brand","embeddable":true,"href":"https:\/\/www.claret.cat\/es\/wp-json\/wp\/v2\/product_brand?post=411140"},{"taxonomy":"product_cat","embeddable":true,"href":"https:\/\/www.claret.cat\/es\/wp-json\/wp\/v2\/product_cat?post=411140"},{"taxonomy":"product_tag","embeddable":true,"href":"https:\/\/www.claret.cat\/es\/wp-json\/wp\/v2\/product_tag?post=411140"}],"curies":[{"name":"wp","href":"https:\/\/api.w.org\/{rel}","templated":true}]}}