{"id":411213,"date":"2023-03-08T19:15:52","date_gmt":"2023-03-08T18:15:52","guid":{"rendered":"https:\/\/www.claret.cat\/llibre\/hansel-y-gretel-9788491016595\/"},"modified":"2023-10-11T03:56:34","modified_gmt":"2023-10-11T01:56:34","slug":"hansel-y-gretel-9788491016595","status":"publish","type":"product","link":"https:\/\/www.claret.cat\/es\/libro\/hansel-y-gretel-9788491016595\/","title":{"rendered":"HANSEL Y GRETEL"},"content":{"rendered":"<p>Una nueva visi\u00f3n del cuento cl\u00e1sico con una adaptaci\u00f3n moderna de los cuentos y leyendas m\u00e1s c\u00e9lebres. \u00a1Revive la hora del cuento!<\/p>\n","protected":false},"excerpt":{"rendered":"<p>OLID BAEZ, BEL<\/p>\n","protected":false},"featured_media":411214,"template":"","meta":{"_acf_changed":false,"om_disable_all_campaigns":false,"rs_blank_template":"","rs_page_bg_color":"","slide_template_v7":"","inline_featured_image":false,"_monsterinsights_skip_tracking":false,"_monsterinsights_sitenote_active":false,"_monsterinsights_sitenote_note":"","_monsterinsights_sitenote_category":0},"product_brand":[],"product_cat":[132,362],"product_tag":[],"class_list":{"0":"post-411213","1":"product","2":"type-product","3":"status-publish","4":"has-post-thumbnail","6":"product_cat-lectures-per-preadolescents-6-12-anys","7":"product_cat-libros-preadolescentes-6-12-anos","9":"first","10":"instock","11":"taxable","12":"shipping-taxable","13":"purchasable","14":"product-type-simple"},"acf":{"autor":"OLID BAEZ, BEL","codart":"849101659","libros-coleccion":"\u00a1Qu\u00e9 te cuento!","ediciones":"1","encuadernacion":"Carpeta","fecha_de_publicacion":"01\/09\/2021","novedad":"1","paginas":"18","subtitulo":"","orden":"0","portada":"0","idioma":"spa","editorial":[{"ID":147650,"post_author":"3","post_date":"2022-10-14 11:52:12","post_date_gmt":"2022-10-14 09:52:12","post_content":"","post_title":"COMBEL EDITORIL","post_excerpt":"","post_status":"publish","comment_status":"closed","ping_status":"closed","post_password":"","post_name":"combel-editoril","to_ping":"","pinged":"","post_modified":"2022-10-14 11:52:12","post_modified_gmt":"2022-10-14 09:52:12","post_content_filtered":"","post_parent":0,"guid":"http:\/\/dev.claret.cat\/editorial\/combel-editoril\/","menu_order":0,"post_type":"editorial","post_mime_type":"","comment_count":"0","filter":"raw"}],"autores-libros":[{"ID":151492,"post_author":"3","post_date":"2022-10-14 14:41:18","post_date_gmt":"2022-10-14 12:41:18","post_content":"","post_title":"BEL OLID B\u00c1EZ","post_excerpt":"","post_status":"publish","comment_status":"closed","ping_status":"closed","post_password":"","post_name":"bel-olid-baez","to_ping":"","pinged":"","post_modified":"2022-10-14 14:41:18","post_modified_gmt":"2022-10-14 12:41:18","post_content_filtered":"","post_parent":0,"guid":"http:\/\/dev.claret.cat\/autor\/bel-olid-baez\/","menu_order":0,"post_type":"autor","post_mime_type":"","comment_count":"0","filter":"raw"}]},"aioseo_notices":[],"_links":{"self":[{"href":"https:\/\/www.claret.cat\/es\/wp-json\/wp\/v2\/product\/411213","targetHints":{"allow":["GET"]}}],"collection":[{"href":"https:\/\/www.claret.cat\/es\/wp-json\/wp\/v2\/product"}],"about":[{"href":"https:\/\/www.claret.cat\/es\/wp-json\/wp\/v2\/types\/product"}],"wp:featuredmedia":[{"embeddable":true,"href":"https:\/\/www.claret.cat\/es\/wp-json\/wp\/v2\/media\/411214"}],"wp:attachment":[{"href":"https:\/\/www.claret.cat\/es\/wp-json\/wp\/v2\/media?parent=411213"}],"wp:term":[{"taxonomy":"product_brand","embeddable":true,"href":"https:\/\/www.claret.cat\/es\/wp-json\/wp\/v2\/product_brand?post=411213"},{"taxonomy":"product_cat","embeddable":true,"href":"https:\/\/www.claret.cat\/es\/wp-json\/wp\/v2\/product_cat?post=411213"},{"taxonomy":"product_tag","embeddable":true,"href":"https:\/\/www.claret.cat\/es\/wp-json\/wp\/v2\/product_tag?post=411213"}],"curies":[{"name":"wp","href":"https:\/\/api.w.org\/{rel}","templated":true}]}}