{"id":411259,"date":"2023-03-09T13:02:29","date_gmt":"2023-03-09T12:02:29","guid":{"rendered":"https:\/\/www.claret.cat\/llibre\/destino-cana-9788428839891\/"},"modified":"2024-05-02T05:16:20","modified_gmt":"2024-05-02T03:16:20","slug":"destino-cana-9788428839891","status":"publish","type":"product","link":"https:\/\/www.claret.cat\/es\/libro\/destino-cana-9788428839891\/","title":{"rendered":"DESTINO CAN\u00c1"},"content":{"rendered":"<p>Seamos claros, comprometerse no est\u00e1 de moda hoy en d\u00eda. De hecho, hay gente que le tiene verdadero pavor a esta palabra, quiz\u00e1 sin tener en cuenta que nuestras propias acciones revelan siempre un compromiso. Aun as\u00ed, ratificarlo podr\u00eda ser definido como remar a contracorriente, contra la corriente de un mundo que promueve m\u00e1s que nunca el individualismo, el vivir por m\u00ed y para m\u00ed.<\/p>\n<p>Este libro es el resultado de m\u00e1s de veinte a\u00f1os dando cursos prematrimoniales sobre los siguientes temas: el amor, la convivencia, la paternidad y el sacramento. Las tres primeras son responsabilidad de una o varias parejas. La cuarta la imparte un sacerdote. M\u00e1s de doscientos matrimonios han pasado por nuestras charlas antes de darse el \u00abs\u00ed\u00bb definitivo. Ellos nos han ense\u00f1ado miles de cosas y creemos que tambi\u00e9n nosotros hemos sido capaces de dejarles algo que les sirviera.<\/p>\n","protected":false},"excerpt":{"rendered":"<p>BARRADO MUX\u00cd, MAR\u00cdA DOLORES<\/p>\n","protected":false},"featured_media":411260,"template":"","meta":{"_acf_changed":false,"om_disable_all_campaigns":false,"rs_blank_template":"","rs_page_bg_color":"","slide_template_v7":"","inline_featured_image":false,"_monsterinsights_skip_tracking":false,"_monsterinsights_sitenote_active":false,"_monsterinsights_sitenote_note":"","_monsterinsights_sitenote_category":0},"product_brand":[],"product_cat":[270,408,250,397],"product_tag":[],"class_list":{"0":"post-411259","1":"product","2":"type-product","3":"status-publish","4":"has-post-thumbnail","6":"product_cat-familiar-pastoral","7":"product_cat-familiar-pastoral-1_espiritualidad","8":"product_cat-matrimoni","9":"product_cat-matrimonio","11":"first","12":"instock","13":"taxable","14":"shipping-taxable","15":"purchasable","16":"product-type-simple"},"acf":{"autor":"BARRADO MUX\u00cd, MAR\u00cdA DOLORES","codart":"842883989","libros-coleccion":"PASTORAL","ediciones":"1","encuadernacion":"R\u00fastica","fecha_de_publicacion":"09\/03\/2023","novedad":"1","paginas":"143","subtitulo":"","orden":"0","portada":"0","idioma":"spa","editorial":[{"ID":6335,"post_author":"3","post_date":"2022-07-28 17:49:59","post_date_gmt":"2022-07-28 15:49:59","post_content":"","post_title":"PPC altres","post_excerpt":"","post_status":"publish","comment_status":"closed","ping_status":"closed","post_password":"","post_name":"ppc-altres","to_ping":"","pinged":"","post_modified":"2022-07-28 17:49:59","post_modified_gmt":"2022-07-28 15:49:59","post_content_filtered":"","post_parent":0,"guid":"http:\/\/dev.claret.cat\/editorial\/ppc-altres\/","menu_order":0,"post_type":"editorial","post_mime_type":"","comment_count":"0","filter":"raw"}],"autores-libros":[{"ID":411258,"post_author":"3","post_date":"2023-03-09 13:00:25","post_date_gmt":"2023-03-09 12:00:25","post_content":"","post_title":"MAR\u00cdA DOLORES BARRADO MUX\u00cd","post_excerpt":"","post_status":"publish","comment_status":"closed","ping_status":"closed","post_password":"","post_name":"maria-dolores-barrado-muxi","to_ping":"","pinged":"","post_modified":"2023-03-09 13:00:25","post_modified_gmt":"2023-03-09 12:00:25","post_content_filtered":"","post_parent":0,"guid":"https:\/\/www.claret.cat\/autor\/maria-dolores-barrado-muxi\/","menu_order":0,"post_type":"autor","post_mime_type":"","comment_count":"0","filter":"raw"}]},"aioseo_notices":[],"_links":{"self":[{"href":"https:\/\/www.claret.cat\/es\/wp-json\/wp\/v2\/product\/411259","targetHints":{"allow":["GET"]}}],"collection":[{"href":"https:\/\/www.claret.cat\/es\/wp-json\/wp\/v2\/product"}],"about":[{"href":"https:\/\/www.claret.cat\/es\/wp-json\/wp\/v2\/types\/product"}],"wp:featuredmedia":[{"embeddable":true,"href":"https:\/\/www.claret.cat\/es\/wp-json\/wp\/v2\/media\/411260"}],"wp:attachment":[{"href":"https:\/\/www.claret.cat\/es\/wp-json\/wp\/v2\/media?parent=411259"}],"wp:term":[{"taxonomy":"product_brand","embeddable":true,"href":"https:\/\/www.claret.cat\/es\/wp-json\/wp\/v2\/product_brand?post=411259"},{"taxonomy":"product_cat","embeddable":true,"href":"https:\/\/www.claret.cat\/es\/wp-json\/wp\/v2\/product_cat?post=411259"},{"taxonomy":"product_tag","embeddable":true,"href":"https:\/\/www.claret.cat\/es\/wp-json\/wp\/v2\/product_tag?post=411259"}],"curies":[{"name":"wp","href":"https:\/\/api.w.org\/{rel}","templated":true}]}}