{"id":411308,"date":"2023-03-09T14:10:26","date_gmt":"2023-03-09T13:10:26","guid":{"rendered":"https:\/\/www.claret.cat\/llibre\/sports-popup-9788491015789\/"},"modified":"2023-12-18T16:40:12","modified_gmt":"2023-12-18T15:40:12","slug":"sports-popup-9788491015789","status":"publish","type":"product","link":"https:\/\/www.claret.cat\/es\/libro\/sports-popup-9788491015789\/","title":{"rendered":"SPORTS POP-UP"},"content":{"rendered":"<p>Fer esport \u00e9s convenient, tant per al cos com per a la ment. En equip o individual, tria&#8221;n un, \u00e9s ben igual. Es mostren en format pop-up els esports m\u00e9s habituals que acostumen a practicar els nens i les nenes d&#8221;aquestes edats i un protagonista encuriosit que, en una setmana, els voldr\u00e0 provar tots. Quin final l&#8221;espera! Fer esport \u00e9s divertit!<\/p>\n","protected":false},"excerpt":{"rendered":"<p>MART\u00cd ORRIOLS, MERITXELL<\/p>\n","protected":false},"featured_media":411309,"template":"","meta":{"_acf_changed":false,"om_disable_all_campaigns":false,"rs_blank_template":"","rs_page_bg_color":"","slide_template_v7":"","inline_featured_image":false,"_monsterinsights_skip_tracking":false,"_monsterinsights_sitenote_active":false,"_monsterinsights_sitenote_note":"","_monsterinsights_sitenote_category":0},"product_brand":[],"product_cat":[131,361],"product_tag":[],"class_list":{"0":"post-411308","1":"product","2":"type-product","3":"status-publish","4":"has-post-thumbnail","6":"product_cat-contes-per-infants-0-6-anys","7":"product_cat-cuentos-para-ninos-0-6-anos","9":"first","10":"instock","11":"taxable","12":"shipping-taxable","13":"purchasable","14":"product-type-simple"},"acf":{"autor":"MART\u00cd ORRIOLS, MERITXELL","codart":"849101578","libros-coleccion":"","ediciones":"1","encuadernacion":"Carton\u00e9","fecha_de_publicacion":"01\/02\/2021","novedad":"1","paginas":"12","subtitulo":"","orden":"0","portada":"0","idioma":"cat","editorial":[{"ID":147650,"post_author":"3","post_date":"2022-10-14 11:52:12","post_date_gmt":"2022-10-14 09:52:12","post_content":"","post_title":"COMBEL EDITORIL","post_excerpt":"","post_status":"publish","comment_status":"closed","ping_status":"closed","post_password":"","post_name":"combel-editoril","to_ping":"","pinged":"","post_modified":"2022-10-14 11:52:12","post_modified_gmt":"2022-10-14 09:52:12","post_content_filtered":"","post_parent":0,"guid":"http:\/\/dev.claret.cat\/editorial\/combel-editoril\/","menu_order":0,"post_type":"editorial","post_mime_type":"","comment_count":"0","filter":"raw"}],"autores-libros":[{"ID":164756,"post_author":"3","post_date":"2022-10-14 17:49:38","post_date_gmt":"2022-10-14 15:49:38","post_content":"","post_title":"MERITXELL MART\u00cd ORRIOLS","post_excerpt":"","post_status":"publish","comment_status":"closed","ping_status":"closed","post_password":"","post_name":"meritxell-marti-orriols","to_ping":"","pinged":"","post_modified":"2022-10-14 17:49:38","post_modified_gmt":"2022-10-14 15:49:38","post_content_filtered":"","post_parent":0,"guid":"http:\/\/dev.claret.cat\/autor\/meritxell-marti-orriols\/","menu_order":0,"post_type":"autor","post_mime_type":"","comment_count":"0","filter":"raw"}]},"aioseo_notices":[],"_links":{"self":[{"href":"https:\/\/www.claret.cat\/es\/wp-json\/wp\/v2\/product\/411308","targetHints":{"allow":["GET"]}}],"collection":[{"href":"https:\/\/www.claret.cat\/es\/wp-json\/wp\/v2\/product"}],"about":[{"href":"https:\/\/www.claret.cat\/es\/wp-json\/wp\/v2\/types\/product"}],"wp:featuredmedia":[{"embeddable":true,"href":"https:\/\/www.claret.cat\/es\/wp-json\/wp\/v2\/media\/411309"}],"wp:attachment":[{"href":"https:\/\/www.claret.cat\/es\/wp-json\/wp\/v2\/media?parent=411308"}],"wp:term":[{"taxonomy":"product_brand","embeddable":true,"href":"https:\/\/www.claret.cat\/es\/wp-json\/wp\/v2\/product_brand?post=411308"},{"taxonomy":"product_cat","embeddable":true,"href":"https:\/\/www.claret.cat\/es\/wp-json\/wp\/v2\/product_cat?post=411308"},{"taxonomy":"product_tag","embeddable":true,"href":"https:\/\/www.claret.cat\/es\/wp-json\/wp\/v2\/product_tag?post=411308"}],"curies":[{"name":"wp","href":"https:\/\/api.w.org\/{rel}","templated":true}]}}