{"id":411383,"date":"2023-03-09T17:40:16","date_gmt":"2023-03-09T16:40:16","guid":{"rendered":"https:\/\/www.claret.cat\/llibre\/fortuna-9788419332165\/"},"modified":"2024-07-02T16:10:14","modified_gmt":"2024-07-02T14:10:14","slug":"fortuna-9788419332165","status":"publish","type":"product","link":"https:\/\/www.claret.cat\/es\/libro\/fortuna-9788419332165\/","title":{"rendered":"FORTUNA"},"content":{"rendered":"<p><span>A la Nova York d\u2019inicis de segle XX, tothom coneix en Benjamin i la Helen Rask. Ell \u00e9s un llegendari magnat de Wall Street; ella, la filla brillant d\u2019uns exc\u00e8ntrics arist\u00f2crates. Junts, han assolit el cim d\u2019un m\u00f3n de fortuna que sembla infinita. Per\u00f2 la seva riquesa i grandesa s\u2019envolten de xafarderies, i aviat els rumors sobre les maniobres financeres d\u2019en Benjamin i la solitud de la Helen comencen a escampar-se, al mateix temps que la d\u00e8cada dels aparentment feli\u00e7os anys vint arriba a la fi. Tot i que aquesta, \u00e9s clar, no \u00e9s l\u2019\u00fanica versi\u00f3 de la hist\u00f2ria.<\/span><\/p>\n<p><span> Fortuna ens parla de capitalisme, de classes socials i de cobd\u00edcia. Una novel\u00b7la que acompanya el lector en la recerca de la veritat i ens mostra que el poder manipula els fets i en ref\u00e0 la narrativa segons el seu inter\u00e8s. Una epopeia poli\u00e8drica i elegant que recupera les veus enterrades sota els mites que justifiquen la nostra desigualtat fonamental.<\/span><\/p>\n","protected":false},"excerpt":{"rendered":"<p>D\u00cdAZ, HERN\u00c1N<\/p>\n","protected":false},"featured_media":411384,"template":"","meta":{"_acf_changed":false,"om_disable_all_campaigns":false,"rs_blank_template":"","rs_page_bg_color":"","slide_template_v7":"","inline_featured_image":false,"_monsterinsights_skip_tracking":false,"_monsterinsights_sitenote_active":false,"_monsterinsights_sitenote_note":"","_monsterinsights_sitenote_category":0},"product_brand":[],"product_cat":[127,357],"product_tag":[],"class_list":{"0":"post-411383","1":"product","2":"type-product","3":"status-publish","4":"has-post-thumbnail","6":"product_cat-novella-contemporania","7":"product_cat-novela-contemporanea","9":"first","10":"instock","11":"taxable","12":"shipping-taxable","13":"purchasable","14":"product-type-simple"},"acf":{"autor":"D\u00cdAZ, HERN\u00c1N","codart":"841933216","libros-coleccion":"Ant\u00edpoda","ediciones":"1","encuadernacion":"R\u00fastica","fecha_de_publicacion":"01\/03\/2023","novedad":"1","paginas":"461","subtitulo":"","orden":"1000","portada":"0","idioma":"cat","editorial":[{"ID":6213,"post_author":"3","post_date":"2022-07-28 17:47:17","post_date_gmt":"2022-07-28 15:47:17","post_content":"","post_title":"EDICIONS DEL PERISCOPI","post_excerpt":"","post_status":"publish","comment_status":"closed","ping_status":"closed","post_password":"","post_name":"edicions-del-periscopi","to_ping":"","pinged":"","post_modified":"2022-07-28 17:47:17","post_modified_gmt":"2022-07-28 15:47:17","post_content_filtered":"","post_parent":0,"guid":"http:\/\/dev.claret.cat\/editorial\/edicions-del-periscopi\/","menu_order":0,"post_type":"editorial","post_mime_type":"","comment_count":"0","filter":"raw"}],"autores-libros":[{"ID":157555,"post_author":"3","post_date":"2022-10-14 15:29:45","post_date_gmt":"2022-10-14 13:29:45","post_content":"","post_title":"HERNAN DIAZ","post_excerpt":"","post_status":"publish","comment_status":"closed","ping_status":"closed","post_password":"","post_name":"hernan-diaz","to_ping":"","pinged":"","post_modified":"2022-10-14 15:29:45","post_modified_gmt":"2022-10-14 13:29:45","post_content_filtered":"","post_parent":0,"guid":"http:\/\/dev.claret.cat\/autor\/hernan-diaz\/","menu_order":0,"post_type":"autor","post_mime_type":"","comment_count":"0","filter":"raw"}],"traductores-libros":"","ilustradores-libros":"","formato":"","linkebook":"","precioebook":"0","ebookportada":false,"ficha":"","muestra":"","presentacion":"","booktrailer":"","resenas":"","recomendamos":"","mas_vendido":""},"aioseo_notices":[],"_links":{"self":[{"href":"https:\/\/www.claret.cat\/es\/wp-json\/wp\/v2\/product\/411383","targetHints":{"allow":["GET"]}}],"collection":[{"href":"https:\/\/www.claret.cat\/es\/wp-json\/wp\/v2\/product"}],"about":[{"href":"https:\/\/www.claret.cat\/es\/wp-json\/wp\/v2\/types\/product"}],"wp:featuredmedia":[{"embeddable":true,"href":"https:\/\/www.claret.cat\/es\/wp-json\/wp\/v2\/media\/411384"}],"wp:attachment":[{"href":"https:\/\/www.claret.cat\/es\/wp-json\/wp\/v2\/media?parent=411383"}],"wp:term":[{"taxonomy":"product_brand","embeddable":true,"href":"https:\/\/www.claret.cat\/es\/wp-json\/wp\/v2\/product_brand?post=411383"},{"taxonomy":"product_cat","embeddable":true,"href":"https:\/\/www.claret.cat\/es\/wp-json\/wp\/v2\/product_cat?post=411383"},{"taxonomy":"product_tag","embeddable":true,"href":"https:\/\/www.claret.cat\/es\/wp-json\/wp\/v2\/product_tag?post=411383"}],"curies":[{"name":"wp","href":"https:\/\/api.w.org\/{rel}","templated":true}]}}