{"id":41142,"date":"2022-10-02T19:36:16","date_gmt":"2022-10-02T17:36:16","guid":{"rendered":"http:\/\/dev.claret.cat\/producte\/el-arte-de-cultivar-una-mente-abierta\/"},"modified":"2026-02-02T11:16:56","modified_gmt":"2026-02-02T10:16:56","slug":"el-arte-de-cultivar-una-mente-abierta-9788418223471","status":"publish","type":"product","link":"https:\/\/www.claret.cat\/es\/libro\/el-arte-de-cultivar-una-mente-abierta-9788418223471\/","title":{"rendered":"EL ARTE DE CULTIVAR UNA MENTE ABIERTA"},"content":{"rendered":"<p>Un manual de sabidur\u00eda cl\u00e1sica para aprender a vivir con la serenidad de un esc\u00e9ptico, desafiando los dogmatismos y\u00a0logrando as\u00ed un estado de calma y tranquilidad.El escepticismo es, junto con el estoicismo y el epicure\u00edsmo, una de las tres principales escuelas de la filosof\u00eda griega antigua.\u00a0Es\u00a0una manera de pensar y una forma de vida. Esta inigualable introducci\u00f3n al escepticismo\u00a0ofrece\u00a0una traducci\u00f3n fresca y moderna de los pasajes\u00a0fundamentales\u00a0de\u00a0la obra\u00a0de Sexto Emp\u00edrico, el \u00fanico esc\u00e9ptico griego cuyos escritos han llegado hasta\u00a0nuestros d\u00edas.Si bien en la vida diaria se contentaba con\u00a0aceptar\u00a0las cosas tal como aparentaban ser, Sexto ide\u00f3 un conjunto de t\u00e9cnicas para lograrlo. En esencia, se trata de suspender de manera radical el juicio acerca de c\u00f3mo son realmente las cosas. Sexto cre\u00eda que no juzgar es \u00fatil para desafiar los dogmatismos y\u00a0para lograr un estado de calma y tranquilidad. Lo que podemos aprender de Sexto hoy\u00a0es la actitud de estar siempre dispuestos a considerar puntos de vista opuestos y no aferrarnos a respuestas definitivas, algo que sin duda conduce a una mayor apertura mental.El arte de cultivar una mente abierta presenta una magn\u00edfica selecci\u00f3n de pasajes de la obra de Sexto Emp\u00edrico, un ant\u00eddoto perfecto contra el dogmatismo de nuestro mundo polarizado.<\/p>\n","protected":false},"excerpt":{"rendered":"<p>EMP\u00cdRICO, SEXTO<\/p>\n","protected":false},"featured_media":57503,"template":"","meta":{"_acf_changed":false,"om_disable_all_campaigns":false,"rs_blank_template":"","rs_page_bg_color":"","slide_template_v7":"","inline_featured_image":false,"_monsterinsights_skip_tracking":false,"_monsterinsights_sitenote_active":false,"_monsterinsights_sitenote_note":"","_monsterinsights_sitenote_category":0},"product_brand":[],"product_cat":[373,166],"product_tag":[],"class_list":{"0":"post-41142","1":"product","2":"type-product","3":"status-publish","4":"has-post-thumbnail","6":"product_cat-autores","7":"product_cat-autors-filosofia","9":"first","10":"instock","11":"taxable","12":"shipping-taxable","13":"purchasable","14":"product-type-simple"},"acf":{"autor":"EMP\u00cdRICO, SEXTO","codart":"841822347","libros-coleccion":"FORA DE COL.LECCI\u00d3","ediciones":"1","encuadernacion":"R\u00fastica","fecha_de_publicacion":"01\/03\/2022","novedad":"1","paginas":"127","subtitulo":"UN MANUAL DE SABIDUR\u00cdA CL\u00c1SICA PARA VIVIR CON LA SERENIDAD DE UN ESC\u00c9PTICO","orden":"0","portada":"0","idioma":"spa","editorial":[{"ID":6204,"post_author":"3","post_date":"2022-07-28 17:47:05","post_date_gmt":"2022-07-28 15:47:05","post_content":"","post_title":"Ediciones Koan","post_excerpt":"","post_status":"publish","comment_status":"closed","ping_status":"closed","post_password":"","post_name":"ediciones-koan","to_ping":"","pinged":"","post_modified":"2022-07-28 17:47:05","post_modified_gmt":"2022-07-28 15:47:05","post_content_filtered":"","post_parent":0,"guid":"http:\/\/dev.claret.cat\/editorial\/ediciones-koan\/","menu_order":0,"post_type":"editorial","post_mime_type":"","comment_count":"0","filter":"raw"}],"autores-libros":[{"ID":169385,"post_author":"3","post_date":"2022-10-14 22:26:49","post_date_gmt":"2022-10-14 20:26:49","post_content":"","post_title":"SEXTO EMP\u00cdRICO","post_excerpt":"","post_status":"publish","comment_status":"closed","ping_status":"closed","post_password":"","post_name":"sexto-empirico","to_ping":"","pinged":"","post_modified":"2022-10-14 22:26:49","post_modified_gmt":"2022-10-14 20:26:49","post_content_filtered":"","post_parent":0,"guid":"http:\/\/dev.claret.cat\/autor\/sexto-empirico\/","menu_order":0,"post_type":"autor","post_mime_type":"","comment_count":"0","filter":"raw"}],"booktrailer":"","resenas":""},"aioseo_notices":[],"_links":{"self":[{"href":"https:\/\/www.claret.cat\/es\/wp-json\/wp\/v2\/product\/41142","targetHints":{"allow":["GET"]}}],"collection":[{"href":"https:\/\/www.claret.cat\/es\/wp-json\/wp\/v2\/product"}],"about":[{"href":"https:\/\/www.claret.cat\/es\/wp-json\/wp\/v2\/types\/product"}],"wp:featuredmedia":[{"embeddable":true,"href":"https:\/\/www.claret.cat\/es\/wp-json\/wp\/v2\/media\/57503"}],"wp:attachment":[{"href":"https:\/\/www.claret.cat\/es\/wp-json\/wp\/v2\/media?parent=41142"}],"wp:term":[{"taxonomy":"product_brand","embeddable":true,"href":"https:\/\/www.claret.cat\/es\/wp-json\/wp\/v2\/product_brand?post=41142"},{"taxonomy":"product_cat","embeddable":true,"href":"https:\/\/www.claret.cat\/es\/wp-json\/wp\/v2\/product_cat?post=41142"},{"taxonomy":"product_tag","embeddable":true,"href":"https:\/\/www.claret.cat\/es\/wp-json\/wp\/v2\/product_tag?post=41142"}],"curies":[{"name":"wp","href":"https:\/\/api.w.org\/{rel}","templated":true}]}}