{"id":411431,"date":"2023-03-09T18:06:32","date_gmt":"2023-03-09T17:06:32","guid":{"rendered":"https:\/\/www.claret.cat\/llibre\/esa-es-mi-flor-9788418749780\/"},"modified":"2023-10-11T03:53:59","modified_gmt":"2023-10-11T01:53:59","slug":"esa-es-mi-flor-9788418749780","status":"publish","type":"product","link":"https:\/\/www.claret.cat\/es\/libro\/esa-es-mi-flor-9788418749780\/","title":{"rendered":"\u00a1ESA ES MI FLOR!"},"content":{"rendered":"<p>Cuando descubre una preciosa flor<\/p>\n<p> creciendo en el bosque, Ardilla decide que es suya.<\/p>\n<p> Despu\u00e9s de lo que pas\u00f3 con las hojas en oto\u00f1o,<\/p>\n<p> nuestra amiga est\u00e1 decidida a mantenerla a salvo. <\/p>\n<p> Pero quiz\u00e1s Ardilla quiere protegerla demasiado\u2026<\/p>\n<p> \u00a1Al fin y al cabo, incluso las flores necesitan su espacio!<\/p>\n<p> Junto a Ardilla, P\u00e1jaro y las dem\u00e1s criaturas <\/p>\n<p> del bosque, descubrir\u00e1s los cambios de la<br \/>  primavera y aprender\u00e1s much\u00edsimas cosas <br \/> por el camino.<\/p>\n","protected":false},"excerpt":{"rendered":"<p>HEMMING, ALICE<\/p>\n","protected":false},"featured_media":411432,"template":"","meta":{"_acf_changed":false,"om_disable_all_campaigns":false,"rs_blank_template":"","rs_page_bg_color":"","slide_template_v7":"","inline_featured_image":false,"_monsterinsights_skip_tracking":false,"_monsterinsights_sitenote_active":false,"_monsterinsights_sitenote_note":"","_monsterinsights_sitenote_category":0},"product_brand":[],"product_cat":[132,362],"product_tag":[],"class_list":{"0":"post-411431","1":"product","2":"type-product","3":"status-publish","4":"has-post-thumbnail","6":"product_cat-lectures-per-preadolescents-6-12-anys","7":"product_cat-libros-preadolescentes-6-12-anos","9":"first","10":"instock","11":"taxable","12":"shipping-taxable","13":"purchasable","14":"product-type-simple"},"acf":{"autor":"HEMMING, ALICE","codart":"841874978","libros-coleccion":"MIAU ALBUM INFANTIL","ediciones":"1","encuadernacion":"Carton\u00e9","fecha_de_publicacion":"01\/03\/2023","novedad":"1","paginas":"45","subtitulo":"","orden":"0","portada":"0","idioma":"spa","editorial":[{"ID":147821,"post_author":"3","post_date":"2022-10-14 11:53:28","post_date_gmt":"2022-10-14 09:53:28","post_content":"","post_title":"Ediciones Jaguar","post_excerpt":"","post_status":"publish","comment_status":"closed","ping_status":"closed","post_password":"","post_name":"ediciones-jaguar","to_ping":"","pinged":"","post_modified":"2022-10-14 11:53:28","post_modified_gmt":"2022-10-14 09:53:28","post_content_filtered":"","post_parent":0,"guid":"http:\/\/dev.claret.cat\/editorial\/ediciones-jaguar\/","menu_order":0,"post_type":"editorial","post_mime_type":"","comment_count":"0","filter":"raw"}],"autores-libros":[{"ID":149821,"post_author":"3","post_date":"2022-10-14 14:27:58","post_date_gmt":"2022-10-14 12:27:58","post_content":"","post_title":"ALICE HEMMING","post_excerpt":"","post_status":"publish","comment_status":"closed","ping_status":"closed","post_password":"","post_name":"alice-hemming","to_ping":"","pinged":"","post_modified":"2022-10-14 14:27:58","post_modified_gmt":"2022-10-14 12:27:58","post_content_filtered":"","post_parent":0,"guid":"http:\/\/dev.claret.cat\/autor\/alice-hemming\/","menu_order":0,"post_type":"autor","post_mime_type":"","comment_count":"0","filter":"raw"}]},"aioseo_notices":[],"_links":{"self":[{"href":"https:\/\/www.claret.cat\/es\/wp-json\/wp\/v2\/product\/411431","targetHints":{"allow":["GET"]}}],"collection":[{"href":"https:\/\/www.claret.cat\/es\/wp-json\/wp\/v2\/product"}],"about":[{"href":"https:\/\/www.claret.cat\/es\/wp-json\/wp\/v2\/types\/product"}],"wp:featuredmedia":[{"embeddable":true,"href":"https:\/\/www.claret.cat\/es\/wp-json\/wp\/v2\/media\/411432"}],"wp:attachment":[{"href":"https:\/\/www.claret.cat\/es\/wp-json\/wp\/v2\/media?parent=411431"}],"wp:term":[{"taxonomy":"product_brand","embeddable":true,"href":"https:\/\/www.claret.cat\/es\/wp-json\/wp\/v2\/product_brand?post=411431"},{"taxonomy":"product_cat","embeddable":true,"href":"https:\/\/www.claret.cat\/es\/wp-json\/wp\/v2\/product_cat?post=411431"},{"taxonomy":"product_tag","embeddable":true,"href":"https:\/\/www.claret.cat\/es\/wp-json\/wp\/v2\/product_tag?post=411431"}],"curies":[{"name":"wp","href":"https:\/\/api.w.org\/{rel}","templated":true}]}}