{"id":411456,"date":"2023-03-09T19:04:07","date_gmt":"2023-03-09T18:04:07","guid":{"rendered":"https:\/\/www.claret.cat\/llibre\/el-tresor-de-primavera-9788419028266\/"},"modified":"2025-01-16T18:07:54","modified_gmt":"2025-01-16T17:07:54","slug":"el-tresor-de-primavera-9788419028266","status":"publish","type":"product","link":"https:\/\/www.claret.cat\/es\/libro\/el-tresor-de-primavera-9788419028266\/","title":{"rendered":"EL TRESOR DE PRIMAVERA"},"content":{"rendered":"<p>BENVINGUT A LA PRIMAVERA!<br \/> Arremanga&#8221;t, endinsa&#8221;t a la natura i coneix l&#8221;estil de vida autosuficient i ecol\u00f2gic de les cases rurals amb aquest preci\u00f3s llibre ple d&#8221;activitats de la primavera.<br \/> Descobreix qu\u00e8 t\u00e9 d&#8221;especial aquesta estaci\u00f3, apr\u00e8n noves habilitats de cuina, jardineria i manualitats, i gaudeix al m\u00e0xim dels regals de la natura en aquesta \u00e8poca de l&#8221;any.<\/p>\n","protected":false},"excerpt":{"rendered":"<p>FERRARO-FANNING, ANGELA<\/p>\n","protected":false},"featured_media":411457,"template":"","meta":{"_acf_changed":false,"om_disable_all_campaigns":false,"rs_blank_template":"","rs_page_bg_color":"","slide_template_v7":"","inline_featured_image":false,"_monsterinsights_skip_tracking":false,"_monsterinsights_sitenote_active":false,"_monsterinsights_sitenote_note":"","_monsterinsights_sitenote_category":0},"product_brand":[],"product_cat":[131,361],"product_tag":[],"class_list":{"0":"post-411456","1":"product","2":"type-product","3":"status-publish","4":"has-post-thumbnail","6":"product_cat-contes-per-infants-0-6-anys","7":"product_cat-cuentos-para-ninos-0-6-anos","9":"first","10":"instock","11":"taxable","12":"shipping-taxable","13":"purchasable","14":"product-type-simple"},"acf":{"autor":"FERRARO-FANNING, ANGELA","codart":"841902826","libros-coleccion":"FORA DE COL.LECCI\u00d3","ediciones":"1","encuadernacion":"Carton\u00e9","fecha_de_publicacion":"01\/11\/2022","novedad":"1","paginas":"31","subtitulo":"UN LLIBRE PLE DE RECEPTES, MANUALITATS I CONSELLS","orden":"0","portada":"0","idioma":"cat","editorial":[{"ID":8235,"post_author":"3","post_date":"2022-09-30 09:21:22","post_date_gmt":"2022-09-30 07:21:22","post_content":"","post_title":"EDITORIAL MEDITERRANIA","post_excerpt":"","post_status":"publish","comment_status":"closed","ping_status":"closed","post_password":"","post_name":"editorial-mediterrania","to_ping":"","pinged":"","post_modified":"2022-09-30 09:21:22","post_modified_gmt":"2022-09-30 07:21:22","post_content_filtered":"","post_parent":0,"guid":"http:\/\/dev.claret.cat\/editorial\/editorial-mediterrania\/","menu_order":0,"post_type":"editorial","post_mime_type":"","comment_count":"0","filter":"raw"}],"autores-libros":[{"ID":150430,"post_author":"3","post_date":"2022-10-14 14:32:54","post_date_gmt":"2022-10-14 12:32:54","post_content":"","post_title":"ANGELA FERRARO-FANNING","post_excerpt":"","post_status":"publish","comment_status":"closed","ping_status":"closed","post_password":"","post_name":"angela-ferraro-fanning","to_ping":"","pinged":"","post_modified":"2022-10-14 14:32:54","post_modified_gmt":"2022-10-14 12:32:54","post_content_filtered":"","post_parent":0,"guid":"http:\/\/dev.claret.cat\/autor\/angela-ferraro-fanning\/","menu_order":0,"post_type":"autor","post_mime_type":"","comment_count":"0","filter":"raw"}]},"aioseo_notices":[],"_links":{"self":[{"href":"https:\/\/www.claret.cat\/es\/wp-json\/wp\/v2\/product\/411456","targetHints":{"allow":["GET"]}}],"collection":[{"href":"https:\/\/www.claret.cat\/es\/wp-json\/wp\/v2\/product"}],"about":[{"href":"https:\/\/www.claret.cat\/es\/wp-json\/wp\/v2\/types\/product"}],"wp:featuredmedia":[{"embeddable":true,"href":"https:\/\/www.claret.cat\/es\/wp-json\/wp\/v2\/media\/411457"}],"wp:attachment":[{"href":"https:\/\/www.claret.cat\/es\/wp-json\/wp\/v2\/media?parent=411456"}],"wp:term":[{"taxonomy":"product_brand","embeddable":true,"href":"https:\/\/www.claret.cat\/es\/wp-json\/wp\/v2\/product_brand?post=411456"},{"taxonomy":"product_cat","embeddable":true,"href":"https:\/\/www.claret.cat\/es\/wp-json\/wp\/v2\/product_cat?post=411456"},{"taxonomy":"product_tag","embeddable":true,"href":"https:\/\/www.claret.cat\/es\/wp-json\/wp\/v2\/product_tag?post=411456"}],"curies":[{"name":"wp","href":"https:\/\/api.w.org\/{rel}","templated":true}]}}