{"id":411473,"date":"2023-03-09T19:25:29","date_gmt":"2023-03-09T18:25:29","guid":{"rendered":"https:\/\/www.claret.cat\/llibre\/piratas-9788419161574\/"},"modified":"2025-10-10T13:05:17","modified_gmt":"2025-10-10T11:05:17","slug":"piratas-9788419161574","status":"publish","type":"product","link":"https:\/\/www.claret.cat\/es\/libro\/piratas-9788419161574\/","title":{"rendered":"PIRATAS"},"content":{"rendered":"<p>juega y divi\u00e9rtete libro de 24 p\u00e1ginas +48 tarjetas +24 cartas.<br \/>Juega con los piratas m\u00e1 divertidos a descubrir qui\u00e9n es qui\u00e9n de la tripulaci\u00f3n.<br \/>\u00bfqui\u00e9nn ser\u00e1 el pirata que ha elegido tu oponente&#8230;?<br \/>\u00bfSer\u00e1 Garfio? \u00bfEl Bigotes? \u00bfLa Pecas? \u00bfMi abuelo?<br \/>Tendr\u00e1s que emplear toda tu capacidad de deducci\u00f3n para adivinarlo, mientras te encari\u00f1as con la tripulaci\u00f3n m\u00e1s divertida de todas.<\/p>\n","protected":false},"excerpt":{"rendered":"<p>PAMELA ALTIERI<\/p>\n","protected":false},"featured_media":1019951,"template":"","meta":{"_acf_changed":false,"om_disable_all_campaigns":false,"rs_blank_template":"","rs_page_bg_color":"","slide_template_v7":"","inline_featured_image":false,"_monsterinsights_skip_tracking":false,"_monsterinsights_sitenote_active":false,"_monsterinsights_sitenote_note":"","_monsterinsights_sitenote_category":0},"product_brand":[],"product_cat":[132,135,365,136,366,362],"product_tag":[],"class_list":{"0":"post-411473","1":"product","2":"type-product","3":"status-publish","4":"has-post-thumbnail","6":"product_cat-lectures-per-preadolescents-6-12-anys","7":"product_cat-entreteniment","8":"product_cat-entretenimientos","9":"product_cat-jocs-destimulacio","10":"product_cat-juegos-de-estimulacion","11":"product_cat-libros-preadolescentes-6-12-anos","13":"first","14":"instock","15":"taxable","16":"shipping-taxable","17":"purchasable","18":"product-type-simple"},"acf":{"autor":"PAMELA ALTIERI","codart":"841916157","libros-coleccion":"FORA DE COL.LECCI\u00d3","ediciones":"1","encuadernacion":"Carton\u00e9","fecha_de_publicacion":"01\/01\/2022","novedad":"1","paginas":"1","subtitulo":"JUEGA Y DESCUBRE QUI\u00c9N ES QUI\u00c9N","orden":"0","portada":"0","idioma":"spa","editorial":[{"ID":148503,"post_author":"3","post_date":"2022-10-14 11:58:45","post_date_gmt":"2022-10-14 09:58:45","post_content":"","post_title":"MANOLITO BOOKS","post_excerpt":"","post_status":"publish","comment_status":"closed","ping_status":"closed","post_password":"","post_name":"manolito-books","to_ping":"","pinged":"","post_modified":"2022-10-14 11:58:45","post_modified_gmt":"2022-10-14 09:58:45","post_content_filtered":"","post_parent":0,"guid":"http:\/\/dev.claret.cat\/editorial\/manolito-books\/","menu_order":0,"post_type":"editorial","post_mime_type":"","comment_count":"0","filter":"raw"}],"autores-libros":[{"ID":391943,"post_author":"3","post_date":"2023-02-18 14:15:19","post_date_gmt":"2023-02-18 13:15:19","post_content":"","post_title":"PAMELA ALTIERI","post_excerpt":"","post_status":"publish","comment_status":"closed","ping_status":"closed","post_password":"","post_name":"pamela-altieri","to_ping":"","pinged":"","post_modified":"2023-02-18 14:15:19","post_modified_gmt":"2023-02-18 13:15:19","post_content_filtered":"","post_parent":0,"guid":"https:\/\/www.claret.cat\/autor\/pamela-altieri\/","menu_order":0,"post_type":"autor","post_mime_type":"","comment_count":"0","filter":"raw"}],"booktrailer":"","resenas":""},"aioseo_notices":[],"_links":{"self":[{"href":"https:\/\/www.claret.cat\/es\/wp-json\/wp\/v2\/product\/411473","targetHints":{"allow":["GET"]}}],"collection":[{"href":"https:\/\/www.claret.cat\/es\/wp-json\/wp\/v2\/product"}],"about":[{"href":"https:\/\/www.claret.cat\/es\/wp-json\/wp\/v2\/types\/product"}],"wp:featuredmedia":[{"embeddable":true,"href":"https:\/\/www.claret.cat\/es\/wp-json\/wp\/v2\/media\/1019951"}],"wp:attachment":[{"href":"https:\/\/www.claret.cat\/es\/wp-json\/wp\/v2\/media?parent=411473"}],"wp:term":[{"taxonomy":"product_brand","embeddable":true,"href":"https:\/\/www.claret.cat\/es\/wp-json\/wp\/v2\/product_brand?post=411473"},{"taxonomy":"product_cat","embeddable":true,"href":"https:\/\/www.claret.cat\/es\/wp-json\/wp\/v2\/product_cat?post=411473"},{"taxonomy":"product_tag","embeddable":true,"href":"https:\/\/www.claret.cat\/es\/wp-json\/wp\/v2\/product_tag?post=411473"}],"curies":[{"name":"wp","href":"https:\/\/api.w.org\/{rel}","templated":true}]}}