{"id":411516,"date":"2023-03-10T13:05:58","date_gmt":"2023-03-10T12:05:58","guid":{"rendered":"https:\/\/www.claret.cat\/llibre\/sobre-peter-maurin-dorothy-day-y-easy-essays-ensayos-simples-peter-maurinm-9788412632415\/"},"modified":"2023-10-11T03:53:16","modified_gmt":"2023-10-11T01:53:16","slug":"sobre-peter-maurin-dorothy-day-y-easy-essays-ensayos-simples-peter-maurinm-9788412632415","status":"publish","type":"product","link":"https:\/\/www.claret.cat\/es\/libro\/sobre-peter-maurin-dorothy-day-y-easy-essays-ensayos-simples-peter-maurinm-9788412632415\/","title":{"rendered":"SOBRE PETER MAURIN (DOROTHY DAY) Y EASY ESSAYS (ENSAYOS SIMPLES) (PETER MAURIN-M"},"content":{"rendered":"<p>El cuadro que ofrece Dorothy Day sobre Peter Maurin, su esp\u00edritu, su vida, sus afanes, puede ayudarnos a entender qu\u00e9 ha querido transmitir Peter en estos Ensayos Simples. M\u00e1s all\u00e1 del contexto en que se escribieron se perciben elementos perennes y universales\u2026 destinados a cada uno de nosotros. Aun as\u00ed, lo m\u00e1s probable es que resulte todo desconcertante si no se conoce nada de estos personajes. Por eso este libro, en sus dos partes, pretende ser solo una chispa que encienda la curiosidad y la atracci\u00f3n por su vida, por lo que Dorothy Day y Peter Maurin significan para nosotros, hijos de la Iglesia Cat\u00f3lica, y lo que significan para nuestro mundo, necesitado como nunca de testigos como estos, testigos de la verdad y el amor (\u2026) En un mundo cargado de mal, Peter nos ense\u00f1a que se puede vivir de otra manera, lejos de utop\u00edas extra\u00f1as o buenismos superficiales. Nos ense\u00f1a que se puede cambiar el mundo, que se pueden cambiar corazones. Y nos anima a una sana, sencilla y total revoluci\u00f3n. Desde el amor a Dios y al hombre, a cada hijo de Dios roto y destruido, puede y debe brotar un coraz\u00f3n capaz de todo, de despojarse de absolutamente todo por ese otro mundo nuevo\u2026. Como su vida misma lo muestra. Y, al igual que cuando uno escucha las sencillas l\u00edneas de Bohemian Rhapsody, o Redemption Song, quiere saber qui\u00e9n es el que lo canta y qu\u00e9 hay en su coraz\u00f3n\u2026 del mismo modo al leer estos sencillos escritos el lector quiera saber qui\u00e9n era Peter y qu\u00e9 hab\u00eda en su coraz\u00f3n.<\/p>\n","protected":false},"excerpt":{"rendered":"<p>DAY, DOROTHY \/ MAURIN, PETER<\/p>\n","protected":false},"featured_media":411517,"template":"","meta":{"_acf_changed":false,"om_disable_all_campaigns":false,"rs_blank_template":"","rs_page_bg_color":"","slide_template_v7":"","inline_featured_image":false,"_monsterinsights_skip_tracking":false,"_monsterinsights_sitenote_active":false,"_monsterinsights_sitenote_note":"","_monsterinsights_sitenote_category":0},"product_brand":[],"product_cat":[95,545],"product_tag":[],"class_list":{"0":"post-411516","1":"product","2":"type-product","3":"status-publish","4":"has-post-thumbnail","6":"product_cat-santoral","7":"product_cat-santoral-1_espiritualidad-spa","9":"first","10":"instock","11":"taxable","12":"shipping-taxable","13":"purchasable","14":"product-type-simple"},"acf":{"autor":"DAY, DOROTHY \/ MAURIN, PETER","codart":"841263241","libros-coleccion":"","ediciones":"1","encuadernacion":"R\u00fastica","fecha_de_publicacion":"01\/11\/2022","novedad":"1","paginas":"205","subtitulo":"","orden":"0","portada":"0","idioma":"spa","editorial":[{"ID":411567,"post_author":"3","post_date":"2023-03-10 16:45:40","post_date_gmt":"2023-03-10 15:45:40","post_content":"","post_title":"Editorial Anawim","post_excerpt":"","post_status":"publish","comment_status":"closed","ping_status":"closed","post_password":"","post_name":"editorial-anawim-45","to_ping":"","pinged":"","post_modified":"2023-03-10 16:45:40","post_modified_gmt":"2023-03-10 15:45:40","post_content_filtered":"","post_parent":0,"guid":"https:\/\/www.claret.cat\/editorial\/editorial-anawim-45\/","menu_order":0,"post_type":"editorial","post_mime_type":"","comment_count":"0","filter":"raw"}],"autores-libros":[{"ID":411598,"post_author":"3","post_date":"2023-03-10 16:49:31","post_date_gmt":"2023-03-10 15:49:31","post_content":"","post_title":"PETER MAURIN","post_excerpt":"","post_status":"publish","comment_status":"closed","ping_status":"closed","post_password":"","post_name":"peter-maurin","to_ping":"","pinged":"","post_modified":"2023-03-10 16:49:31","post_modified_gmt":"2023-03-10 15:49:31","post_content_filtered":"","post_parent":0,"guid":"https:\/\/www.claret.cat\/autor\/peter-maurin\/","menu_order":0,"post_type":"autor","post_mime_type":"","comment_count":"0","filter":"raw"},{"ID":289952,"post_author":"3","post_date":"2022-12-10 12:41:14","post_date_gmt":"2022-12-10 11:41:14","post_content":"","post_title":"DOROTHY DAY","post_excerpt":"","post_status":"publish","comment_status":"closed","ping_status":"closed","post_password":"","post_name":"dorothy-day","to_ping":"","pinged":"","post_modified":"2022-12-10 12:41:14","post_modified_gmt":"2022-12-10 11:41:14","post_content_filtered":"","post_parent":0,"guid":"http:\/\/dev.claret.cat\/autor\/dorothy-day\/","menu_order":0,"post_type":"autor","post_mime_type":"","comment_count":"0","filter":"raw"}]},"aioseo_notices":[],"_links":{"self":[{"href":"https:\/\/www.claret.cat\/es\/wp-json\/wp\/v2\/product\/411516","targetHints":{"allow":["GET"]}}],"collection":[{"href":"https:\/\/www.claret.cat\/es\/wp-json\/wp\/v2\/product"}],"about":[{"href":"https:\/\/www.claret.cat\/es\/wp-json\/wp\/v2\/types\/product"}],"wp:featuredmedia":[{"embeddable":true,"href":"https:\/\/www.claret.cat\/es\/wp-json\/wp\/v2\/media\/411517"}],"wp:attachment":[{"href":"https:\/\/www.claret.cat\/es\/wp-json\/wp\/v2\/media?parent=411516"}],"wp:term":[{"taxonomy":"product_brand","embeddable":true,"href":"https:\/\/www.claret.cat\/es\/wp-json\/wp\/v2\/product_brand?post=411516"},{"taxonomy":"product_cat","embeddable":true,"href":"https:\/\/www.claret.cat\/es\/wp-json\/wp\/v2\/product_cat?post=411516"},{"taxonomy":"product_tag","embeddable":true,"href":"https:\/\/www.claret.cat\/es\/wp-json\/wp\/v2\/product_tag?post=411516"}],"curies":[{"name":"wp","href":"https:\/\/api.w.org\/{rel}","templated":true}]}}