{"id":411703,"date":"2023-03-10T16:58:29","date_gmt":"2023-03-10T15:58:29","guid":{"rendered":"https:\/\/www.claret.cat\/llibre\/super-xaval-1-9788466154185\/"},"modified":"2024-03-23T12:20:09","modified_gmt":"2024-03-23T11:20:09","slug":"super-xaval-1-9788466154185","status":"publish","type":"product","link":"https:\/\/www.claret.cat\/es\/libro\/super-xaval-1-9788466154185\/","title":{"rendered":"S\u00daPER XAVAL 1"},"content":{"rendered":"<p>Al parc tem\u00e0tic de la ciutat, els robots s&#8221;han tornat bojos i han comen\u00e7at a fer disbarats. Sort del nostre heroi, el gran S\u00faper Xaval, que ho solucionar\u00e0 tot. O potser encara embolicar\u00e1 mes la troca&#8230;Un c\u00f2mic trepidant i ple d&#8221;humor.<\/p>\n","protected":false},"excerpt":{"rendered":"<p>RILEY, ANDY<\/p>\n","protected":false},"featured_media":411704,"template":"","meta":{"_acf_changed":false,"om_disable_all_campaigns":false,"rs_blank_template":"","rs_page_bg_color":"","slide_template_v7":"","inline_featured_image":false,"_monsterinsights_skip_tracking":false,"_monsterinsights_sitenote_active":false,"_monsterinsights_sitenote_note":"","_monsterinsights_sitenote_category":0},"product_brand":[],"product_cat":[132,362],"product_tag":[],"class_list":{"0":"post-411703","1":"product","2":"type-product","3":"status-publish","4":"has-post-thumbnail","6":"product_cat-lectures-per-preadolescents-6-12-anys","7":"product_cat-libros-preadolescentes-6-12-anos","9":"first","10":"instock","11":"taxable","12":"shipping-taxable","13":"purchasable","14":"product-type-simple"},"acf":{"autor":"RILEY, ANDY","codart":"846615418","libros-coleccion":"FORA DE COL.LECCI\u00d3","ediciones":"1","encuadernacion":"Carton\u00e9","fecha_de_publicacion":"01\/03\/2023","novedad":"1","paginas":"129","subtitulo":"","orden":"0","portada":"0","idioma":"cat","editorial":[{"ID":147679,"post_author":"3","post_date":"2022-10-14 11:52:25","post_date_gmt":"2022-10-14 09:52:25","post_content":"","post_title":"CRUILLA \/SM-EDICIONS -VALENCIANO\/CATALAN","post_excerpt":"","post_status":"publish","comment_status":"closed","ping_status":"closed","post_password":"","post_name":"cruilla-sm-edicions-valenciano-catalan","to_ping":"","pinged":"","post_modified":"2022-10-14 11:52:25","post_modified_gmt":"2022-10-14 09:52:25","post_content_filtered":"","post_parent":0,"guid":"http:\/\/dev.claret.cat\/editorial\/cruilla-sm-edicions-valenciano-catalan\/","menu_order":0,"post_type":"editorial","post_mime_type":"","comment_count":"0","filter":"raw"}],"autores-libros":[{"ID":150346,"post_author":"3","post_date":"2022-10-14 14:32:12","post_date_gmt":"2022-10-14 12:32:12","post_content":"","post_title":"ANDY RILEY","post_excerpt":"","post_status":"publish","comment_status":"closed","ping_status":"closed","post_password":"","post_name":"andy-riley","to_ping":"","pinged":"","post_modified":"2022-10-14 14:32:12","post_modified_gmt":"2022-10-14 12:32:12","post_content_filtered":"","post_parent":0,"guid":"http:\/\/dev.claret.cat\/autor\/andy-riley\/","menu_order":0,"post_type":"autor","post_mime_type":"","comment_count":"0","filter":"raw"}]},"aioseo_notices":[],"_links":{"self":[{"href":"https:\/\/www.claret.cat\/es\/wp-json\/wp\/v2\/product\/411703","targetHints":{"allow":["GET"]}}],"collection":[{"href":"https:\/\/www.claret.cat\/es\/wp-json\/wp\/v2\/product"}],"about":[{"href":"https:\/\/www.claret.cat\/es\/wp-json\/wp\/v2\/types\/product"}],"wp:featuredmedia":[{"embeddable":true,"href":"https:\/\/www.claret.cat\/es\/wp-json\/wp\/v2\/media\/411704"}],"wp:attachment":[{"href":"https:\/\/www.claret.cat\/es\/wp-json\/wp\/v2\/media?parent=411703"}],"wp:term":[{"taxonomy":"product_brand","embeddable":true,"href":"https:\/\/www.claret.cat\/es\/wp-json\/wp\/v2\/product_brand?post=411703"},{"taxonomy":"product_cat","embeddable":true,"href":"https:\/\/www.claret.cat\/es\/wp-json\/wp\/v2\/product_cat?post=411703"},{"taxonomy":"product_tag","embeddable":true,"href":"https:\/\/www.claret.cat\/es\/wp-json\/wp\/v2\/product_tag?post=411703"}],"curies":[{"name":"wp","href":"https:\/\/api.w.org\/{rel}","templated":true}]}}