{"id":411706,"date":"2023-03-10T17:00:13","date_gmt":"2023-03-10T16:00:13","guid":{"rendered":"https:\/\/www.claret.cat\/llibre\/el-corazon-nos-habla-de-dios-9788427148093\/"},"modified":"2026-04-01T02:06:36","modified_gmt":"2026-04-01T00:06:36","slug":"el-corazon-nos-habla-de-dios-9788427148093","status":"publish","type":"product","link":"https:\/\/www.claret.cat\/es\/libro\/el-corazon-nos-habla-de-dios-9788427148093\/","title":{"rendered":"EL CORAZ\u00d3N NOS HABLA DE DIOS"},"content":{"rendered":"<p><span>Esta obra recoge, por un lado, las 14 catequesis de los mi\u00e9rcoles celebradas entre agosto de 2022 y enero de 2023, que el mismo Francisco plante\u00f3 como una ayuda para discernir siguiendo la tradici\u00f3n de la espiritualidad ignaciana. Por otro lado, recoge una antolog\u00eda de intervenciones acerca del discernimiento extra\u00eddas de documentos y discursos de todo el pontificado en los que Francisco habla sobre el discernimiento en situaciones concisas, al servicio de procesos de toma de decisiones realizados por los creyentes cuando se abren a la acci\u00f3n del Esp\u00edritu. De este modo, todas estas meditaciones constituyen una gu\u00eda inspiradora para tomar decisiones reflexivas y sabias, tanto a nivel individual, comunitario como eclesial.<\/span><\/p>\n","protected":false},"excerpt":{"rendered":"<p>PAPA FRANCISCO<\/p>\n","protected":false},"featured_media":411707,"template":"","meta":{"_acf_changed":false,"om_disable_all_campaigns":false,"rs_blank_template":"","rs_page_bg_color":"","slide_template_v7":"","inline_featured_image":false,"_monsterinsights_skip_tracking":false,"_monsterinsights_sitenote_active":false,"_monsterinsights_sitenote_note":"","_monsterinsights_sitenote_category":0},"product_brand":[],"product_cat":[485,232,93,543,308],"product_tag":[],"class_list":{"0":"post-411706","1":"product","2":"type-product","3":"status-publish","4":"has-post-thumbnail","6":"product_cat-autores-espiritualidad-1_espiritualidad","7":"product_cat-autors-espiritualitat","8":"product_cat-eclesiologia","9":"product_cat-eclesiologia-es","10":"product_cat-castella","12":"first","13":"instock","14":"taxable","15":"shipping-taxable","16":"purchasable","17":"product-type-simple"},"acf":{"autor":"PAPA FRANCISCO","codart":"842714809","libros-coleccion":"Espiritualidad","ediciones":"1","encuadernacion":"R\u00fastica","fecha_de_publicacion":"10\/03\/2023","novedad":"1","paginas":"160","subtitulo":"LA IMPORTANCIA DEL DISCERNIMIENTO PARA LA VIDA ACTUAL","orden":"100","portada":"1","idioma":"spa","editorial":[{"ID":8258,"post_author":"3","post_date":"2022-09-30 09:21:32","post_date_gmt":"2022-09-30 07:21:32","post_content":"","post_title":"MENSAJERO","post_excerpt":"","post_status":"publish","comment_status":"closed","ping_status":"closed","post_password":"","post_name":"mensajero","to_ping":"","pinged":"","post_modified":"2022-09-30 09:21:32","post_modified_gmt":"2022-09-30 07:21:32","post_content_filtered":"","post_parent":0,"guid":"http:\/\/dev.claret.cat\/editorial\/mensajero\/","menu_order":0,"post_type":"editorial","post_mime_type":"","comment_count":"0","filter":"raw"}],"autores-libros":[{"ID":5919,"post_author":"3","post_date":"2022-07-28 17:34:18","post_date_gmt":"2022-07-28 15:34:18","post_content":"","post_title":"PAPA FRANCISCO","post_excerpt":"","post_status":"publish","comment_status":"closed","ping_status":"closed","post_password":"","post_name":"papa-francisco","to_ping":"","pinged":"","post_modified":"2022-07-28 17:34:18","post_modified_gmt":"2022-07-28 15:34:18","post_content_filtered":"","post_parent":0,"guid":"http:\/\/dev.claret.cat\/autor\/papa-francisco\/","menu_order":0,"post_type":"autor","post_mime_type":"","comment_count":"0","filter":"raw"}],"traductores-libros":"","ilustradores-libros":"","formato":"","linkebook":"","precioebook":"0","ebookportada":false,"ficha":"","muestra":"","presentacion":"","booktrailer":"","resenas":"","recomendamos":"","mas_vendido":""},"aioseo_notices":[],"_links":{"self":[{"href":"https:\/\/www.claret.cat\/es\/wp-json\/wp\/v2\/product\/411706","targetHints":{"allow":["GET"]}}],"collection":[{"href":"https:\/\/www.claret.cat\/es\/wp-json\/wp\/v2\/product"}],"about":[{"href":"https:\/\/www.claret.cat\/es\/wp-json\/wp\/v2\/types\/product"}],"wp:featuredmedia":[{"embeddable":true,"href":"https:\/\/www.claret.cat\/es\/wp-json\/wp\/v2\/media\/411707"}],"wp:attachment":[{"href":"https:\/\/www.claret.cat\/es\/wp-json\/wp\/v2\/media?parent=411706"}],"wp:term":[{"taxonomy":"product_brand","embeddable":true,"href":"https:\/\/www.claret.cat\/es\/wp-json\/wp\/v2\/product_brand?post=411706"},{"taxonomy":"product_cat","embeddable":true,"href":"https:\/\/www.claret.cat\/es\/wp-json\/wp\/v2\/product_cat?post=411706"},{"taxonomy":"product_tag","embeddable":true,"href":"https:\/\/www.claret.cat\/es\/wp-json\/wp\/v2\/product_tag?post=411706"}],"curies":[{"name":"wp","href":"https:\/\/api.w.org\/{rel}","templated":true}]}}