{"id":412034,"date":"2023-03-13T19:30:02","date_gmt":"2023-03-13T18:30:02","guid":{"rendered":"https:\/\/www.claret.cat\/llibre\/fortuna-9788433901927\/"},"modified":"2024-11-29T11:26:03","modified_gmt":"2024-11-29T10:26:03","slug":"fortuna-9788433901927","status":"publish","type":"product","link":"https:\/\/www.claret.cat\/es\/libro\/fortuna-9788433901927\/","title":{"rendered":"FORTUNA"},"content":{"rendered":"<p>Un deslumbrante puzle literario: la misteriosa historia de un magnate de los a\u00f1os veinte en varias versiones que se complementan o contradicen. En los triunfales a\u00f1os veinte, Benjamin Rask y su esposa Helen dominan Nueva York: \u00e9l, un magnate financiero que ha amasado una fortuna; ella, la hija de unos exc\u00e9ntricos arist\u00f3cratas. Pero a medida que la d\u00e9cada se acerca a su fin, y sus excesos revelan un lado oscuro, a los Rask empiezan a rodearlos las sospechas\u2026Ese es el punto de partida de Obligaciones, una exitosa novela de 1937 que todo Nueva York parece haber le\u00eddo y que cuenta una historia que puede, sin embargo, contarse de algunas otras formas. Hern\u00e1n D\u00edaz compone en Fortuna un magistral puzle literario: una suma de voces, de versiones confrontadas que se complementan, se matizan y se contradicen, y, al hacerlo, ponen al lector ante las fronteras y los l\u00edmites entre la realidad y la ficci\u00f3n, entre la verdad \u2013acaso imposible de encontrar\u2013 y su versi\u00f3n manipulada.Fortuna explora los entresijos del capitalismo americano, el poder del dinero, las pasiones y las traiciones que mueven las relaciones personales y la ambici\u00f3n que todo lo malea.He aqu\u00ed una novela que, mientras recorre el siglo XX, atrapa al lector en la primera p\u00e1gina y no lo suelta hasta la \u00faltima, manteni\u00e9ndolo en permanente tensi\u00f3n gracias al fascinante juego literario que propone, repleto de sorpresas y giros inesperados.<\/p>\n","protected":false},"excerpt":{"rendered":"<p>D\u00cdAZ, HERN\u00c1N<\/p>\n","protected":false},"featured_media":412035,"template":"","meta":{"_acf_changed":false,"om_disable_all_campaigns":false,"rs_blank_template":"","rs_page_bg_color":"","slide_template_v7":"","inline_featured_image":false,"_monsterinsights_skip_tracking":false,"_monsterinsights_sitenote_active":false,"_monsterinsights_sitenote_note":"","_monsterinsights_sitenote_category":0},"product_brand":[],"product_cat":[89,308,127,357],"product_tag":[],"class_list":{"0":"post-412034","1":"product","2":"type-product","3":"status-publish","4":"has-post-thumbnail","6":"product_cat-els-mes-venuts","7":"product_cat-castella","8":"product_cat-novella-contemporania","9":"product_cat-novela-contemporanea","11":"first","12":"instock","13":"taxable","14":"shipping-taxable","15":"purchasable","16":"product-type-simple"},"acf":{"autor":"D\u00cdAZ, HERN\u00c1N","codart":"843390192","libros-coleccion":"Panorama de narrativas","ediciones":"1","encuadernacion":"R\u00fastica","fecha_de_publicacion":"01\/03\/2023","novedad":"1","paginas":"440","subtitulo":"","orden":"18","portada":"0","idioma":"spa","editorial":[{"ID":6219,"post_author":"3","post_date":"2022-07-28 17:47:26","post_date_gmt":"2022-07-28 15:47:26","post_content":"","post_title":"Editorial Anagrama S.A.","post_excerpt":"","post_status":"publish","comment_status":"closed","ping_status":"closed","post_password":"","post_name":"editorial-anagrama-s-a","to_ping":"","pinged":"","post_modified":"2022-07-28 17:47:26","post_modified_gmt":"2022-07-28 15:47:26","post_content_filtered":"","post_parent":0,"guid":"http:\/\/dev.claret.cat\/editorial\/editorial-anagrama-s-a\/","menu_order":0,"post_type":"editorial","post_mime_type":"","comment_count":"0","filter":"raw"}],"autores-libros":[{"ID":157555,"post_author":"3","post_date":"2022-10-14 15:29:45","post_date_gmt":"2022-10-14 13:29:45","post_content":"","post_title":"HERNAN DIAZ","post_excerpt":"","post_status":"publish","comment_status":"closed","ping_status":"closed","post_password":"","post_name":"hernan-diaz","to_ping":"","pinged":"","post_modified":"2022-10-14 15:29:45","post_modified_gmt":"2022-10-14 13:29:45","post_content_filtered":"","post_parent":0,"guid":"http:\/\/dev.claret.cat\/autor\/hernan-diaz\/","menu_order":0,"post_type":"autor","post_mime_type":"","comment_count":"0","filter":"raw"}],"traductores-libros":"","ilustradores-libros":"","formato":"","linkebook":"","precioebook":"0","ebookportada":false,"ficha":"","muestra":"","presentacion":"","booktrailer":"","resenas":"","recomendamos":"","mas_vendido":""},"aioseo_notices":[],"_links":{"self":[{"href":"https:\/\/www.claret.cat\/es\/wp-json\/wp\/v2\/product\/412034","targetHints":{"allow":["GET"]}}],"collection":[{"href":"https:\/\/www.claret.cat\/es\/wp-json\/wp\/v2\/product"}],"about":[{"href":"https:\/\/www.claret.cat\/es\/wp-json\/wp\/v2\/types\/product"}],"wp:featuredmedia":[{"embeddable":true,"href":"https:\/\/www.claret.cat\/es\/wp-json\/wp\/v2\/media\/412035"}],"wp:attachment":[{"href":"https:\/\/www.claret.cat\/es\/wp-json\/wp\/v2\/media?parent=412034"}],"wp:term":[{"taxonomy":"product_brand","embeddable":true,"href":"https:\/\/www.claret.cat\/es\/wp-json\/wp\/v2\/product_brand?post=412034"},{"taxonomy":"product_cat","embeddable":true,"href":"https:\/\/www.claret.cat\/es\/wp-json\/wp\/v2\/product_cat?post=412034"},{"taxonomy":"product_tag","embeddable":true,"href":"https:\/\/www.claret.cat\/es\/wp-json\/wp\/v2\/product_tag?post=412034"}],"curies":[{"name":"wp","href":"https:\/\/api.w.org\/{rel}","templated":true}]}}