{"id":412037,"date":"2023-03-13T19:30:14","date_gmt":"2023-03-13T18:30:14","guid":{"rendered":"https:\/\/www.claret.cat\/llibre\/si-una-noche-de-invierno-un-viajero-9788419553737\/"},"modified":"2023-10-11T03:49:23","modified_gmt":"2023-10-11T01:49:23","slug":"si-una-noche-de-invierno-un-viajero-9788419553737","status":"publish","type":"product","link":"https:\/\/www.claret.cat\/es\/libro\/si-una-noche-de-invierno-un-viajero-9788419553737\/","title":{"rendered":"SI UNA NOCHE DE INVIERNO UN VIAJERO"},"content":{"rendered":"<p>\u00abLa empresa de tratar de escribir novelas ap\u00f3crifas, que me imagino escritas por un autor que no soy yo y que no existe, la llev\u00e9 a sus \u00faltimas consecuencias en este libro. Es una novela sobre el placer de leer novelas; el protagonista es el lector, que empieza diez veces a leer un libro que por vicisitudes ajenas a su voluntad no consigue acabar. Tuve que escribir, pues, el inicio de diez novelas de autores imaginarios, todos en cierto modo distintos de m\u00ed y distintos entre s\u00ed: una novela toda sospechas y sensaciones confusas; una toda sensaciones corp\u00f3reas y sangu\u00edneas; una introspectiva y simb\u00f3lica; una revolucionaria existencial; una c\u00ednico-brutal; una de man\u00edas obsesivas; una l\u00f3gica y geom\u00e9trica; una er\u00f3tico-perversa; una tel\u00farico-primordial; una apocal\u00edptica aleg\u00f3rica. M\u00e1s que identificarme con el autor de cada una de las diez novelas, trat\u00e9 de identificarme con el lector&#8230;\u00bb.<br \/>Italo Calvino<\/p>\n<p>As\u00ed, en la primera p\u00e1gina de esta novela, un viajero se encuentra en la peque\u00f1a estaci\u00f3n de tren de una ciudad de provincias, en un pa\u00eds sin precisar durante una noche invernal. Lleva en la mano una maleta de contenido misterioso que debe entregar a una persona a la que nunca ha visto. Desde este momento, Calvino captura la atenci\u00f3n del lector sumergi\u00e9ndolo en una aventura que se bifurca en diez itinerarios por completo diferentes.<\/p>\n","protected":false},"excerpt":{"rendered":"<p>CALVINO, ITALO<\/p>\n","protected":false},"featured_media":412038,"template":"","meta":{"_acf_changed":false,"om_disable_all_campaigns":false,"rs_blank_template":"","rs_page_bg_color":"","slide_template_v7":"","inline_featured_image":false,"_monsterinsights_skip_tracking":false,"_monsterinsights_sitenote_active":false,"_monsterinsights_sitenote_note":"","_monsterinsights_sitenote_category":0},"product_brand":[],"product_cat":[127,357],"product_tag":[],"class_list":{"0":"post-412037","1":"product","2":"type-product","3":"status-publish","4":"has-post-thumbnail","6":"product_cat-novella-contemporania","7":"product_cat-novela-contemporanea","9":"first","10":"instock","11":"taxable","12":"shipping-taxable","13":"purchasable","14":"product-type-simple"},"acf":{"autor":"CALVINO, ITALO","codart":"841955373","libros-coleccion":"FORA DE COL.LECCI\u00d3","ediciones":"1","encuadernacion":"R\u00fastica","fecha_de_publicacion":"01\/03\/2023","novedad":"1","paginas":"272","subtitulo":"","orden":"0","portada":"0","idioma":"spa","editorial":[{"ID":6365,"post_author":"3","post_date":"2022-07-28 17:50:37","post_date_gmt":"2022-07-28 15:50:37","post_content":"","post_title":"Siruela","post_excerpt":"","post_status":"publish","comment_status":"closed","ping_status":"closed","post_password":"","post_name":"siruela","to_ping":"","pinged":"","post_modified":"2022-07-28 17:50:37","post_modified_gmt":"2022-07-28 15:50:37","post_content_filtered":"","post_parent":0,"guid":"http:\/\/dev.claret.cat\/editorial\/siruela\/","menu_order":0,"post_type":"editorial","post_mime_type":"","comment_count":"0","filter":"raw"}],"autores-libros":[{"ID":158147,"post_author":"3","post_date":"2022-10-14 15:34:32","post_date_gmt":"2022-10-14 13:34:32","post_content":"","post_title":"ITALO CALVINO","post_excerpt":"","post_status":"publish","comment_status":"closed","ping_status":"closed","post_password":"","post_name":"italo-calvino","to_ping":"","pinged":"","post_modified":"2022-10-14 15:34:32","post_modified_gmt":"2022-10-14 13:34:32","post_content_filtered":"","post_parent":0,"guid":"http:\/\/dev.claret.cat\/autor\/italo-calvino\/","menu_order":0,"post_type":"autor","post_mime_type":"","comment_count":"0","filter":"raw"}]},"aioseo_notices":[],"_links":{"self":[{"href":"https:\/\/www.claret.cat\/es\/wp-json\/wp\/v2\/product\/412037","targetHints":{"allow":["GET"]}}],"collection":[{"href":"https:\/\/www.claret.cat\/es\/wp-json\/wp\/v2\/product"}],"about":[{"href":"https:\/\/www.claret.cat\/es\/wp-json\/wp\/v2\/types\/product"}],"wp:featuredmedia":[{"embeddable":true,"href":"https:\/\/www.claret.cat\/es\/wp-json\/wp\/v2\/media\/412038"}],"wp:attachment":[{"href":"https:\/\/www.claret.cat\/es\/wp-json\/wp\/v2\/media?parent=412037"}],"wp:term":[{"taxonomy":"product_brand","embeddable":true,"href":"https:\/\/www.claret.cat\/es\/wp-json\/wp\/v2\/product_brand?post=412037"},{"taxonomy":"product_cat","embeddable":true,"href":"https:\/\/www.claret.cat\/es\/wp-json\/wp\/v2\/product_cat?post=412037"},{"taxonomy":"product_tag","embeddable":true,"href":"https:\/\/www.claret.cat\/es\/wp-json\/wp\/v2\/product_tag?post=412037"}],"curies":[{"name":"wp","href":"https:\/\/api.w.org\/{rel}","templated":true}]}}